{"id":8906,"date":"2022-02-22T12:39:31","date_gmt":"2022-02-22T12:39:31","guid":{"rendered":"https:\/\/catholic-su.rs\/intezetek\/media\/"},"modified":"2024-12-05T10:35:41","modified_gmt":"2024-12-05T09:35:41","slug":"media","status":"publish","type":"page","link":"https:\/\/catholic-su.rs\/hu\/media\/","title":{"rendered":"M\u00e9dia"},"content":{"rendered":"\t\t<div data-elementor-type=\"wp-page\" data-elementor-id=\"8906\" class=\"elementor elementor-8906 elementor-4421\" data-elementor-post-type=\"page\">\n\t\t\t\t\t\t<section class=\"elementor-section elementor-top-section elementor-element elementor-element-bc17409 elementor-section-height-min-height elementor-section-content-middle elementor-section-boxed elementor-section-height-default elementor-section-items-middle\" data-id=\"bc17409\" data-element_type=\"section\" data-e-type=\"section\" data-settings=\"{&quot;background_background&quot;:&quot;classic&quot;}\">\n\t\t\t\t\t\t<div class=\"elementor-container elementor-column-gap-default\">\n\t\t\t\t\t<div class=\"elementor-column elementor-col-50 elementor-top-column elementor-element elementor-element-031d080\" data-id=\"031d080\" data-element_type=\"column\" data-e-type=\"column\">\n\t\t\t<div class=\"elementor-widget-wrap elementor-element-populated\">\n\t\t\t\t\t\t<div class=\"elementor-element elementor-element-b5fef81 elementor-widget elementor-widget-image\" data-id=\"b5fef81\" data-element_type=\"widget\" data-e-type=\"widget\" data-widget_type=\"image.default\">\n\t\t\t\t<div class=\"elementor-widget-container\">\n\t\t\t\t\t\t\t\t\t\t\t\t\t\t\t\t<a href=\"https:\/\/catholic-su.rs\/hu\/\">\n\t\t\t\t\t\t\t<img decoding=\"async\" width=\"224\" height=\"101\" src=\"https:\/\/catholic-su.rs\/wp-content\/uploads\/2022\/10\/logoi-hu-1-1.png\" class=\"attachment-full size-full wp-image-22169\" alt=\"\" \/>\t\t\t\t\t\t\t\t<\/a>\n\t\t\t\t\t\t\t\t\t\t\t\t\t\t\t<\/div>\n\t\t\t\t<\/div>\n\t\t\t\t\t<\/div>\n\t\t<\/div>\n\t\t\t\t<div class=\"elementor-column elementor-col-50 elementor-top-column elementor-element elementor-element-961ef04\" data-id=\"961ef04\" data-element_type=\"column\" data-e-type=\"column\">\n\t\t\t<div class=\"elementor-widget-wrap\">\n\t\t\t\t\t\t\t<\/div>\n\t\t<\/div>\n\t\t\t\t\t<\/div>\n\t\t<\/section>\n\t\t\t\t<section class=\"elementor-section elementor-top-section elementor-element elementor-element-65b52cf elementor-section-boxed elementor-section-height-default elementor-section-height-default\" data-id=\"65b52cf\" data-element_type=\"section\" data-e-type=\"section\">\n\t\t\t\t\t\t<div class=\"elementor-container elementor-column-gap-default\">\n\t\t\t\t\t<div class=\"elementor-column elementor-col-100 elementor-top-column elementor-element elementor-element-f2bdfa4\" data-id=\"f2bdfa4\" data-element_type=\"column\" data-e-type=\"column\" data-settings=\"{&quot;background_background&quot;:&quot;classic&quot;}\">\n\t\t\t<div class=\"elementor-widget-wrap elementor-element-populated\">\n\t\t\t\t\t\t<div class=\"elementor-element elementor-element-8ddc3bd elementor-widget elementor-widget-heading\" data-id=\"8ddc3bd\" data-element_type=\"widget\" data-e-type=\"widget\" data-widget_type=\"heading.default\">\n\t\t\t\t<div class=\"elementor-widget-container\">\n\t\t\t\t\t<h2 class=\"elementor-heading-title elementor-size-default\">M\u00e9dia<\/h2>\t\t\t\t<\/div>\n\t\t\t\t<\/div>\n\t\t\t\t\t<\/div>\n\t\t<\/div>\n\t\t\t\t\t<\/div>\n\t\t<\/section>\n\t\t\t\t<section class=\"elementor-section elementor-top-section elementor-element elementor-element-f465d46 elementor-reverse-mobile elementor-section-boxed elementor-section-height-default elementor-section-height-default\" data-id=\"f465d46\" data-element_type=\"section\" data-e-type=\"section\">\n\t\t\t\t\t\t<div class=\"elementor-container elementor-column-gap-default\">\n\t\t\t\t\t<div class=\"elementor-column elementor-col-50 elementor-top-column elementor-element elementor-element-1ff4aec\" data-id=\"1ff4aec\" data-element_type=\"column\" data-e-type=\"column\">\n\t\t\t<div class=\"elementor-widget-wrap elementor-element-populated\">\n\t\t\t\t\t\t<div class=\"elementor-element elementor-element-805804c elementor-widget elementor-widget-heading\" data-id=\"805804c\" data-element_type=\"widget\" data-e-type=\"widget\" data-widget_type=\"heading.default\">\n\t\t\t\t<div class=\"elementor-widget-container\">\n\t\t\t\t\t<h4 class=\"elementor-heading-title elementor-size-default\">Agape - K\u00f6nyvkiad\u00f3 <\/h4>\t\t\t\t<\/div>\n\t\t\t\t<\/div>\n\t\t\t\t<div class=\"elementor-element elementor-element-e678bc3 elementor-widget elementor-widget-image\" data-id=\"e678bc3\" data-element_type=\"widget\" data-e-type=\"widget\" data-widget_type=\"image.default\">\n\t\t\t\t<div class=\"elementor-widget-container\">\n\t\t\t\t\t\t\t\t\t\t\t\t\t\t\t<img fetchpriority=\"high\" decoding=\"async\" width=\"800\" height=\"800\" src=\"https:\/\/catholic-su.rs\/wp-content\/uploads\/2022\/10\/agape.png\" class=\"attachment-full size-full wp-image-24610\" alt=\"\" srcset=\"https:\/\/catholic-su.rs\/wp-content\/uploads\/2022\/10\/agape.png 800w, https:\/\/catholic-su.rs\/wp-content\/uploads\/2022\/10\/agape-300x300.png 300w, https:\/\/catholic-su.rs\/wp-content\/uploads\/2022\/10\/agape-150x150.png 150w, https:\/\/catholic-su.rs\/wp-content\/uploads\/2022\/10\/agape-768x768.png 768w\" sizes=\"(max-width: 800px) 100vw, 800px\" \/>\t\t\t\t\t\t\t\t\t\t\t\t\t\t\t<\/div>\n\t\t\t\t<\/div>\n\t\t\t\t<div class=\"elementor-element elementor-element-759a9c1 elementor-widget elementor-widget-text-editor\" data-id=\"759a9c1\" data-element_type=\"widget\" data-e-type=\"widget\" data-widget_type=\"text-editor.default\">\n\t\t\t\t<div class=\"elementor-widget-container\">\n\t\t\t\t\t\t\t\t\t<p><strong><b>C\u00edm:<\/b><\/strong><br \/>Cara Du\u0161ana 4.<br \/>21000 \u00dajvid\u00e9k (Novi Sad)<\/p><p><strong>Email:<\/strong><br \/><a href=\"mailto:agape@eunet.rs\">agape@eunet.rs<\/a><\/p><p><strong>Web:<\/strong><br \/><a href=\"http:\/\/www.agape.hu\/\" target=\"_blank\" rel=\"noopener\">www.agape.hu<\/a><\/p><p><strong>Facebook:<\/strong><br \/><a href=\"http:\/\/www.facebook.com\/agape.konyvkiado\" target=\"_blank\" rel=\"noopener\">http:\/\/www.facebook.com\/agape.konyvkiado<\/a><\/p>\t\t\t\t\t\t\t\t<\/div>\n\t\t\t\t<\/div>\n\t\t\t\t<div class=\"elementor-element elementor-element-8824fdc elementor-widget-divider--view-line elementor-widget elementor-widget-divider\" data-id=\"8824fdc\" data-element_type=\"widget\" data-e-type=\"widget\" data-widget_type=\"divider.default\">\n\t\t\t\t<div class=\"elementor-widget-container\">\n\t\t\t\t\t\t\t<div class=\"elementor-divider\">\n\t\t\t<span class=\"elementor-divider-separator\">\n\t\t\t\t\t\t<\/span>\n\t\t<\/div>\n\t\t\t\t\t\t<\/div>\n\t\t\t\t<\/div>\n\t\t\t\t<div class=\"elementor-element elementor-element-fcfb64e elementor-widget elementor-widget-text-editor\" data-id=\"fcfb64e\" data-element_type=\"widget\" data-e-type=\"widget\" data-widget_type=\"text-editor.default\">\n\t\t\t\t<div class=\"elementor-widget-container\">\n\t\t\t\t\t\t\t\t\t<p><strong>Igazgat\u00f3:<\/strong><br \/>mag. Gergely Barnab\u00e1s<br \/><a href=\"mailto:barnabas.gergely@gmail.com\">barnabas.gergely@gmail.com<\/a><\/p>\t\t\t\t\t\t\t\t<\/div>\n\t\t\t\t<\/div>\n\t\t\t\t\t<\/div>\n\t\t<\/div>\n\t\t\t\t<div class=\"elementor-column elementor-col-50 elementor-top-column elementor-element elementor-element-3f2bf2a\" data-id=\"3f2bf2a\" data-element_type=\"column\" data-e-type=\"column\">\n\t\t\t<div class=\"elementor-widget-wrap elementor-element-populated\">\n\t\t\t\t\t\t<div class=\"elementor-element elementor-element-a1a350b elementor-widget elementor-widget-heading\" data-id=\"a1a350b\" data-element_type=\"widget\" data-e-type=\"widget\" data-widget_type=\"heading.default\">\n\t\t\t\t<div class=\"elementor-widget-container\">\n\t\t\t\t\t<h4 class=\"elementor-heading-title elementor-size-default\">H\u00edrviv\u0151 - Katolikus Hetilap<\/h4>\t\t\t\t<\/div>\n\t\t\t\t<\/div>\n\t\t\t\t<div class=\"elementor-element elementor-element-17dac5f elementor-widget elementor-widget-image\" data-id=\"17dac5f\" data-element_type=\"widget\" data-e-type=\"widget\" data-widget_type=\"image.default\">\n\t\t\t\t<div class=\"elementor-widget-container\">\n\t\t\t\t\t\t\t\t\t\t\t\t\t\t\t<img decoding=\"async\" width=\"800\" height=\"267\" src=\"https:\/\/catholic-su.rs\/wp-content\/uploads\/2022\/10\/hirvivo.png\" class=\"attachment-full size-full wp-image-24618\" alt=\"\" srcset=\"https:\/\/catholic-su.rs\/wp-content\/uploads\/2022\/10\/hirvivo.png 800w, https:\/\/catholic-su.rs\/wp-content\/uploads\/2022\/10\/hirvivo-300x100.png 300w, https:\/\/catholic-su.rs\/wp-content\/uploads\/2022\/10\/hirvivo-768x256.png 768w\" sizes=\"(max-width: 800px) 100vw, 800px\" \/>\t\t\t\t\t\t\t\t\t\t\t\t\t\t\t<\/div>\n\t\t\t\t<\/div>\n\t\t\t\t<div class=\"elementor-element elementor-element-16ca02b elementor-widget elementor-widget-text-editor\" data-id=\"16ca02b\" data-element_type=\"widget\" data-e-type=\"widget\" data-widget_type=\"text-editor.default\">\n\t\t\t\t<div class=\"elementor-widget-container\">\n\t\t\t\t\t\t\t\t\t<p><strong><b>C\u00edm:<br \/><\/b><\/strong>Kossuth u. 4.<br \/>24427 T\u00f3thfalu (Totovo selo)<\/p><p><strong>Telefon:<\/strong><br \/><a href=\"tel:+381695003747\">+381 (0)69 500 37 47<\/a><\/p><p><strong>Email:<\/strong><br \/><a href=\"mailto:hirvivo.ujsag@gmail.com\">hirvivo.ujsag@gmail.com<\/a><\/p>\t\t\t\t\t\t\t\t<\/div>\n\t\t\t\t<\/div>\n\t\t\t\t<div class=\"elementor-element elementor-element-e622583 elementor-widget-divider--view-line elementor-widget elementor-widget-divider\" data-id=\"e622583\" data-element_type=\"widget\" data-e-type=\"widget\" data-widget_type=\"divider.default\">\n\t\t\t\t<div class=\"elementor-widget-container\">\n\t\t\t\t\t\t\t<div class=\"elementor-divider\">\n\t\t\t<span class=\"elementor-divider-separator\">\n\t\t\t\t\t\t<\/span>\n\t\t<\/div>\n\t\t\t\t\t\t<\/div>\n\t\t\t\t<\/div>\n\t\t\t\t<div class=\"elementor-element elementor-element-c35b0a6 elementor-widget elementor-widget-text-editor\" data-id=\"c35b0a6\" data-element_type=\"widget\" data-e-type=\"widget\" data-widget_type=\"text-editor.default\">\n\t\t\t\t<div class=\"elementor-widget-container\">\n\t\t\t\t\t\t\t\t\t<p><b>Felel\u0151s szerkeszt\u0151:<br \/><\/b><a href=\"https:\/\/catholic-su.rs\/hu\/papok\/utasi-jeno\/\"><span style=\"font-style: inherit; font-weight: inherit;\">Ft. Utasi Jen\u0151<\/span><\/a><br \/><a href=\"mailto:utasij@gmail.com\">utasij@gmail.com<\/a><\/p><p><strong>F\u0151szerkeszt\u0151:<br \/><\/strong><a href=\"https:\/\/catholic-su.rs\/hu\/papok\/dobo-tibor\/\">Ft. Dob\u00f3 Tibor<\/a><br \/><a href=\"mailto:tibordobo1959@gmail.com\">tibordobo1959@gmail.com<\/a><\/p>\t\t\t\t\t\t\t\t<\/div>\n\t\t\t\t<\/div>\n\t\t\t\t\t<\/div>\n\t\t<\/div>\n\t\t\t\t\t<\/div>\n\t\t<\/section>\n\t\t\t\t<section class=\"elementor-section elementor-top-section elementor-element elementor-element-73e2fe9 elementor-reverse-mobile elementor-section-boxed elementor-section-height-default elementor-section-height-default\" data-id=\"73e2fe9\" data-element_type=\"section\" data-e-type=\"section\">\n\t\t\t\t\t\t<div class=\"elementor-container elementor-column-gap-default\">\n\t\t\t\t\t<div class=\"elementor-column elementor-col-50 elementor-top-column elementor-element elementor-element-8202ff2\" data-id=\"8202ff2\" data-element_type=\"column\" data-e-type=\"column\">\n\t\t\t<div class=\"elementor-widget-wrap elementor-element-populated\">\n\t\t\t\t\t\t<div class=\"elementor-element elementor-element-0e1a77f elementor-widget elementor-widget-heading\" data-id=\"0e1a77f\" data-element_type=\"widget\" data-e-type=\"widget\" data-widget_type=\"heading.default\">\n\t\t\t\t<div class=\"elementor-widget-container\">\n\t\t\t\t\t<h4 class=\"elementor-heading-title elementor-size-default\">Hit\u00e9let - Katolikus foly\u00f3irat<br><\/h4>\t\t\t\t<\/div>\n\t\t\t\t<\/div>\n\t\t\t\t<div class=\"elementor-element elementor-element-5940aa9 elementor-widget elementor-widget-image\" data-id=\"5940aa9\" data-element_type=\"widget\" data-e-type=\"widget\" data-widget_type=\"image.default\">\n\t\t\t\t<div class=\"elementor-widget-container\">\n\t\t\t\t\t\t\t\t\t\t\t\t\t\t\t<img loading=\"lazy\" decoding=\"async\" width=\"800\" height=\"263\" src=\"https:\/\/catholic-su.rs\/wp-content\/uploads\/2022\/10\/hitelet.png\" class=\"attachment-full size-full wp-image-24616\" alt=\"\" srcset=\"https:\/\/catholic-su.rs\/wp-content\/uploads\/2022\/10\/hitelet.png 800w, https:\/\/catholic-su.rs\/wp-content\/uploads\/2022\/10\/hitelet-300x99.png 300w, https:\/\/catholic-su.rs\/wp-content\/uploads\/2022\/10\/hitelet-768x252.png 768w\" sizes=\"(max-width: 800px) 100vw, 800px\" \/>\t\t\t\t\t\t\t\t\t\t\t\t\t\t\t<\/div>\n\t\t\t\t<\/div>\n\t\t\t\t<div class=\"elementor-element elementor-element-7e025c0 elementor-widget elementor-widget-text-editor\" data-id=\"7e025c0\" data-element_type=\"widget\" data-e-type=\"widget\" data-widget_type=\"text-editor.default\">\n\t\t\t\t<div class=\"elementor-widget-container\">\n\t\t\t\t\t\t\t\t\t<p><strong><b>C\u00edm:<\/b><\/strong><br \/>Cara Du\u0161ana 4.<br \/>21000 \u00dajvid\u00e9k (Novi Sad)<\/p><p><strong>Email:<\/strong><br \/><a href=\"mailto:agape@eunet.rs\">agape@eunet.rs<\/a><\/p><p><strong>Telefon:<\/strong><br \/><a href=\"tel:+38121469474\">+381 (0)21 469 474<\/a><\/p><p><strong>Web:<\/strong><br \/><a href=\"http:\/\/www.agape.hu\/hitelet.php\" target=\"_blank\" rel=\"noopener\">http:\/\/www.agape.hu\/hitelet.php<\/a><\/p>\t\t\t\t\t\t\t\t<\/div>\n\t\t\t\t<\/div>\n\t\t\t\t<div class=\"elementor-element elementor-element-a9ec154 elementor-widget-divider--view-line elementor-widget elementor-widget-divider\" data-id=\"a9ec154\" data-element_type=\"widget\" data-e-type=\"widget\" data-widget_type=\"divider.default\">\n\t\t\t\t<div class=\"elementor-widget-container\">\n\t\t\t\t\t\t\t<div class=\"elementor-divider\">\n\t\t\t<span class=\"elementor-divider-separator\">\n\t\t\t\t\t\t<\/span>\n\t\t<\/div>\n\t\t\t\t\t\t<\/div>\n\t\t\t\t<\/div>\n\t\t\t\t<div class=\"elementor-element elementor-element-c052de2 elementor-widget elementor-widget-text-editor\" data-id=\"c052de2\" data-element_type=\"widget\" data-e-type=\"widget\" data-widget_type=\"text-editor.default\">\n\t\t\t\t<div class=\"elementor-widget-container\">\n\t\t\t\t\t\t\t\t\t<p><strong>Felel\u0151s szerkeszt\u0151:<\/strong><br \/>Dr. Harmath K\u00e1roly OFM<br \/><a href=\"mailto:harmathofm@gmail.com\">harmathofm@gmail.com<\/a><\/p><p><strong>F\u0151szerkeszt\u0151:<\/strong><br \/>Nagy Gy\u00f6rgy Anik\u00f3<br \/><a href=\"mailto:hitelet.agape@gmail.com\">hitelet.agape@gmail.com<\/a><\/p>\t\t\t\t\t\t\t\t<\/div>\n\t\t\t\t<\/div>\n\t\t\t\t\t<\/div>\n\t\t<\/div>\n\t\t\t\t<div class=\"elementor-column elementor-col-50 elementor-top-column elementor-element elementor-element-c69dbf8\" data-id=\"c69dbf8\" data-element_type=\"column\" data-e-type=\"column\">\n\t\t\t<div class=\"elementor-widget-wrap elementor-element-populated\">\n\t\t\t\t\t\t<div class=\"elementor-element elementor-element-d59237d elementor-widget elementor-widget-heading\" data-id=\"d59237d\" data-element_type=\"widget\" data-e-type=\"widget\" data-widget_type=\"heading.default\">\n\t\t\t\t<div class=\"elementor-widget-container\">\n\t\t\t\t\t<h4 class=\"elementor-heading-title elementor-size-default\">M\u00e1ria R\u00e1di\u00f3 -  M\u00e1ria R\u00e1di\u00f3nk\u00e9rt Egyes\u00fclet         <\/h4>\t\t\t\t<\/div>\n\t\t\t\t<\/div>\n\t\t\t\t<div class=\"elementor-element elementor-element-4412b8a elementor-widget elementor-widget-image\" data-id=\"4412b8a\" data-element_type=\"widget\" data-e-type=\"widget\" data-widget_type=\"image.default\">\n\t\t\t\t<div class=\"elementor-widget-container\">\n\t\t\t\t\t\t\t\t\t\t\t\t\t\t\t<img loading=\"lazy\" decoding=\"async\" width=\"800\" height=\"800\" src=\"https:\/\/catholic-su.rs\/wp-content\/uploads\/2022\/10\/radio-marija-hu.png\" class=\"attachment-full size-full wp-image-24607\" alt=\"\" srcset=\"https:\/\/catholic-su.rs\/wp-content\/uploads\/2022\/10\/radio-marija-hu.png 800w, https:\/\/catholic-su.rs\/wp-content\/uploads\/2022\/10\/radio-marija-hu-300x300.png 300w, https:\/\/catholic-su.rs\/wp-content\/uploads\/2022\/10\/radio-marija-hu-150x150.png 150w, https:\/\/catholic-su.rs\/wp-content\/uploads\/2022\/10\/radio-marija-hu-768x768.png 768w\" sizes=\"(max-width: 800px) 100vw, 800px\" \/>\t\t\t\t\t\t\t\t\t\t\t\t\t\t\t<\/div>\n\t\t\t\t<\/div>\n\t\t\t\t<div class=\"elementor-element elementor-element-fc2068d elementor-widget elementor-widget-text-editor\" data-id=\"fc2068d\" data-element_type=\"widget\" data-e-type=\"widget\" data-widget_type=\"text-editor.default\">\n\t\t\t\t<div class=\"elementor-widget-container\">\n\t\t\t\t\t\t\t\t\t<p><strong><b>C\u00edm:<br \/><\/b><\/strong>Matija Gubec u. 8-10.<br \/>24000 Szabadka<\/p><p><strong>Telefon:<\/strong><br \/><a href=\"tel:+38124692255\">+381 (0)24 692 255<\/a><\/p><p><strong>Email:<\/strong><br \/><a href=\"mailto:mariaradionkert@gmail.com\">mariaradionkert@gmail.com<\/a><\/p>\t\t\t\t\t\t\t\t<\/div>\n\t\t\t\t<\/div>\n\t\t\t\t<div class=\"elementor-element elementor-element-638a03b elementor-widget-divider--view-line elementor-widget elementor-widget-divider\" data-id=\"638a03b\" data-element_type=\"widget\" data-e-type=\"widget\" data-widget_type=\"divider.default\">\n\t\t\t\t<div class=\"elementor-widget-container\">\n\t\t\t\t\t\t\t<div class=\"elementor-divider\">\n\t\t\t<span class=\"elementor-divider-separator\">\n\t\t\t\t\t\t<\/span>\n\t\t<\/div>\n\t\t\t\t\t\t<\/div>\n\t\t\t\t<\/div>\n\t\t\t\t<div class=\"elementor-element elementor-element-87feec3 elementor-widget elementor-widget-text-editor\" data-id=\"87feec3\" data-element_type=\"widget\" data-e-type=\"widget\" data-widget_type=\"text-editor.default\">\n\t\t\t\t<div class=\"elementor-widget-container\">\n\t\t\t\t\t\t\t\t\t<p><strong>Igazgat\u00f3 \u00e9s felel\u0151s szerkeszt\u0151:<\/strong><br \/><a href=\"https:\/\/catholic-su.rs\/hu\/papok\/palatinus-istvan\/\">Ft. Palatinus Istv\u00e1n<\/a><br \/><a href=\"mailto:palaist@gmail.com\">palaist@gmail.com<\/a><\/p><p>Lelki asszisztens<strong>:<br \/><\/strong><a href=\"https:\/\/catholic-su.rs\/hu\/horvath-endre\/\">Ft. dr. Horv\u00e1th Endre<\/a><br \/><a href=\"mailto:Hendre.ef@gmail.com\">Hendre.ef@gmail.com<\/a><\/p><p><strong>Eln\u00f6k:<\/strong><br \/>B\u00e1lint \u00c1gota<\/p><p><strong>Koordin\u00e1tor:<\/strong><br \/>Sz\u00f6g \u00c1d\u00e1m<\/p>\t\t\t\t\t\t\t\t<\/div>\n\t\t\t\t<\/div>\n\t\t\t\t\t<\/div>\n\t\t<\/div>\n\t\t\t\t\t<\/div>\n\t\t<\/section>\n\t\t\t\t<\/div>\n\t\t","protected":false},"excerpt":{"rendered":"<p> [&hellip;]<\/p>\n","protected":false},"author":1,"featured_media":0,"parent":0,"menu_order":0,"comment_status":"closed","ping_status":"closed","template":"","meta":{"site-sidebar-layout":"no-sidebar","site-content-layout":"page-builder","ast-site-content-layout":"full-width-container","site-content-style":"unboxed","site-sidebar-style":"unboxed","ast-global-header-display":"","ast-banner-title-visibility":"","ast-main-header-display":"","ast-hfb-above-header-display":"","ast-hfb-below-header-display":"","ast-hfb-mobile-header-display":"","site-post-title":"disabled","ast-breadcrumbs-content":"","ast-featured-img":"disabled","footer-sml-layout":"","ast-disable-related-posts":"","theme-transparent-header-meta":"default","adv-header-id-meta":"","stick-header-meta":"default","header-above-stick-meta":"","header-main-stick-meta":"","header-below-stick-meta":"","astra-migrate-meta-layouts":"set","ast-page-background-enabled":"default","ast-page-background-meta":{"desktop":{"background-color":"","background-image":"","background-repeat":"repeat","background-position":"center center","background-size":"auto","background-attachment":"scroll","background-type":"","background-media":"","overlay-type":"","overlay-color":"","overlay-opacity":"","overlay-gradient":""},"tablet":{"background-color":"","background-image":"","background-repeat":"repeat","background-position":"center center","background-size":"auto","background-attachment":"scroll","background-type":"","background-media":"","overlay-type":"","overlay-color":"","overlay-opacity":"","overlay-gradient":""},"mobile":{"background-color":"","background-image":"","background-repeat":"repeat","background-position":"center center","background-size":"auto","background-attachment":"scroll","background-type":"","background-media":"","overlay-type":"","overlay-color":"","overlay-opacity":"","overlay-gradient":""}},"ast-content-background-meta":{"desktop":{"background-color":"var(--ast-global-color-5)","background-image":"","background-repeat":"repeat","background-position":"center center","background-size":"auto","background-attachment":"scroll","background-type":"","background-media":"","overlay-type":"","overlay-color":"","overlay-opacity":"","overlay-gradient":""},"tablet":{"background-color":"var(--ast-global-color-5)","background-image":"","background-repeat":"repeat","background-position":"center center","background-size":"auto","background-attachment":"scroll","background-type":"","background-media":"","overlay-type":"","overlay-color":"","overlay-opacity":"","overlay-gradient":""},"mobile":{"background-color":"var(--ast-global-color-5)","background-image":"","background-repeat":"repeat","background-position":"center center","background-size":"auto","background-attachment":"scroll","background-type":"","background-media":"","overlay-type":"","overlay-color":"","overlay-opacity":"","overlay-gradient":""}},"footnotes":""},"class_list":["post-8906","page","type-page","status-publish","hentry"],"_links":{"self":[{"href":"https:\/\/catholic-su.rs\/hu\/wp-json\/wp\/v2\/pages\/8906","targetHints":{"allow":["GET"]}}],"collection":[{"href":"https:\/\/catholic-su.rs\/hu\/wp-json\/wp\/v2\/pages"}],"about":[{"href":"https:\/\/catholic-su.rs\/hu\/wp-json\/wp\/v2\/types\/page"}],"author":[{"embeddable":true,"href":"https:\/\/catholic-su.rs\/hu\/wp-json\/wp\/v2\/users\/1"}],"replies":[{"embeddable":true,"href":"https:\/\/catholic-su.rs\/hu\/wp-json\/wp\/v2\/comments?post=8906"}],"version-history":[{"count":5,"href":"https:\/\/catholic-su.rs\/hu\/wp-json\/wp\/v2\/pages\/8906\/revisions"}],"predecessor-version":[{"id":41907,"href":"https:\/\/catholic-su.rs\/hu\/wp-json\/wp\/v2\/pages\/8906\/revisions\/41907"}],"wp:attachment":[{"href":"https:\/\/catholic-su.rs\/hu\/wp-json\/wp\/v2\/media?parent=8906"}],"curies":[{"name":"wp","href":"https:\/\/api.w.org\/{rel}","templated":true}]}}