{"id":8814,"date":"2022-02-22T11:21:40","date_gmt":"2022-02-22T11:21:40","guid":{"rendered":"https:\/\/catholic-su.rs\/puspokseg\/kozonseges\/"},"modified":"2026-03-26T19:06:26","modified_gmt":"2026-03-26T18:06:26","slug":"puspoki-hatosag","status":"publish","type":"page","link":"https:\/\/catholic-su.rs\/hu\/puspoki-hatosag\/","title":{"rendered":"P\u00fcsp\u00f6ki Hat\u00f3s\u00e1g"},"content":{"rendered":"\t\t<div data-elementor-type=\"wp-page\" data-elementor-id=\"8814\" class=\"elementor elementor-8814 elementor-4472\" data-elementor-post-type=\"page\">\n\t\t\t\t\t\t<section class=\"elementor-section elementor-top-section elementor-element elementor-element-bd57822 elementor-section-height-min-height elementor-section-content-middle elementor-section-boxed elementor-section-height-default elementor-section-items-middle\" data-id=\"bd57822\" data-element_type=\"section\" data-e-type=\"section\" data-settings=\"{&quot;background_background&quot;:&quot;classic&quot;}\">\n\t\t\t\t\t\t<div class=\"elementor-container elementor-column-gap-default\">\n\t\t\t\t\t<div class=\"elementor-column elementor-col-50 elementor-top-column elementor-element elementor-element-936482d\" data-id=\"936482d\" data-element_type=\"column\" data-e-type=\"column\">\n\t\t\t<div class=\"elementor-widget-wrap elementor-element-populated\">\n\t\t\t\t\t\t<div class=\"elementor-element elementor-element-9f4ced6 elementor-widget elementor-widget-image\" data-id=\"9f4ced6\" data-element_type=\"widget\" data-e-type=\"widget\" data-widget_type=\"image.default\">\n\t\t\t\t<div class=\"elementor-widget-container\">\n\t\t\t\t\t\t\t\t\t\t\t\t\t\t\t\t<a href=\"https:\/\/catholic-su.rs\/hu\/\">\n\t\t\t\t\t\t\t<img decoding=\"async\" width=\"224\" height=\"101\" src=\"https:\/\/catholic-su.rs\/wp-content\/uploads\/2022\/10\/logoi-hu-1-1.png\" class=\"attachment-full size-full wp-image-22169\" alt=\"\" \/>\t\t\t\t\t\t\t\t<\/a>\n\t\t\t\t\t\t\t\t\t\t\t\t\t\t\t<\/div>\n\t\t\t\t<\/div>\n\t\t\t\t\t<\/div>\n\t\t<\/div>\n\t\t\t\t<div class=\"elementor-column elementor-col-50 elementor-top-column elementor-element elementor-element-69c9a6c\" data-id=\"69c9a6c\" data-element_type=\"column\" data-e-type=\"column\">\n\t\t\t<div class=\"elementor-widget-wrap\">\n\t\t\t\t\t\t\t<\/div>\n\t\t<\/div>\n\t\t\t\t\t<\/div>\n\t\t<\/section>\n\t\t\t\t<section class=\"elementor-section elementor-top-section elementor-element elementor-element-65b52cf elementor-section-boxed elementor-section-height-default elementor-section-height-default\" data-id=\"65b52cf\" data-element_type=\"section\" data-e-type=\"section\">\n\t\t\t\t\t\t<div class=\"elementor-container elementor-column-gap-default\">\n\t\t\t\t\t<div class=\"elementor-column elementor-col-100 elementor-top-column elementor-element elementor-element-f2bdfa4\" data-id=\"f2bdfa4\" data-element_type=\"column\" data-e-type=\"column\" data-settings=\"{&quot;background_background&quot;:&quot;classic&quot;}\">\n\t\t\t<div class=\"elementor-widget-wrap elementor-element-populated\">\n\t\t\t\t\t\t<div class=\"elementor-element elementor-element-8ddc3bd elementor-widget elementor-widget-heading\" data-id=\"8ddc3bd\" data-element_type=\"widget\" data-e-type=\"widget\" data-widget_type=\"heading.default\">\n\t\t\t\t<div class=\"elementor-widget-container\">\n\t\t\t\t\t<h2 class=\"elementor-heading-title elementor-size-default\">P\u00fcsp\u00f6ki Hat\u00f3s\u00e1g<\/h2>\t\t\t\t<\/div>\n\t\t\t\t<\/div>\n\t\t\t\t\t<\/div>\n\t\t<\/div>\n\t\t\t\t\t<\/div>\n\t\t<\/section>\n\t\t\t\t<section class=\"elementor-section elementor-top-section elementor-element elementor-element-f465d46 elementor-reverse-mobile elementor-section-boxed elementor-section-height-default elementor-section-height-default\" data-id=\"f465d46\" data-element_type=\"section\" data-e-type=\"section\">\n\t\t\t\t\t\t<div class=\"elementor-container elementor-column-gap-default\">\n\t\t\t\t\t<div class=\"elementor-column elementor-col-50 elementor-top-column elementor-element elementor-element-341b91c\" data-id=\"341b91c\" data-element_type=\"column\" data-e-type=\"column\">\n\t\t\t<div class=\"elementor-widget-wrap elementor-element-populated\">\n\t\t\t\t\t\t<div class=\"elementor-element elementor-element-f8374b6 elementor-widget elementor-widget-text-editor\" data-id=\"f8374b6\" data-element_type=\"widget\" data-e-type=\"widget\" data-widget_type=\"text-editor.default\">\n\t\t\t\t<div class=\"elementor-widget-container\">\n\t\t\t\t\t\t\t\t\t<p><strong><b>C\u00edm:<\/b><\/strong><br \/>Szent Ter\u00e9z t\u00e9r 3.<br \/>24000 Szabadka<\/p><p><strong>Telefon:<\/strong><\/p><p><a href=\"tel:+38124265900\">+381 (0)24 265 900<\/a><br \/><a href=\"tel:+38124553610\">+381 (0)24 553 610<\/a><\/p>\t\t\t\t\t\t\t\t<\/div>\n\t\t\t\t<\/div>\n\t\t\t\t\t<\/div>\n\t\t<\/div>\n\t\t\t\t<div class=\"elementor-column elementor-col-50 elementor-top-column elementor-element elementor-element-8fc2e3e\" data-id=\"8fc2e3e\" data-element_type=\"column\" data-e-type=\"column\">\n\t\t\t<div class=\"elementor-widget-wrap elementor-element-populated\">\n\t\t\t\t\t\t<div class=\"elementor-element elementor-element-cf75f2e uael-ins-normal uael-img-carousel-arrow-outside elementor-widget elementor-widget-uael-image-gallery\" data-id=\"cf75f2e\" data-element_type=\"widget\" data-e-type=\"widget\" data-settings=\"{&quot;slides_to_show&quot;:1,&quot;slides_to_show_mobile&quot;:1,&quot;slides_to_show_tablet&quot;:3,&quot;slides_to_scroll&quot;:1,&quot;slides_to_scroll_tablet&quot;:1,&quot;slides_to_scroll_mobile&quot;:1,&quot;column_gap&quot;:{&quot;unit&quot;:&quot;px&quot;,&quot;size&quot;:20,&quot;sizes&quot;:[]},&quot;column_gap_tablet&quot;:{&quot;unit&quot;:&quot;px&quot;,&quot;size&quot;:&quot;&quot;,&quot;sizes&quot;:[]},&quot;column_gap_mobile&quot;:{&quot;unit&quot;:&quot;px&quot;,&quot;size&quot;:&quot;&quot;,&quot;sizes&quot;:[]}}\" data-widget_type=\"uael-image-gallery.default\">\n\t\t\t\t<div class=\"elementor-widget-container\">\n\t\t\t\t\t<div class=\"uael-gallery-parent uael-caption- uael-gallery-unjustified\"><div data-image_carousel=\"{&quot;slidesToShow&quot;:1,&quot;slidesToScroll&quot;:1,&quot;autoplaySpeed&quot;:5000,&quot;autoplay&quot;:false,&quot;infinite&quot;:true,&quot;pauseOnHover&quot;:true,&quot;speed&quot;:500,&quot;arrows&quot;:true,&quot;dots&quot;:true,&quot;rtl&quot;:false,&quot;responsive&quot;:[{&quot;breakpoint&quot;:1024,&quot;settings&quot;:{&quot;slidesToShow&quot;:3,&quot;slidesToScroll&quot;:1}},{&quot;breakpoint&quot;:767,&quot;settings&quot;:{&quot;slidesToShow&quot;:1,&quot;slidesToScroll&quot;:1}}]}\" class=\"uael-img-gallery-wrap uael-img-carousel-wrap uael-nav-both uael-image-lightbox-wrap\" data-filter-default=\"All\" data-lightbox_actions=\"[&quot;close&quot;]\" data-lightbox-gallery-loop=\"\"><div class=\"uael-grid-item  uael-img-gallery-item-1\"><div class=\"uael-grid-item-content\"><a class=\"uael-grid-img uael-grid-gallery-img uael-ins-hover elementor-clickable\" data-fancybox=\"uael-gallery\" href=\"https:\/\/catholic-su.rs\/wp-content\/uploads\/2022\/02\/01.jpg\" data-elementor-open-lightbox=\"no\"><div class=\"uael-grid-img-thumbnail uael-ins-target\"><img decoding=\"async\" src=\"https:\/\/catholic-su.rs\/wp-content\/uploads\/elementor\/thumbs\/01-pnf0ooejlufzxenvgqtvj5958hfk2e0qw43m214w34.jpg\" title=\"01.jpg\" alt=\"01.jpg\" loading=\"lazy\" \/><\/div><div class=\"uael-grid-img-overlay\"><\/div><\/a><\/div><\/div><\/div><\/div>\t\t\t\t<\/div>\n\t\t\t\t<\/div>\n\t\t\t\t\t<\/div>\n\t\t<\/div>\n\t\t\t\t\t<\/div>\n\t\t<\/section>\n\t\t\t\t<section class=\"elementor-section elementor-top-section elementor-element elementor-element-46bd2e8 elementor-section-boxed elementor-section-height-default elementor-section-height-default\" data-id=\"46bd2e8\" data-element_type=\"section\" data-e-type=\"section\">\n\t\t\t\t\t\t<div class=\"elementor-container elementor-column-gap-default\">\n\t\t\t\t\t<div class=\"elementor-column elementor-col-50 elementor-top-column elementor-element elementor-element-7bea509\" data-id=\"7bea509\" data-element_type=\"column\" data-e-type=\"column\">\n\t\t\t<div class=\"elementor-widget-wrap elementor-element-populated\">\n\t\t\t\t\t\t<div class=\"elementor-element elementor-element-2a22ddd elementor-widget elementor-widget-heading\" data-id=\"2a22ddd\" data-element_type=\"widget\" data-e-type=\"widget\" data-widget_type=\"heading.default\">\n\t\t\t\t<div class=\"elementor-widget-container\">\n\t\t\t\t\t<h4 class=\"elementor-heading-title elementor-size-default\">Iroda<\/h4>\t\t\t\t<\/div>\n\t\t\t\t<\/div>\n\t\t\t\t<div class=\"elementor-element elementor-element-bb0c23b elementor-widget elementor-widget-text-editor\" data-id=\"bb0c23b\" data-element_type=\"widget\" data-e-type=\"widget\" data-widget_type=\"text-editor.default\">\n\t\t\t\t<div class=\"elementor-widget-container\">\n\t\t\t\t\t\t\t\t\t<p><strong>Irodaigazgat\u00f3:<br \/><\/strong><a href=\"https:\/\/catholic-su.rs\/hr\/jozsa-gaspar\/\">Ft. J\u00f3zsa G\u00e1sp\u00e1r<\/a><\/p><p><strong>Telefon:<br \/><\/strong><a href=\"tel:+38124265911\">+381 (0)24 265 911<\/a><\/p><p><strong>Email:<br \/><\/strong><a href=\"mailto:ordinariatus.subisk@gmail.com\">ordinariatus.subisk@gmail.com\u00a0<\/a><\/p>\t\t\t\t\t\t\t\t<\/div>\n\t\t\t\t<\/div>\n\t\t\t\t<div class=\"elementor-element elementor-element-bf49c9f elementor-widget-divider--view-line elementor-widget elementor-widget-divider\" data-id=\"bf49c9f\" data-element_type=\"widget\" data-e-type=\"widget\" data-widget_type=\"divider.default\">\n\t\t\t\t<div class=\"elementor-widget-container\">\n\t\t\t\t\t\t\t<div class=\"elementor-divider\">\n\t\t\t<span class=\"elementor-divider-separator\">\n\t\t\t\t\t\t<\/span>\n\t\t<\/div>\n\t\t\t\t\t\t<\/div>\n\t\t\t\t<\/div>\n\t\t\t\t<div class=\"elementor-element elementor-element-e7832fa elementor-widget elementor-widget-text-editor\" data-id=\"e7832fa\" data-element_type=\"widget\" data-e-type=\"widget\" data-widget_type=\"text-editor.default\">\n\t\t\t\t<div class=\"elementor-widget-container\">\n\t\t\t\t\t\t\t\t\t<p><strong>Lev\u00e9lt\u00e1ros:<br \/><\/strong><a href=\"https:\/\/catholic-su.rs\/hr\/skenderovic-drazen\/\">Ft. Dra\u017een Skenderovi\u0107<\/a><\/p><p><strong>Telefon:<br \/><\/strong><a href=\"tel:+38124265917\">+381 (0)24 265 917<\/a><\/p><p><strong>Email:<br \/><\/strong><a href=\"mailto:arhiv.subisk@gmail.com\">arhiv.subisk@gmail.com<\/a><\/p>\t\t\t\t\t\t\t\t<\/div>\n\t\t\t\t<\/div>\n\t\t\t\t\t<\/div>\n\t\t<\/div>\n\t\t\t\t<div class=\"elementor-column elementor-col-50 elementor-top-column elementor-element elementor-element-b51f68c\" data-id=\"b51f68c\" data-element_type=\"column\" data-e-type=\"column\">\n\t\t\t<div class=\"elementor-widget-wrap elementor-element-populated\">\n\t\t\t\t\t\t<div class=\"elementor-element elementor-element-14091dd elementor-widget elementor-widget-heading\" data-id=\"14091dd\" data-element_type=\"widget\" data-e-type=\"widget\" data-widget_type=\"heading.default\">\n\t\t\t\t<div class=\"elementor-widget-container\">\n\t\t\t\t\t<h4 class=\"elementor-heading-title elementor-size-default\">Vagyonkezel\u0151s\u00e9g<\/h4>\t\t\t\t<\/div>\n\t\t\t\t<\/div>\n\t\t\t\t<div class=\"elementor-element elementor-element-91cbb66 elementor-widget elementor-widget-text-editor\" data-id=\"91cbb66\" data-element_type=\"widget\" data-e-type=\"widget\" data-widget_type=\"text-editor.default\">\n\t\t\t\t<div class=\"elementor-widget-container\">\n\t\t\t\t\t\t\t\t\t<p><strong>Vagyonkezel\u0151:<br \/><\/strong><a href=\"https:\/\/catholic-su.rs\/hu\/ivankovic-radak-ivica\/\">Ft. dr. Ivica Ivankovi\u0107 Radak<\/a><\/p><p><strong>Telefon:<br \/><\/strong><a href=\"tel:+38124265922\">+381 (0)24 265 922<\/a><\/p><p><strong>Email:<br \/><\/strong><a href=\"mailto:ekonom.subisk@gmail.com\">ekonom.subisk@gmail.com<\/a><\/p>\t\t\t\t\t\t\t\t<\/div>\n\t\t\t\t<\/div>\n\t\t\t\t<div class=\"elementor-element elementor-element-c310428 elementor-widget-divider--view-line elementor-widget elementor-widget-divider\" data-id=\"c310428\" data-element_type=\"widget\" data-e-type=\"widget\" data-widget_type=\"divider.default\">\n\t\t\t\t<div class=\"elementor-widget-container\">\n\t\t\t\t\t\t\t<div class=\"elementor-divider\">\n\t\t\t<span class=\"elementor-divider-separator\">\n\t\t\t\t\t\t<\/span>\n\t\t<\/div>\n\t\t\t\t\t\t<\/div>\n\t\t\t\t<\/div>\n\t\t\t\t<div class=\"elementor-element elementor-element-2b78f1c elementor-widget elementor-widget-text-editor\" data-id=\"2b78f1c\" data-element_type=\"widget\" data-e-type=\"widget\" data-widget_type=\"text-editor.default\">\n\t\t\t\t<div class=\"elementor-widget-container\">\n\t\t\t\t\t\t\t\t\t<p><strong>Kiseg\u00edt\u0151:<br \/><\/strong><a href=\"https:\/\/catholic-su.rs\/hu\/koleszar-jozsef\/\">Ft. Kolesz\u00e1r J\u00f3zsef<\/a><\/p><p><strong>Telefon:<br \/><\/strong><a href=\"tel:+38124265904\">+381 (0)24 265 904<\/a><\/p>\t\t\t\t\t\t\t\t<\/div>\n\t\t\t\t<\/div>\n\t\t\t\t<div class=\"elementor-element elementor-element-dc5a42e elementor-widget-divider--view-line elementor-widget elementor-widget-divider\" data-id=\"dc5a42e\" data-element_type=\"widget\" data-e-type=\"widget\" data-widget_type=\"divider.default\">\n\t\t\t\t<div class=\"elementor-widget-container\">\n\t\t\t\t\t\t\t<div class=\"elementor-divider\">\n\t\t\t<span class=\"elementor-divider-separator\">\n\t\t\t\t\t\t<\/span>\n\t\t<\/div>\n\t\t\t\t\t\t<\/div>\n\t\t\t\t<\/div>\n\t\t\t\t<div class=\"elementor-element elementor-element-71f0c73 elementor-widget elementor-widget-text-editor\" data-id=\"71f0c73\" data-element_type=\"widget\" data-e-type=\"widget\" data-widget_type=\"text-editor.default\">\n\t\t\t\t<div class=\"elementor-widget-container\">\n\t\t\t\t\t\t\t\t\t<p><strong>Alkalmazott:<br \/><\/strong>Marija U\u0161umovi\u0107\u00a0<\/p><p><strong>Telefon:<br \/><\/strong><a href=\"tel:+38124265903\">+381 (0)24 265 903<\/a><\/p><p><strong>Email:<br \/><\/strong><a href=\"mailto:tena.subisk@gmail.com\">tena.subisk@gmail.com<\/a><\/p>\t\t\t\t\t\t\t\t<\/div>\n\t\t\t\t<\/div>\n\t\t\t\t<div class=\"elementor-element elementor-element-f751874 elementor-widget-divider--view-line elementor-widget elementor-widget-divider\" data-id=\"f751874\" data-element_type=\"widget\" data-e-type=\"widget\" data-widget_type=\"divider.default\">\n\t\t\t\t<div class=\"elementor-widget-container\">\n\t\t\t\t\t\t\t<div class=\"elementor-divider\">\n\t\t\t<span class=\"elementor-divider-separator\">\n\t\t\t\t\t\t<\/span>\n\t\t<\/div>\n\t\t\t\t\t\t<\/div>\n\t\t\t\t<\/div>\n\t\t\t\t<div class=\"elementor-element elementor-element-20b2600 elementor-widget elementor-widget-text-editor\" data-id=\"20b2600\" data-element_type=\"widget\" data-e-type=\"widget\" data-widget_type=\"text-editor.default\">\n\t\t\t\t<div class=\"elementor-widget-container\">\n\t\t\t\t\t\t\t\t\t<p><strong>Alkalmazott:<br \/><\/strong>Raji\u0107 Csilla<\/p><p><strong>Telefon:\u00a0<br \/><\/strong><a href=\"tel:+38124265901\">+381 (0)24 265 901<\/a><\/p><p><strong>Email:<br \/><\/strong><a href=\"mailto:bru.subisk@gmail.com\">bru.subisk@gmail.com<\/a><\/p>\t\t\t\t\t\t\t\t<\/div>\n\t\t\t\t<\/div>\n\t\t\t\t\t<\/div>\n\t\t<\/div>\n\t\t\t\t\t<\/div>\n\t\t<\/section>\n\t\t\t\t<\/div>\n\t\t","protected":false},"excerpt":{"rendered":"<p> [&hellip;]<\/p>\n","protected":false},"author":1,"featured_media":0,"parent":0,"menu_order":0,"comment_status":"closed","ping_status":"closed","template":"","meta":{"site-sidebar-layout":"no-sidebar","site-content-layout":"page-builder","ast-site-content-layout":"full-width-container","site-content-style":"unboxed","site-sidebar-style":"unboxed","ast-global-header-display":"","ast-banner-title-visibility":"","ast-main-header-display":"","ast-hfb-above-header-display":"","ast-hfb-below-header-display":"","ast-hfb-mobile-header-display":"","site-post-title":"disabled","ast-breadcrumbs-content":"","ast-featured-img":"disabled","footer-sml-layout":"","ast-disable-related-posts":"","theme-transparent-header-meta":"default","adv-header-id-meta":"","stick-header-meta":"default","header-above-stick-meta":"","header-main-stick-meta":"","header-below-stick-meta":"","astra-migrate-meta-layouts":"set","ast-page-background-enabled":"default","ast-page-background-meta":{"desktop":{"background-color":"","background-image":"","background-repeat":"repeat","background-position":"center center","background-size":"auto","background-attachment":"scroll","background-type":"","background-media":"","overlay-type":"","overlay-color":"","overlay-opacity":"","overlay-gradient":""},"tablet":{"background-color":"","background-image":"","background-repeat":"repeat","background-position":"center center","background-size":"auto","background-attachment":"scroll","background-type":"","background-media":"","overlay-type":"","overlay-color":"","overlay-opacity":"","overlay-gradient":""},"mobile":{"background-color":"","background-image":"","background-repeat":"repeat","background-position":"center center","background-size":"auto","background-attachment":"scroll","background-type":"","background-media":"","overlay-type":"","overlay-color":"","overlay-opacity":"","overlay-gradient":""}},"ast-content-background-meta":{"desktop":{"background-color":"var(--ast-global-color-5)","background-image":"","background-repeat":"repeat","background-position":"center center","background-size":"auto","background-attachment":"scroll","background-type":"","background-media":"","overlay-type":"","overlay-color":"","overlay-opacity":"","overlay-gradient":""},"tablet":{"background-color":"var(--ast-global-color-5)","background-image":"","background-repeat":"repeat","background-position":"center center","background-size":"auto","background-attachment":"scroll","background-type":"","background-media":"","overlay-type":"","overlay-color":"","overlay-opacity":"","overlay-gradient":""},"mobile":{"background-color":"var(--ast-global-color-5)","background-image":"","background-repeat":"repeat","background-position":"center center","background-size":"auto","background-attachment":"scroll","background-type":"","background-media":"","overlay-type":"","overlay-color":"","overlay-opacity":"","overlay-gradient":""}},"footnotes":""},"class_list":["post-8814","page","type-page","status-publish","hentry"],"_links":{"self":[{"href":"https:\/\/catholic-su.rs\/hu\/wp-json\/wp\/v2\/pages\/8814","targetHints":{"allow":["GET"]}}],"collection":[{"href":"https:\/\/catholic-su.rs\/hu\/wp-json\/wp\/v2\/pages"}],"about":[{"href":"https:\/\/catholic-su.rs\/hu\/wp-json\/wp\/v2\/types\/page"}],"author":[{"embeddable":true,"href":"https:\/\/catholic-su.rs\/hu\/wp-json\/wp\/v2\/users\/1"}],"replies":[{"embeddable":true,"href":"https:\/\/catholic-su.rs\/hu\/wp-json\/wp\/v2\/comments?post=8814"}],"version-history":[{"count":8,"href":"https:\/\/catholic-su.rs\/hu\/wp-json\/wp\/v2\/pages\/8814\/revisions"}],"predecessor-version":[{"id":47013,"href":"https:\/\/catholic-su.rs\/hu\/wp-json\/wp\/v2\/pages\/8814\/revisions\/47013"}],"wp:attachment":[{"href":"https:\/\/catholic-su.rs\/hu\/wp-json\/wp\/v2\/media?parent=8814"}],"curies":[{"name":"wp","href":"https:\/\/api.w.org\/{rel}","templated":true}]}}