{"id":8808,"date":"2022-02-22T11:20:11","date_gmt":"2022-02-22T11:20:11","guid":{"rendered":"https:\/\/catholic-su.rs\/puspokseg\/egyhazmegyei-tanacsok-es-biztosok\/"},"modified":"2026-03-10T18:09:40","modified_gmt":"2026-03-10T17:09:40","slug":"egyhazmegyei-bizottsagok-es-tanacsok","status":"publish","type":"page","link":"https:\/\/catholic-su.rs\/hu\/egyhazmegyei-bizottsagok-es-tanacsok\/","title":{"rendered":"Egyh\u00e1zmegyei bizotts\u00e1gok \u00e9s tan\u00e1csok"},"content":{"rendered":"\t\t<div data-elementor-type=\"wp-page\" data-elementor-id=\"8808\" class=\"elementor elementor-8808 elementor-4477\" data-elementor-post-type=\"page\">\n\t\t\t\t\t\t<section class=\"elementor-section elementor-top-section elementor-element elementor-element-470e0f9 elementor-section-height-min-height elementor-section-content-middle elementor-section-boxed elementor-section-height-default elementor-section-items-middle\" data-id=\"470e0f9\" data-element_type=\"section\" data-e-type=\"section\" data-settings=\"{&quot;background_background&quot;:&quot;classic&quot;}\">\n\t\t\t\t\t\t<div class=\"elementor-container elementor-column-gap-default\">\n\t\t\t\t\t<div class=\"elementor-column elementor-col-50 elementor-top-column elementor-element elementor-element-877697f\" data-id=\"877697f\" data-element_type=\"column\" data-e-type=\"column\">\n\t\t\t<div class=\"elementor-widget-wrap elementor-element-populated\">\n\t\t\t\t\t\t<div class=\"elementor-element elementor-element-4589850 elementor-widget elementor-widget-image\" data-id=\"4589850\" data-element_type=\"widget\" data-e-type=\"widget\" data-widget_type=\"image.default\">\n\t\t\t\t<div class=\"elementor-widget-container\">\n\t\t\t\t\t\t\t\t\t\t\t\t\t\t\t\t<a href=\"https:\/\/catholic-su.rs\/hu\/\">\n\t\t\t\t\t\t\t<img decoding=\"async\" width=\"224\" height=\"101\" src=\"https:\/\/catholic-su.rs\/wp-content\/uploads\/2022\/10\/logoi-hu-1-1.png\" class=\"attachment-full size-full wp-image-22169\" alt=\"\" \/>\t\t\t\t\t\t\t\t<\/a>\n\t\t\t\t\t\t\t\t\t\t\t\t\t\t\t<\/div>\n\t\t\t\t<\/div>\n\t\t\t\t\t<\/div>\n\t\t<\/div>\n\t\t\t\t<div class=\"elementor-column elementor-col-50 elementor-top-column elementor-element elementor-element-4a1c531\" data-id=\"4a1c531\" data-element_type=\"column\" data-e-type=\"column\">\n\t\t\t<div class=\"elementor-widget-wrap\">\n\t\t\t\t\t\t\t<\/div>\n\t\t<\/div>\n\t\t\t\t\t<\/div>\n\t\t<\/section>\n\t\t\t\t<section class=\"elementor-section elementor-top-section elementor-element elementor-element-65b52cf elementor-section-boxed elementor-section-height-default elementor-section-height-default\" data-id=\"65b52cf\" data-element_type=\"section\" data-e-type=\"section\">\n\t\t\t\t\t\t<div class=\"elementor-container elementor-column-gap-default\">\n\t\t\t\t\t<div class=\"elementor-column elementor-col-100 elementor-top-column elementor-element elementor-element-f2bdfa4\" data-id=\"f2bdfa4\" data-element_type=\"column\" data-e-type=\"column\" data-settings=\"{&quot;background_background&quot;:&quot;classic&quot;}\">\n\t\t\t<div class=\"elementor-widget-wrap elementor-element-populated\">\n\t\t\t\t\t\t<div class=\"elementor-element elementor-element-8ddc3bd elementor-widget elementor-widget-heading\" data-id=\"8ddc3bd\" data-element_type=\"widget\" data-e-type=\"widget\" data-widget_type=\"heading.default\">\n\t\t\t\t<div class=\"elementor-widget-container\">\n\t\t\t\t\t<h2 class=\"elementor-heading-title elementor-size-default\">Egyh\u00e1zmegyei tan\u00e1csok \u00e9s referensek<\/h2>\t\t\t\t<\/div>\n\t\t\t\t<\/div>\n\t\t\t\t\t<\/div>\n\t\t<\/div>\n\t\t\t\t\t<\/div>\n\t\t<\/section>\n\t\t\t\t<section class=\"elementor-section elementor-top-section elementor-element elementor-element-e452202 elementor-reverse-mobile elementor-section-boxed elementor-section-height-default elementor-section-height-default\" data-id=\"e452202\" data-element_type=\"section\" data-e-type=\"section\">\n\t\t\t\t\t\t<div class=\"elementor-container elementor-column-gap-default\">\n\t\t\t\t\t<div class=\"elementor-column elementor-col-25 elementor-top-column elementor-element elementor-element-960f71d\" data-id=\"960f71d\" data-element_type=\"column\" data-e-type=\"column\">\n\t\t\t<div class=\"elementor-widget-wrap elementor-element-populated\">\n\t\t\t\t\t\t<div class=\"elementor-element elementor-element-9d4ca9d elementor-widget elementor-widget-heading\" data-id=\"9d4ca9d\" data-element_type=\"widget\" data-e-type=\"widget\" data-widget_type=\"heading.default\">\n\t\t\t\t<div class=\"elementor-widget-container\">\n\t\t\t\t\t<h4 class=\"elementor-heading-title elementor-size-default\">Liturgikus Bizotts\u00e1g<\/h4>\t\t\t\t<\/div>\n\t\t\t\t<\/div>\n\t\t\t\t<div class=\"elementor-element elementor-element-0a85aa0 elementor-widget elementor-widget-text-editor\" data-id=\"0a85aa0\" data-element_type=\"widget\" data-e-type=\"widget\" data-widget_type=\"text-editor.default\">\n\t\t\t\t<div class=\"elementor-widget-container\">\n\t\t\t\t\t\t\t\t\t<p><b>Tan\u00e1cseln\u00f6k:\u00a0 \u00a0 \u00a0 \u00a0 \u00a0 \u00a0 \u00a0 \u00a0 \u00a0 \u00a0 \u00a0\u00a0 <\/b><\/p><p><a href=\"https:\/\/catholic-su.rs\/hu\/szakaly-jozsef\/\">Ft. mr. Szak\u00e1ly J\u00f3zsef<\/a><b><br \/><\/b><\/p><p><strong>Titk\u00e1r:\u00a0\u00a0\u00a0\u00a0 \u00a0\u00a0 \u00a0\u00a0 \u00a0\u00a0 \u00a0\u00a0 \u00a0\u00a0 \u00a0\u00a0 \u00a0\u00a0 \u00a0\u00a0 \u00a0\u00a0 \u00a0\u00a0 <\/strong><\/p><p><a href=\"https:\/\/catholic-su.rs\/hu\/stipic-nebojsa\/\">Ft. Neb<\/a><a href=\"https:\/\/catholic-su.rs\/hu\/stipic-nebojsa\/\">oj\u0161a Stipi\u0107<\/a><strong><br \/><\/strong><\/p><p style=\"font-weight: 400;\"><a href=\"https:\/\/catholic-su.rs\/hu\/balcsak-szilard\/\">Ft. mr. Balcs\u00e1k Szil\u00e1rd<\/a><br \/><a href=\"https:\/\/catholic-su.rs\/hu\/kara-nandor\/\">Ft. dr. Kara N\u00e1ndor<\/a><br \/><a href=\"https:\/\/catholic-su.rs\/hu\/muharem-dragan\/\">Ft. Dragan Muharem<\/a><br \/><a href=\"https:\/\/catholic-su.rs\/hu\/pasko-csaba\/\">Ft. mag. art. m. Pask\u00f3 Csaba<\/a><br \/><a href=\"https:\/\/catholic-su.rs\/hu\/skenderovic-drazen\/\">Ft. Dra\u017een Skenderovi\u0107<\/a><\/p><p>Miroslav Stanti\u0107<br \/>Dr. Korhecz Papp Zsuzsanna<\/p>\t\t\t\t\t\t\t\t<\/div>\n\t\t\t\t<\/div>\n\t\t\t\t<div class=\"elementor-element elementor-element-0b6cc53 elementor-widget-divider--view-line elementor-widget elementor-widget-divider\" data-id=\"0b6cc53\" data-element_type=\"widget\" data-e-type=\"widget\" data-widget_type=\"divider.default\">\n\t\t\t\t<div class=\"elementor-widget-container\">\n\t\t\t\t\t\t\t<div class=\"elementor-divider\">\n\t\t\t<span class=\"elementor-divider-separator\">\n\t\t\t\t\t\t<\/span>\n\t\t<\/div>\n\t\t\t\t\t\t<\/div>\n\t\t\t\t<\/div>\n\t\t\t\t<div class=\"elementor-element elementor-element-645cbec elementor-widget elementor-widget-text-editor\" data-id=\"645cbec\" data-element_type=\"widget\" data-e-type=\"widget\" data-widget_type=\"text-editor.default\">\n\t\t\t\t<div class=\"elementor-widget-container\">\n\t\t\t\t\t\t\t\t\t<p>A Tan\u00e1cs megb\u00edzat\u00e1sa 2028.12.31-ig tart.<\/p>\t\t\t\t\t\t\t\t<\/div>\n\t\t\t\t<\/div>\n\t\t\t\t\t<\/div>\n\t\t<\/div>\n\t\t\t\t<div class=\"elementor-column elementor-col-25 elementor-top-column elementor-element elementor-element-daab1b6\" data-id=\"daab1b6\" data-element_type=\"column\" data-e-type=\"column\">\n\t\t\t<div class=\"elementor-widget-wrap elementor-element-populated\">\n\t\t\t\t\t\t<div class=\"elementor-element elementor-element-d065a4d elementor-widget elementor-widget-heading\" data-id=\"d065a4d\" data-element_type=\"widget\" data-e-type=\"widget\" data-widget_type=\"heading.default\">\n\t\t\t\t<div class=\"elementor-widget-container\">\n\t\t\t\t\t<h4 class=\"elementor-heading-title elementor-size-default\">Kateketikai Bizotts\u00e1g<\/h4>\t\t\t\t<\/div>\n\t\t\t\t<\/div>\n\t\t\t\t<div class=\"elementor-element elementor-element-fe39ff5 elementor-widget elementor-widget-text-editor\" data-id=\"fe39ff5\" data-element_type=\"widget\" data-e-type=\"widget\" data-widget_type=\"text-editor.default\">\n\t\t\t\t<div class=\"elementor-widget-container\">\n\t\t\t\t\t\t\t\t\t<p><b>Tan\u00e1cseln\u00f6k:\u00a0 \u00a0 \u00a0 \u00a0 \u00a0 \u00a0 \u00a0 \u00a0 \u00a0 \u00a0 \u00a0 \u00a0\u00a0 <\/b><\/p><p>s. Kov\u00e1cs M. Hermina<\/p><p><b>Titk\u00e1r:\u00a0\u00a0\u00a0\u00a0\u00a0\u00a0\u00a0\u00a0\u00a0\u00a0\u00a0\u00a0\u00a0\u00a0\u00a0\u00a0\u00a0\u00a0\u00a0\u00a0\u00a0\u00a0\u00a0\u00a0\u00a0\u00a0\u00a0\u00a0<\/b><\/p><p><b> <\/b>Nevena Gabri\u0107<\/p><p><a href=\"https:\/\/catholic-su.rs\/hu\/stantic-marinko\/\">Ft. Dr. <\/a><a href=\"https:\/\/catholic-su.rs\/hu\/stantic-marinko\/\">Marinko<\/a><a href=\"https:\/\/catholic-su.rs\/hu\/stantic-marinko\/\"> Stanti\u0107 <br \/>Ft. dr. Sz\u00f6ll\u0151si Tibor<\/a> <br \/><a href=\"https:\/\/catholic-su.rs\/hu\/szollosi-tibor\/\">Ft. dr. Horv\u00e1th Endre<br \/>Ft. <\/a><a href=\"https:\/\/catholic-su.rs\/hu\/muharem-dragan\/\" target=\"_blank\" rel=\"noopener\">Dragan<\/a><a href=\"https:\/\/catholic-su.rs\/hu\/muharem-dragan\/\" target=\"_blank\" rel=\"noopener\"> Muharem<br \/>Ft. Utcai R\u00f3bert<\/a><\/p><p>prof. Dr. Josip Ivanovi\u0107<br \/>Anamarija Kujund\u017ei\u0107<\/p>\t\t\t\t\t\t\t\t<\/div>\n\t\t\t\t<\/div>\n\t\t\t\t<div class=\"elementor-element elementor-element-d2b7a1d elementor-widget-divider--view-line elementor-widget elementor-widget-divider\" data-id=\"d2b7a1d\" data-element_type=\"widget\" data-e-type=\"widget\" data-widget_type=\"divider.default\">\n\t\t\t\t<div class=\"elementor-widget-container\">\n\t\t\t\t\t\t\t<div class=\"elementor-divider\">\n\t\t\t<span class=\"elementor-divider-separator\">\n\t\t\t\t\t\t<\/span>\n\t\t<\/div>\n\t\t\t\t\t\t<\/div>\n\t\t\t\t<\/div>\n\t\t\t\t<div class=\"elementor-element elementor-element-c77439d elementor-widget elementor-widget-text-editor\" data-id=\"c77439d\" data-element_type=\"widget\" data-e-type=\"widget\" data-widget_type=\"text-editor.default\">\n\t\t\t\t<div class=\"elementor-widget-container\">\n\t\t\t\t\t\t\t\t\t<p>A Tan\u00e1cs megb\u00edzat\u00e1sa 2028.12.31-ig tart.<\/p>\t\t\t\t\t\t\t\t<\/div>\n\t\t\t\t<\/div>\n\t\t\t\t\t<\/div>\n\t\t<\/div>\n\t\t\t\t<div class=\"elementor-column elementor-col-25 elementor-top-column elementor-element elementor-element-0a603f8\" data-id=\"0a603f8\" data-element_type=\"column\" data-e-type=\"column\">\n\t\t\t<div class=\"elementor-widget-wrap elementor-element-populated\">\n\t\t\t\t\t\t<div class=\"elementor-element elementor-element-63ca0a1 elementor-widget elementor-widget-heading\" data-id=\"63ca0a1\" data-element_type=\"widget\" data-e-type=\"widget\" data-widget_type=\"heading.default\">\n\t\t\t\t<div class=\"elementor-widget-container\">\n\t\t\t\t\t<h4 class=\"elementor-heading-title elementor-size-default\">Gazdas\u00e1gi Tan\u00e1cs<\/h4>\t\t\t\t<\/div>\n\t\t\t\t<\/div>\n\t\t\t\t<div class=\"elementor-element elementor-element-263fde9 elementor-widget elementor-widget-text-editor\" data-id=\"263fde9\" data-element_type=\"widget\" data-e-type=\"widget\" data-widget_type=\"text-editor.default\">\n\t\t\t\t<div class=\"elementor-widget-container\">\n\t\t\t\t\t\t\t\t\t<p><strong>Tan\u00e1cseln\u00f6k:\u00a0<\/strong><\/p><p><strong>\u00a0<\/strong><a href=\"https:\/\/catholic-su.rs\/hu\/ivankovic-radak-ivica\/\">Ft. dr. <\/a><a href=\"https:\/\/catholic-su.rs\/hu\/ivankovic-radak-ivica\/\">Ivica<\/a><a href=\"https:\/\/catholic-su.rs\/hu\/ivankovic-radak-ivica\/\"> Ivankovi\u0107 Radak <\/a><\/p><p><strong>Titk\u00e1r: \u00a0\u00a0 \u00a0\u00a0 \u00a0\u00a0 \u00a0\u00a0 \u00a0\u00a0 \u00a0\u00a0 \u00a0\u00a0 \u00a0\u00a0 \u00a0\u00a0 \u00a0\u00a0 \u00a0 <\/strong><\/p><p><a href=\"https:\/\/catholic-su.rs\/hu\/tumbas-loketic-sinisa\/\">Ft. <\/a><a href=\"https:\/\/catholic-su.rs\/hu\/tumbas-loketic-sinisa\/\">Sini\u0161a<\/a><a href=\"https:\/\/catholic-su.rs\/hu\/tumbas-loketic-sinisa\/\"> Tumbas Loketi\u0107 <\/a><\/p><p><a href=\"https:\/\/catholic-su.rs\/hu\/sipek-zeljko\/\">Msgr. <\/a><a href=\"https:\/\/catholic-su.rs\/hu\/sipek-zeljko\/\">\u017deljko<\/a><a href=\"https:\/\/catholic-su.rs\/hu\/sipek-zeljko\/\"> \u0160ipek <\/a><br \/><a href=\"https:\/\/catholic-su.rs\/hu\/szungyi-karoly\/\">Ft. Szungyi K\u00e1roly<\/a><br \/><a href=\"https:\/\/catholic-su.rs\/hu\/koleszar-jozsef\/\">Ft. Kolesz\u00e1r J\u00f3zsef<\/a><br \/><a href=\"https:\/\/catholic-su.rs\/hu\/fuderer-laszlo\/\">Ft. Fuderer L\u00e1szl\u00f3\u00a0<br \/><\/a><a href=\"https:\/\/catholic-su.rs\/hu\/zseller-attila\/\">Msgr. Zsell\u00e9r Attila\u00a0 \u00a0<\/a> \u00a0 \u00a0 \u00a0 \u00a0 \u00a0 \u00a0 \u00a0 \u00a0 \u00a0 \u00a0\u00a0<br \/><span class=\"fabric-text-color-mark\" data-renderer-mark=\"true\" data-text-custom-color=\"#0747a6\">Marija U\u0161umovi\u0107<\/span><\/p>\t\t\t\t\t\t\t\t<\/div>\n\t\t\t\t<\/div>\n\t\t\t\t<div class=\"elementor-element elementor-element-948a81a elementor-widget-divider--view-line elementor-widget elementor-widget-divider\" data-id=\"948a81a\" data-element_type=\"widget\" data-e-type=\"widget\" data-widget_type=\"divider.default\">\n\t\t\t\t<div class=\"elementor-widget-container\">\n\t\t\t\t\t\t\t<div class=\"elementor-divider\">\n\t\t\t<span class=\"elementor-divider-separator\">\n\t\t\t\t\t\t<\/span>\n\t\t<\/div>\n\t\t\t\t\t\t<\/div>\n\t\t\t\t<\/div>\n\t\t\t\t<div class=\"elementor-element elementor-element-cc9daef elementor-widget elementor-widget-text-editor\" data-id=\"cc9daef\" data-element_type=\"widget\" data-e-type=\"widget\" data-widget_type=\"text-editor.default\">\n\t\t\t\t<div class=\"elementor-widget-container\">\n\t\t\t\t\t\t\t\t\t<p>A Tan\u00e1cs megb\u00edzat\u00e1sa 2028.12.31-ig tart.<\/p>\t\t\t\t\t\t\t\t<\/div>\n\t\t\t\t<\/div>\n\t\t\t\t\t<\/div>\n\t\t<\/div>\n\t\t\t\t<div class=\"elementor-column elementor-col-25 elementor-top-column elementor-element elementor-element-5a10c7b\" data-id=\"5a10c7b\" data-element_type=\"column\" data-e-type=\"column\">\n\t\t\t<div class=\"elementor-widget-wrap elementor-element-populated\">\n\t\t\t\t\t\t<div class=\"elementor-element elementor-element-6689499 elementor-widget elementor-widget-heading\" data-id=\"6689499\" data-element_type=\"widget\" data-e-type=\"widget\" data-widget_type=\"heading.default\">\n\t\t\t\t<div class=\"elementor-widget-container\">\n\t\t\t\t\t<h4 class=\"elementor-heading-title elementor-size-default\">Egyh\u00e1zmegyei referensek\n<\/h4>\t\t\t\t<\/div>\n\t\t\t\t<\/div>\n\t\t\t\t<div class=\"elementor-element elementor-element-918e957 elementor-widget elementor-widget-text-editor\" data-id=\"918e957\" data-element_type=\"widget\" data-e-type=\"widget\" data-widget_type=\"text-editor.default\">\n\t\t\t\t<div class=\"elementor-widget-container\">\n\t\t\t\t\t\t\t\t\t<p><strong>Ifj\u00fas\u00e1gi referensek:<br \/><\/strong><a href=\"https:\/\/catholic-su.rs\/hr\/balazevic-dusan\/\">Ft. Du\u0161an Bala\u017eevi\u0107<\/a> <br \/><a href=\"https:\/\/catholic-su.rs\/hu\/utcai-robert\/\">Ft. Utcai R\u00f3bert<\/a><\/p>\t\t\t\t\t\t\t\t<\/div>\n\t\t\t\t<\/div>\n\t\t\t\t<div class=\"elementor-element elementor-element-6f22a77 elementor-widget elementor-widget-text-editor\" data-id=\"6f22a77\" data-element_type=\"widget\" data-e-type=\"widget\" data-widget_type=\"text-editor.default\">\n\t\t\t\t<div class=\"elementor-widget-container\">\n\t\t\t\t\t\t\t\t\t<p><strong>Ministr\u00e1ns<\/strong> referensek:<br \/><a href=\"https:\/\/catholic-su.rs\/hu\/dulic-drazen\/\">Ft. <\/a><a href=\"https:\/\/catholic-su.rs\/hu\/dulic-drazen\/\">Dra\u017een<\/a><a href=\"https:\/\/catholic-su.rs\/hu\/dulic-drazen\/\"> Duli\u0107<\/a><br \/><a href=\"https:\/\/catholic-su.rs\/hu\/verebelyi-arpad\/\">Ft. Vereb\u00e9lyi \u00c1rp\u00e1d<\/a><strong><br \/><\/strong><\/p>\t\t\t\t\t\t\t\t<\/div>\n\t\t\t\t<\/div>\n\t\t\t\t<div class=\"elementor-element elementor-element-5a8d953 elementor-widget__width-initial elementor-widget elementor-widget-text-editor\" data-id=\"5a8d953\" data-element_type=\"widget\" data-e-type=\"widget\" data-widget_type=\"text-editor.default\">\n\t\t\t\t<div class=\"elementor-widget-container\">\n\t\t\t\t\t\t\t\t\t<p><strong>Misszi\u00f3s referensek:<br \/><\/strong><a href=\"https:\/\/catholic-su.rs\/hu\/katacic-daniel\/\">Ft. <\/a><a href=\"https:\/\/catholic-su.rs\/hu\/katacic-daniel\/\"> Danijel<\/a><a href=\"https:\/\/catholic-su.rs\/hu\/katacic-daniel\/\"> Kata\u010di\u0107 <br \/>Ft. S\u00e1fr\u00e1ny D\u00e1vid<\/a><\/p>\t\t\t\t\t\t\t\t<\/div>\n\t\t\t\t<\/div>\n\t\t\t\t<div class=\"elementor-element elementor-element-c3b7780 elementor-widget elementor-widget-text-editor\" data-id=\"c3b7780\" data-element_type=\"widget\" data-e-type=\"widget\" data-widget_type=\"text-editor.default\">\n\t\t\t\t<div class=\"elementor-widget-container\">\n\t\t\t\t\t\t\t\t\t<p><strong><b>Hivat\u00e1s-pasztor\u00e1ci\u00f3<\/b>:<br \/><\/strong><a href=\"https:\/\/catholic-su.rs\/hu\/cvijin-vinko\/\">Ft. Vinko Cvijin <\/a><br \/><a href=\"https:\/\/catholic-su.rs\/hu\/balcsak-szilard\/\">Ft. Balcs\u00e1k Szil\u00e1rd<\/a><\/p>\t\t\t\t\t\t\t\t<\/div>\n\t\t\t\t<\/div>\n\t\t\t\t\t<\/div>\n\t\t<\/div>\n\t\t\t\t\t<\/div>\n\t\t<\/section>\n\t\t\t\t<\/div>\n\t\t","protected":false},"excerpt":{"rendered":"<p> [&hellip;]<\/p>\n","protected":false},"author":1,"featured_media":0,"parent":0,"menu_order":0,"comment_status":"closed","ping_status":"closed","template":"","meta":{"site-sidebar-layout":"no-sidebar","site-content-layout":"page-builder","ast-site-content-layout":"full-width-container","site-content-style":"unboxed","site-sidebar-style":"unboxed","ast-global-header-display":"","ast-banner-title-visibility":"","ast-main-header-display":"","ast-hfb-above-header-display":"","ast-hfb-below-header-display":"","ast-hfb-mobile-header-display":"","site-post-title":"disabled","ast-breadcrumbs-content":"","ast-featured-img":"disabled","footer-sml-layout":"","ast-disable-related-posts":"","theme-transparent-header-meta":"default","adv-header-id-meta":"","stick-header-meta":"default","header-above-stick-meta":"","header-main-stick-meta":"","header-below-stick-meta":"","astra-migrate-meta-layouts":"set","ast-page-background-enabled":"default","ast-page-background-meta":{"desktop":{"background-color":"","background-image":"","background-repeat":"repeat","background-position":"center center","background-size":"auto","background-attachment":"scroll","background-type":"","background-media":"","overlay-type":"","overlay-color":"","overlay-opacity":"","overlay-gradient":""},"tablet":{"background-color":"","background-image":"","background-repeat":"repeat","background-position":"center center","background-size":"auto","background-attachment":"scroll","background-type":"","background-media":"","overlay-type":"","overlay-color":"","overlay-opacity":"","overlay-gradient":""},"mobile":{"background-color":"","background-image":"","background-repeat":"repeat","background-position":"center center","background-size":"auto","background-attachment":"scroll","background-type":"","background-media":"","overlay-type":"","overlay-color":"","overlay-opacity":"","overlay-gradient":""}},"ast-content-background-meta":{"desktop":{"background-color":"var(--ast-global-color-5)","background-image":"","background-repeat":"repeat","background-position":"center center","background-size":"auto","background-attachment":"scroll","background-type":"","background-media":"","overlay-type":"","overlay-color":"","overlay-opacity":"","overlay-gradient":""},"tablet":{"background-color":"var(--ast-global-color-5)","background-image":"","background-repeat":"repeat","background-position":"center center","background-size":"auto","background-attachment":"scroll","background-type":"","background-media":"","overlay-type":"","overlay-color":"","overlay-opacity":"","overlay-gradient":""},"mobile":{"background-color":"var(--ast-global-color-5)","background-image":"","background-repeat":"repeat","background-position":"center center","background-size":"auto","background-attachment":"scroll","background-type":"","background-media":"","overlay-type":"","overlay-color":"","overlay-opacity":"","overlay-gradient":""}},"footnotes":""},"class_list":["post-8808","page","type-page","status-publish","hentry"],"_links":{"self":[{"href":"https:\/\/catholic-su.rs\/hu\/wp-json\/wp\/v2\/pages\/8808","targetHints":{"allow":["GET"]}}],"collection":[{"href":"https:\/\/catholic-su.rs\/hu\/wp-json\/wp\/v2\/pages"}],"about":[{"href":"https:\/\/catholic-su.rs\/hu\/wp-json\/wp\/v2\/types\/page"}],"author":[{"embeddable":true,"href":"https:\/\/catholic-su.rs\/hu\/wp-json\/wp\/v2\/users\/1"}],"replies":[{"embeddable":true,"href":"https:\/\/catholic-su.rs\/hu\/wp-json\/wp\/v2\/comments?post=8808"}],"version-history":[{"count":5,"href":"https:\/\/catholic-su.rs\/hu\/wp-json\/wp\/v2\/pages\/8808\/revisions"}],"predecessor-version":[{"id":46829,"href":"https:\/\/catholic-su.rs\/hu\/wp-json\/wp\/v2\/pages\/8808\/revisions\/46829"}],"wp:attachment":[{"href":"https:\/\/catholic-su.rs\/hu\/wp-json\/wp\/v2\/media?parent=8808"}],"curies":[{"name":"wp","href":"https:\/\/api.w.org\/{rel}","templated":true}]}}