{"id":8582,"date":"2022-02-18T16:14:54","date_gmt":"2022-02-18T16:14:54","guid":{"rendered":"https:\/\/catholic-su.rs\/puspok\/rendes\/"},"modified":"2024-12-05T10:36:27","modified_gmt":"2024-12-05T09:36:27","slug":"megyespuspok","status":"publish","type":"page","link":"https:\/\/catholic-su.rs\/hu\/megyespuspok\/","title":{"rendered":"Megy\u00e9sp\u00fcsp\u00f6k"},"content":{"rendered":"\t\t<div data-elementor-type=\"wp-page\" data-elementor-id=\"8582\" class=\"elementor elementor-8582 elementor-3664\" data-elementor-post-type=\"page\">\n\t\t\t\t\t\t<section class=\"elementor-section elementor-top-section elementor-element elementor-element-9fe9cb8 elementor-section-height-min-height elementor-section-content-middle elementor-section-boxed elementor-section-height-default elementor-section-items-middle\" data-id=\"9fe9cb8\" data-element_type=\"section\" data-e-type=\"section\" data-settings=\"{&quot;background_background&quot;:&quot;classic&quot;}\">\n\t\t\t\t\t\t<div class=\"elementor-container elementor-column-gap-default\">\n\t\t\t\t\t<div class=\"elementor-column elementor-col-50 elementor-top-column elementor-element elementor-element-074bd8e\" data-id=\"074bd8e\" data-element_type=\"column\" data-e-type=\"column\">\n\t\t\t<div class=\"elementor-widget-wrap elementor-element-populated\">\n\t\t\t\t\t\t<div class=\"elementor-element elementor-element-e574a2f elementor-widget elementor-widget-image\" data-id=\"e574a2f\" data-element_type=\"widget\" data-e-type=\"widget\" data-widget_type=\"image.default\">\n\t\t\t\t<div class=\"elementor-widget-container\">\n\t\t\t\t\t\t\t\t\t\t\t\t\t\t\t\t<a href=\"https:\/\/catholic-su.rs\/hu\/\">\n\t\t\t\t\t\t\t<img decoding=\"async\" width=\"224\" height=\"101\" src=\"https:\/\/catholic-su.rs\/wp-content\/uploads\/2022\/10\/logoi-hu-1-1.png\" class=\"attachment-full size-full wp-image-22169\" alt=\"\" \/>\t\t\t\t\t\t\t\t<\/a>\n\t\t\t\t\t\t\t\t\t\t\t\t\t\t\t<\/div>\n\t\t\t\t<\/div>\n\t\t\t\t\t<\/div>\n\t\t<\/div>\n\t\t\t\t<div class=\"elementor-column elementor-col-50 elementor-top-column elementor-element elementor-element-5c316f7\" data-id=\"5c316f7\" data-element_type=\"column\" data-e-type=\"column\">\n\t\t\t<div class=\"elementor-widget-wrap\">\n\t\t\t\t\t\t\t<\/div>\n\t\t<\/div>\n\t\t\t\t\t<\/div>\n\t\t<\/section>\n\t\t\t\t<section class=\"elementor-section elementor-top-section elementor-element elementor-element-ecad435 elementor-section-boxed elementor-section-height-default elementor-section-height-default\" data-id=\"ecad435\" data-element_type=\"section\" data-e-type=\"section\">\n\t\t\t\t\t\t<div class=\"elementor-container elementor-column-gap-default\">\n\t\t\t\t\t<div class=\"elementor-column elementor-col-100 elementor-top-column elementor-element elementor-element-7f8bafdf\" data-id=\"7f8bafdf\" data-element_type=\"column\" data-e-type=\"column\" data-settings=\"{&quot;background_background&quot;:&quot;classic&quot;}\">\n\t\t\t<div class=\"elementor-widget-wrap elementor-element-populated\">\n\t\t\t\t\t\t<div class=\"elementor-element elementor-element-6f66650c elementor-widget elementor-widget-heading\" data-id=\"6f66650c\" data-element_type=\"widget\" data-e-type=\"widget\" data-widget_type=\"heading.default\">\n\t\t\t\t<div class=\"elementor-widget-container\">\n\t\t\t\t\t<h2 class=\"elementor-heading-title elementor-size-default\">Fazekas Ferenc\n<\/h2>\t\t\t\t<\/div>\n\t\t\t\t<\/div>\n\t\t\t\t\t<\/div>\n\t\t<\/div>\n\t\t\t\t\t<\/div>\n\t\t<\/section>\n\t\t\t\t<section class=\"elementor-section elementor-top-section elementor-element elementor-element-3fc1505e elementor-section-boxed elementor-section-height-default elementor-section-height-default\" data-id=\"3fc1505e\" data-element_type=\"section\" data-e-type=\"section\">\n\t\t\t\t\t\t<div class=\"elementor-container elementor-column-gap-default\">\n\t\t\t\t\t<div class=\"elementor-column elementor-col-50 elementor-top-column elementor-element elementor-element-290db0dd\" data-id=\"290db0dd\" data-element_type=\"column\" data-e-type=\"column\">\n\t\t\t<div class=\"elementor-widget-wrap elementor-element-populated\">\n\t\t\t\t\t\t<div class=\"elementor-element elementor-element-88ce774 elementor-widget elementor-widget-image\" data-id=\"88ce774\" data-element_type=\"widget\" data-e-type=\"widget\" data-widget_type=\"image.default\">\n\t\t\t\t<div class=\"elementor-widget-container\">\n\t\t\t\t\t\t\t\t\t\t\t\t<figure class=\"wp-caption\">\n\t\t\t\t\t\t\t\t\t\t<img fetchpriority=\"high\" decoding=\"async\" width=\"1200\" height=\"1200\" src=\"https:\/\/catholic-su.rs\/wp-content\/uploads\/2024\/01\/biskup.jpg\" class=\"attachment-full size-full wp-image-27429\" alt=\"\" srcset=\"https:\/\/catholic-su.rs\/wp-content\/uploads\/2024\/01\/biskup.jpg 1200w, https:\/\/catholic-su.rs\/wp-content\/uploads\/2024\/01\/biskup-300x300.jpg 300w, https:\/\/catholic-su.rs\/wp-content\/uploads\/2024\/01\/biskup-1024x1024.jpg 1024w, https:\/\/catholic-su.rs\/wp-content\/uploads\/2024\/01\/biskup-150x150.jpg 150w, https:\/\/catholic-su.rs\/wp-content\/uploads\/2024\/01\/biskup-768x768.jpg 768w\" sizes=\"(max-width: 1200px) 100vw, 1200px\" \/>\t\t\t\t\t\t\t\t\t\t\t<figcaption class=\"widget-image-caption wp-caption-text\">Fot\u00f3: Kov\u00e1cs Attila \/ Szabadkai Egyh\u00e1zmegye<\/figcaption>\n\t\t\t\t\t\t\t\t\t\t<\/figure>\n\t\t\t\t\t\t\t\t\t<\/div>\n\t\t\t\t<\/div>\n\t\t\t\t\t<\/div>\n\t\t<\/div>\n\t\t\t\t<div class=\"elementor-column elementor-col-50 elementor-top-column elementor-element elementor-element-2b18e0d\" data-id=\"2b18e0d\" data-element_type=\"column\" data-e-type=\"column\">\n\t\t\t<div class=\"elementor-widget-wrap elementor-element-populated\">\n\t\t\t\t\t\t<div class=\"elementor-element elementor-element-16be3ff elementor-widget elementor-widget-text-editor\" data-id=\"16be3ff\" data-element_type=\"widget\" data-e-type=\"widget\" data-widget_type=\"text-editor.default\">\n\t\t\t\t<div class=\"elementor-widget-container\">\n\t\t\t\t\t\t\t\t\t<div><strong>Sz\u00fclet\u00e9si helye \u00e9s ideje:<\/strong><\/div><p>\u00d3becse, 1958.09.29.<\/p><p><strong>Papp\u00e0 szentel\u00e8s helye \u00e8s ideje:<\/strong><br \/>Avila Szent Ter\u00e8z-sz\u00e8kesegyh\u00e0z &#8211; Szabadka, 1984. 06. 29.<br \/><br \/><strong>P\u016bsp\u00f6kk\u00e8 szentel\u00e8s helye \u00e8s ideje:<\/strong><br \/>Avilai Szent Ter\u00e8z-sz\u00e8kesegyh\u00e0z &#8211; Szabadka, 2023. 11. 11.<\/p>\t\t\t\t\t\t\t\t<\/div>\n\t\t\t\t<\/div>\n\t\t\t\t\t<\/div>\n\t\t<\/div>\n\t\t\t\t\t<\/div>\n\t\t<\/section>\n\t\t\t\t<section class=\"elementor-section elementor-top-section elementor-element elementor-element-cec77e6 elementor-section-boxed elementor-section-height-default elementor-section-height-default\" data-id=\"cec77e6\" data-element_type=\"section\" data-e-type=\"section\">\n\t\t\t\t\t\t<div class=\"elementor-container elementor-column-gap-default\">\n\t\t\t\t\t<div class=\"elementor-column elementor-col-100 elementor-top-column elementor-element elementor-element-70b8f20\" data-id=\"70b8f20\" data-element_type=\"column\" data-e-type=\"column\">\n\t\t\t<div class=\"elementor-widget-wrap elementor-element-populated\">\n\t\t\t\t\t\t<div class=\"elementor-element elementor-element-5db1efe elementor-widget-divider--view-line elementor-widget elementor-widget-divider\" data-id=\"5db1efe\" data-element_type=\"widget\" data-e-type=\"widget\" data-widget_type=\"divider.default\">\n\t\t\t\t<div class=\"elementor-widget-container\">\n\t\t\t\t\t\t\t<div class=\"elementor-divider\">\n\t\t\t<span class=\"elementor-divider-separator\">\n\t\t\t\t\t\t<\/span>\n\t\t<\/div>\n\t\t\t\t\t\t<\/div>\n\t\t\t\t<\/div>\n\t\t\t\t<div class=\"elementor-element elementor-element-fb9a694 elementor-widget elementor-widget-text-editor\" data-id=\"fb9a694\" data-element_type=\"widget\" data-e-type=\"widget\" data-widget_type=\"text-editor.default\">\n\t\t\t\t<div class=\"elementor-widget-container\">\n\t\t\t\t\t\t\t\t\t<p><strong>\u00d6n\u00e9letrajz<\/strong><\/p>\t\t\t\t\t\t\t\t<\/div>\n\t\t\t\t<\/div>\n\t\t\t\t\t<\/div>\n\t\t<\/div>\n\t\t\t\t\t<\/div>\n\t\t<\/section>\n\t\t\t\t<section class=\"elementor-section elementor-top-section elementor-element elementor-element-4878aad elementor-section-boxed elementor-section-height-default elementor-section-height-default\" data-id=\"4878aad\" data-element_type=\"section\" data-e-type=\"section\">\n\t\t\t\t\t\t<div class=\"elementor-container elementor-column-gap-default\">\n\t\t\t\t\t<div class=\"elementor-column elementor-col-50 elementor-top-column elementor-element elementor-element-658159e\" data-id=\"658159e\" data-element_type=\"column\" data-e-type=\"column\">\n\t\t\t<div class=\"elementor-widget-wrap elementor-element-populated\">\n\t\t\t\t\t\t<div class=\"elementor-element elementor-element-5175855 elementor-widget elementor-widget-text-editor\" data-id=\"5175855\" data-element_type=\"widget\" data-e-type=\"widget\" data-widget_type=\"text-editor.default\">\n\t\t\t\t<div class=\"elementor-widget-container\">\n\t\t\t\t\t\t\t\t\t<p>Fazekas Ferenc \u00d3becs\u00e9n sz\u00fcletett, 1958. szeptember 29-\u00e9n. 1977-t\u0151l 1984-ig a Z\u00e1gr\u00e1bi Egyetem, Katolikus Hittudom\u00e1nyi Kar\u00e1n tanult. P\u00e9ter \u00e9s P\u00e1l \u00fcnnep\u00e9n 1984-ben szentelt\u00e9k papp\u00e1 a szabadkai sz\u00e9kesegyh\u00e1zban. 1984. okt\u00f3ber 20. \u00e9s 1986. m\u00e1jus 17. k\u00f6z\u00f6tt a zombori Szenth\u00e1roms\u00e1g pl\u00e9b\u00e1nia k\u00e1pl\u00e1nja, majd a bajsai Nagyboldogasszony pl\u00e9b\u00e1nia korm\u00e1nyz\u00f3ja, valamint a topolyai Sarl\u00f3s Boldogasszony pl\u00e9b\u00e1nia vik\u00e1riusa, 1986. m\u00e1jus 17-t\u0151l 1988. szeptember 1-ig. Ezek ut\u00e1n a gombosi Szent L\u00e1szl\u00f3, valamint a r\u00e1cmiliticsi Szent Kereszt felmagasztal\u00e1sa pl\u00e9b\u00e1nia korm\u00e1nyz\u00f3ja 1988. szeptember 1-t\u0151l 1993. december 15-ig, majd ugyanitt 1993. december 15-t\u0151l 1994. okt\u00f3ber 20-ig pl\u00e9b\u00e1nos, majd egy \u00e9ven kereszt\u00fcl a zentai Szent Antal pl\u00e9b\u00e1ni\u00e1t vezeti. 1998. okt\u00f3ber 10-t\u0151l a\u00a0<span style=\"font-size: 1rem;\">2021 nyar\u00e1ig a topolyai Sarl\u00f3s Boldogasszony pl\u00e9b\u00e1nipl\u00e9b\u00e1nosa \u00e9s a k\u00e9s\u0151bb alap\u00edtott J\u00e9zus Sz\u00edve vik\u00e1ria vezet\u0151je. A szabadkai Szent Gy\u00f6rgy pl\u00e9b\u00e1nia pl\u00e9b\u00e1nos\u00e1nak 2021. m\u00e1jus 25-\u00e9n nevezt\u00e9k ki.\u00a0<\/span><span style=\"font-size: 1rem;\">Tagja volt az egyh\u00e1zmegyei Karit\u00e1sz Bizotts\u00e1gnak, a Papi Szen\u00e1tusnak, valamint a Tan\u00e1csosok Test\u00fclet\u00e9nek. 2005. november 28- t\u00f3l 2012. november 30-ig a topolyai\u00a0<\/span><\/p>\t\t\t\t\t\t\t\t<\/div>\n\t\t\t\t<\/div>\n\t\t\t\t\t<\/div>\n\t\t<\/div>\n\t\t\t\t<div class=\"elementor-column elementor-col-50 elementor-top-column elementor-element elementor-element-a81b3f8\" data-id=\"a81b3f8\" data-element_type=\"column\" data-e-type=\"column\">\n\t\t\t<div class=\"elementor-widget-wrap elementor-element-populated\">\n\t\t\t\t\t\t<div class=\"elementor-element elementor-element-da2c610 elementor-widget elementor-widget-text-editor\" data-id=\"da2c610\" data-element_type=\"widget\" data-e-type=\"widget\" data-widget_type=\"text-editor.default\">\n\t\t\t\t<div class=\"elementor-widget-container\">\n\t\t\t\t\t\t\t\t\t<p><span style=\"font-size: 1rem;\">esperesker\u00fclet esperese volt.<\/span><span style=\"font-style: inherit; font-weight: inherit;\">2012. november 30- t\u00f3l 2021. augusztus 16-ig a Tiszamenti f\u0151esperesi ker\u00fclet f\u0151esperese. 2020. november 16-t\u00f3l, 2022. augusztus 26-ig \u00e1ltal\u00e1nos helyn\u00f6k. Msgr. Slavko Ve\u010derin 2022. augusztus 26-\u00e1n bek\u00f6vetkezett hirtelen hal\u00e1la ut\u00e1n, a p\u00fcsp\u00f6ki sz\u00e9k \u00fcresen maradt. A Tan\u00e1csosok Test\u00fclete 2022. augusztus 29-i \u00fcl\u00e9s\u00e9n v\u00e1lasztott\u00e1k meg a Szabadkai Egyh\u00e1zmegye egyh\u00e1zmegyei korm\u00e1nyz\u00f3j\u00e1v\u00e1.<\/span><\/p><p>Ferenc p\u00e1pa 2023. okt\u00f3ber 7-\u00e9n nevezte ki a Szabadkai Egyh\u00e1zmegye megy\u00e9sp\u00fcsp\u00f6k\u00e9v\u00e9.<\/p><p>Ferenc aty\u00e1t 2023. november 11-\u00e9n szentelt\u00e9k p\u00fcsp\u00f6kk\u00e9 Szabadk\u00e1n, az Avilai Szent Ter\u00e9z-sz\u00e9kesegyh\u00e1zban. A f\u0151szentel\u0151 Msgr. dr. Kutle\u0161a Dra\u017een z\u00e1gr\u00e1bi \u00e9rsek, metropolita \u00e9s a Horv\u00e1t P\u00fcsp\u00f6ki Konferencia eln\u00f6ke volt. A t\u00e1rsszentel\u0151k pedig Msgr. dr B\u00e1bel Bal\u00e1zs kalocsa-kecskem\u00e9ti \u00e9rsek, metropolita \u00e9s Msgr. dr. Vlado Ko\u0161i\u0107 sziszeki p\u00fcsp\u00f6k voltak.<\/p>\t\t\t\t\t\t\t\t<\/div>\n\t\t\t\t<\/div>\n\t\t\t\t\t<\/div>\n\t\t<\/div>\n\t\t\t\t\t<\/div>\n\t\t<\/section>\n\t\t\t\t<section class=\"elementor-section elementor-top-section elementor-element elementor-element-bd20e14 elementor-section-boxed elementor-section-height-default elementor-section-height-default\" data-id=\"bd20e14\" data-element_type=\"section\" data-e-type=\"section\">\n\t\t\t\t\t\t<div class=\"elementor-container elementor-column-gap-default\">\n\t\t\t\t\t<div class=\"elementor-column elementor-col-100 elementor-top-column elementor-element elementor-element-e4ee14b\" data-id=\"e4ee14b\" data-element_type=\"column\" data-e-type=\"column\">\n\t\t\t<div class=\"elementor-widget-wrap elementor-element-populated\">\n\t\t\t\t\t\t<div class=\"elementor-element elementor-element-1905aa8 elementor-widget elementor-widget-image\" data-id=\"1905aa8\" data-element_type=\"widget\" data-e-type=\"widget\" data-widget_type=\"image.default\">\n\t\t\t\t<div class=\"elementor-widget-container\">\n\t\t\t\t\t\t\t\t\t\t\t\t\t\t\t<img decoding=\"async\" width=\"2500\" height=\"2506\" src=\"https:\/\/catholic-su.rs\/wp-content\/uploads\/2024\/01\/biskupski-grb.png\" class=\"attachment-full size-full wp-image-27431\" alt=\"\" srcset=\"https:\/\/catholic-su.rs\/wp-content\/uploads\/2024\/01\/biskupski-grb.png 2500w, https:\/\/catholic-su.rs\/wp-content\/uploads\/2024\/01\/biskupski-grb-300x300.png 300w, https:\/\/catholic-su.rs\/wp-content\/uploads\/2024\/01\/biskupski-grb-1022x1024.png 1022w, https:\/\/catholic-su.rs\/wp-content\/uploads\/2024\/01\/biskupski-grb-150x150.png 150w, https:\/\/catholic-su.rs\/wp-content\/uploads\/2024\/01\/biskupski-grb-768x770.png 768w, https:\/\/catholic-su.rs\/wp-content\/uploads\/2024\/01\/biskupski-grb-1532x1536.png 1532w, https:\/\/catholic-su.rs\/wp-content\/uploads\/2024\/01\/biskupski-grb-2043x2048.png 2043w\" sizes=\"(max-width: 2500px) 100vw, 2500px\" \/>\t\t\t\t\t\t\t\t\t\t\t\t\t\t\t<\/div>\n\t\t\t\t<\/div>\n\t\t\t\t\t<\/div>\n\t\t<\/div>\n\t\t\t\t\t<\/div>\n\t\t<\/section>\n\t\t\t\t<section class=\"elementor-section elementor-top-section elementor-element elementor-element-ea76f22 elementor-section-boxed elementor-section-height-default elementor-section-height-default\" data-id=\"ea76f22\" data-element_type=\"section\" data-e-type=\"section\">\n\t\t\t\t\t\t<div class=\"elementor-container elementor-column-gap-default\">\n\t\t\t\t\t<div class=\"elementor-column elementor-col-100 elementor-top-column elementor-element elementor-element-c801ce6\" data-id=\"c801ce6\" data-element_type=\"column\" data-e-type=\"column\">\n\t\t\t<div class=\"elementor-widget-wrap elementor-element-populated\">\n\t\t\t\t\t\t<div class=\"elementor-element elementor-element-e3072d8 elementor-widget-divider--view-line elementor-widget elementor-widget-divider\" data-id=\"e3072d8\" data-element_type=\"widget\" data-e-type=\"widget\" data-widget_type=\"divider.default\">\n\t\t\t\t<div class=\"elementor-widget-container\">\n\t\t\t\t\t\t\t<div class=\"elementor-divider\">\n\t\t\t<span class=\"elementor-divider-separator\">\n\t\t\t\t\t\t<\/span>\n\t\t<\/div>\n\t\t\t\t\t\t<\/div>\n\t\t\t\t<\/div>\n\t\t\t\t<div class=\"elementor-element elementor-element-59b77ce elementor-widget elementor-widget-text-editor\" data-id=\"59b77ce\" data-element_type=\"widget\" data-e-type=\"widget\" data-widget_type=\"text-editor.default\">\n\t\t\t\t<div class=\"elementor-widget-container\">\n\t\t\t\t\t\t\t\t\t<p><strong>C\u00edmer<\/strong><\/p>\t\t\t\t\t\t\t\t<\/div>\n\t\t\t\t<\/div>\n\t\t\t\t\t<\/div>\n\t\t<\/div>\n\t\t\t\t\t<\/div>\n\t\t<\/section>\n\t\t\t\t<section class=\"elementor-section elementor-top-section elementor-element elementor-element-8822fc6 elementor-section-boxed elementor-section-height-default elementor-section-height-default\" data-id=\"8822fc6\" data-element_type=\"section\" data-e-type=\"section\">\n\t\t\t\t\t\t<div class=\"elementor-container elementor-column-gap-default\">\n\t\t\t\t\t<div class=\"elementor-column elementor-col-50 elementor-top-column elementor-element elementor-element-d0bb782\" data-id=\"d0bb782\" data-element_type=\"column\" data-e-type=\"column\">\n\t\t\t<div class=\"elementor-widget-wrap elementor-element-populated\">\n\t\t\t\t\t\t<div class=\"elementor-element elementor-element-b4bc37d elementor-widget elementor-widget-text-editor\" data-id=\"b4bc37d\" data-element_type=\"widget\" data-e-type=\"widget\" data-widget_type=\"text-editor.default\">\n\t\t\t\t<div class=\"elementor-widget-container\">\n\t\t\t\t\t\t\t\t\t<p>A p\u00fcsp\u00f6ki c\u00edmer \u00e9s jelmondat a jelk\u00e9pek szintj\u00e9n igyekszik \u00f6sz-szefoglalni \u00e9s bemutatni egy egyh\u00e1zmegye f\u0151p\u00e1sztor\u00e1nak szem\u00e9lyis\u00e9g\u00e9t \u00e9s p\u00fcsp\u00f6ki szolg\u00e1lat\u00e1t, ugyanakkor igyekszik meghat\u00e1rozni a p\u00fcsp\u00f6k lel-kip\u00e1sztori ir\u00e1nyvonal\u00e1t is. Fazekas Ferenc szabadkai megy\u00e9sp\u00fcsp\u00f6k c\u00ed-mere a k\u00f6vetkez\u0151 heraldikai elemeket tartalmazza: els\u0151 a pajzs, amely-nek alakja az egyh\u00e1zmegye sz\u00e9khely\u00e9nek, Szabadka v\u00e1ros\u00e1nak c\u00edmer\u00e9t k\u00f6veti. A c\u00edmer h\u00e1rom mez\u0151re tagol\u00f3dik, a mez\u0151k elrendez\u00e9s\u00e9t \u00e9s sz\u00edneit (k\u00e9k, piros \u00e9s z\u00f6ld) a Szabadkai Egyh\u00e1zmegye c\u00edmer\u00e9b\u0151l vett\u00fck \u00e1t. Az els\u0151, k\u00e9k mez\u0151ben egy arany kehely, benne ostya l\u00e1that\u00f3, a m\u00e1sodik, pi-ros mez\u0151ben egy h\u00e9t\u00e1g\u00fa arany csillag, a z\u00f6ld mez\u0151ben pedig egy nyitott k\u00f6nyv, a latin \u201ePax et bonum\u201d felirattal. A pajzs cs\u00facs\u00e1n arany k\u00f6rmeneti kereszt magasodik. A c\u00edmer f\u00f6l\u00f6tt a p\u00fcsp\u00f6ki m\u00e9lt\u00f3s\u00e1g \u00e9s tiszts\u00e9g jele, a z\u00f6ld kalap l\u00e1that\u00f3, mindk\u00e9t oldal\u00e1n hat z\u00f6ld bojttal. Alul feh\u00e9r szalagon fekete bet\u0171kkel a p\u00fcsp\u00f6ki jelmondat olvashat\u00f3: \u201eSpe gaudentes \u2013 A re-m\u00e9nyben legyetek der\u0171sek\u201d (v\u00f6. R\u00f3m 12,12).<\/p><p>Az els\u0151, k\u00e9k mez\u0151ben az Eucharisztia szents\u00e9g\u00e9nek szimb\u00f3luma l\u00e1that\u00f3. Ez az a szents\u00e9g, amelyre az Egyh\u00e1z minden tev\u00e9kenys\u00e9ge ir\u00e1-nyul, a forr\u00e1s, amelyb\u0151l az Egyh\u00e1z minden ereje fakad (v\u00f6. SC 10), de egyben ez az a szents\u00e9g is, amelyben a legvil\u00e1gosabban megnyilv\u00e1nul egy egyh\u00e1zmegye h\u00edveinek egys\u00e9ge. A h\u00edvek az Eucharisztia szents\u00e9g\u00e9-b\u0151l t\u00e1pl\u00e1lkozva a vil\u00e1got \u00f6r\u00f6mmel, b\u00e9k\u00e9vel, biztons\u00e1ggal \u00e9s bizalommal \u00e1rasztj\u00e1k el, ezt jel\u00f6li a k\u00e9k sz\u00edn. Ez a sz\u00edn egyben az \u00e9gbolt sz\u00edne is, \u00edgy megnyilv\u00e1nul ebben az \u00e1br\u00e1zol\u00e1sban a felh\u00edv\u00e1s, hogy ne a f\u00f6ldiekre, ha-nem a mennyeiekre legyen gondunk: \u201eAmi ott f\u00f6nn van, arra legyen gon-dotok, ne a f\u00f6ldiekre. Hiszen meghaltatok, \u00e9s \u00e9letetek Krisztussal el van rejtve az Istenben. Amikor majd Krisztus, a mi \u00e9let\u00fcnk megjelenik, vele egy\u00fctt ti is megjelentek dics\u0151s\u00e9gesen.\u201d (Kol 3,2-4). A m\u00e1sodik, v\u00f6r\u00f6s mez\u0151 k\u00f6zep\u00e9n egy h\u00e9t\u00e1g\u00fa arany csillag l\u00e1that\u00f3, mely a Tenger Csillag\u00e1nak,\u00a0a Boldogs\u00e1gos Szent Sz\u0171znek szimb\u00f3luma, ugyanakkor a<\/p>\t\t\t\t\t\t\t\t<\/div>\n\t\t\t\t<\/div>\n\t\t\t\t\t<\/div>\n\t\t<\/div>\n\t\t\t\t<div class=\"elementor-column elementor-col-50 elementor-top-column elementor-element elementor-element-321f1aa\" data-id=\"321f1aa\" data-element_type=\"column\" data-e-type=\"column\">\n\t\t\t<div class=\"elementor-widget-wrap elementor-element-populated\">\n\t\t\t\t\t\t<div class=\"elementor-element elementor-element-5a203fb elementor-widget elementor-widget-text-editor\" data-id=\"5a203fb\" data-element_type=\"widget\" data-e-type=\"widget\" data-widget_type=\"text-editor.default\">\n\t\t\t\t<div class=\"elementor-widget-container\">\n\t\t\t\t\t\t\t\t\t<p>\u00a0h\u00e9t szents\u00e9g\u00e9 is, \u201eamelyeknek az a rendeltet\u00e9s\u00fck, hogy az embereket megszentelj\u00e9k, Krisztus test\u00e9t f\u00f6l\u00e9p\u00edts\u00e9k \u00e9s az Istennek kij\u00e1r\u00f3 tiszteletet megadj\u00e1k&#8230; A hitet nemcsak f\u00f6lt\u00e9telezik, de szavakkal \u00e9s anyagival\u00f3s\u00e1ggal t\u00e1pl\u00e1lj\u00e1k, er\u0151s\u00edtik \u00e9s ki is fejezik\u201d (v\u00f6 SC 59). Ez a hit saj\u00e1tos m\u00f3don az irgalmass\u00e1g \u00e9s a szeretet cselekedeteiben nyilv\u00e1nul meg, ezt jelen\u00edti meg a piros sz\u00edn, \u00e9s ezen az \u00faton M\u00e1ria \u201ea biztos rem\u00e9ny \u00e9s vi-gasztal\u00e1s jelek\u00e9nt ragyog Isten zar\u00e1ndok n\u00e9pe sz\u00e1m\u00e1ra\u201d (LG 68).<\/p><p>A harmadik, z\u00f6ld mez\u0151ben egy nyitott k\u00f6nyv tal\u00e1lhat\u00f3, \u201ePax et bonum \u2013 \u00c1ld\u00e1s, b\u00e9kess\u00e9g\u201d felirattal. Ez az a felirat, amely elvezet minket Assisi Szent Ferenchez, p\u00fcsp\u00f6k\u00fcnk mennyei oltalmaz\u00f3j\u00e1hoz, de esz\u00fcnkbe juttatja Isten ig\u00e9j\u00e9t is, amely, ha nyitott sz\u00edvvel fogadjuk, meg-termi benn\u00fcnk a b\u00e9ke \u00e9s \u00e1ld\u00e1s gy\u00fcm\u00f6lcseit. Ez sz\u00e1munkra az \u00e9let aj\u00e1n-d\u00e9ka, melyet a mez\u0151 z\u00f6ld sz\u00edne jelez.<\/p><p>A pajzs h\u00e1tter\u00e9ben \u00e1ll\u00f3 aranykereszt form\u00e1j\u00e1t a szabadkai sz\u00e9kes-egyh\u00e1z tornyainak keresztje ihlette. Az arany keresztet \u00f6t piros gy\u00f6ngy d\u00edsz\u00edti, Krisztus \u00f6t seb\u00e9re utalva. A kereszt, valamint a c\u00edmert \u00f6vez\u0151 z\u00f6ld kalap \u00e9s hat bojt jelzi, hogy a c\u00edmer visel\u0151je megy\u00e9sp\u00fcsp\u00f6k. Jelezv\u00e9n az apostoli folytonoss\u00e1got, egyben az el\u0151z\u0151 p\u00fcsp\u00f6k, Msgr. Ve\u010derin Slavko ir\u00e1nti tiszteletet \u00e9s h\u00e1l\u00e1t a kalapot bojtjaival, valamint a jelmondat sza-lagj\u00e1t az \u0151 c\u00edmer\u00e9b\u0151l vett\u00fck \u00e1t.<\/p><p>A \u201eSpe gaudentes\u201d jelmondat a Szabadkai Egyh\u00e1zmegye v\u00e9d\u0151-szentj\u00e9nek, Szent P\u00e1l apostolnak r\u00f3mai level\u00e9b\u0151l sz\u00e1rmazik, a teljes mondat \u00edgy hangzik: \u201eA rem\u00e9nyben legyetek der\u0171sek, a nyomor\u00fas\u00e1gban b\u00e9ket\u0171r\u0151k, az im\u00e1ds\u00e1gban \u00e1llhatatosak.\u201d (R\u00f3m 12,12). A nemzetek apostola szeretettel b\u00e1tor\u00edtja a r\u00e1b\u00edzott k\u00f6z\u00f6ss\u00e9get. Ugyan\u00edgy Ferenc p\u00fcs-p\u00f6k f\u0151p\u00e1sztori szolg\u00e1lata is az apostolok k\u00fcldet\u00e9s\u00e9t folytatja, amikor a r\u00e1b\u00edzott ny\u00e1j\u00e9rt val\u00f3 \u00f6n\u00e1tad\u00e1ss\u00e1 v\u00e1lik, mely ny\u00e1jat mind \u00f6r\u00f6mben, mind t\u00fcrelemben, mind \u00e1llhatatoss\u00e1gban k\u00e9sz meger\u0151s\u00edteni.<\/p><p>ft. mr. Ha\u010dko Tomislav \u00e9s ft. Muharem Dragan<\/p>\t\t\t\t\t\t\t\t<\/div>\n\t\t\t\t<\/div>\n\t\t\t\t\t<\/div>\n\t\t<\/div>\n\t\t\t\t\t<\/div>\n\t\t<\/section>\n\t\t\t\t<\/div>\n\t\t","protected":false},"excerpt":{"rendered":"<p> [&hellip;]<\/p>\n","protected":false},"author":1,"featured_media":0,"parent":0,"menu_order":0,"comment_status":"closed","ping_status":"closed","template":"","meta":{"site-sidebar-layout":"no-sidebar","site-content-layout":"page-builder","ast-site-content-layout":"full-width-container","site-content-style":"unboxed","site-sidebar-style":"unboxed","ast-global-header-display":"","ast-banner-title-visibility":"","ast-main-header-display":"","ast-hfb-above-header-display":"","ast-hfb-below-header-display":"","ast-hfb-mobile-header-display":"","site-post-title":"disabled","ast-breadcrumbs-content":"","ast-featured-img":"disabled","footer-sml-layout":"","ast-disable-related-posts":"","theme-transparent-header-meta":"default","adv-header-id-meta":"","stick-header-meta":"default","header-above-stick-meta":"","header-main-stick-meta":"","header-below-stick-meta":"","astra-migrate-meta-layouts":"set","ast-page-background-enabled":"default","ast-page-background-meta":{"desktop":{"background-color":"","background-image":"","background-repeat":"repeat","background-position":"center center","background-size":"auto","background-attachment":"scroll","background-type":"","background-media":"","overlay-type":"","overlay-color":"","overlay-opacity":"","overlay-gradient":""},"tablet":{"background-color":"","background-image":"","background-repeat":"repeat","background-position":"center center","background-size":"auto","background-attachment":"scroll","background-type":"","background-media":"","overlay-type":"","overlay-color":"","overlay-opacity":"","overlay-gradient":""},"mobile":{"background-color":"","background-image":"","background-repeat":"repeat","background-position":"center center","background-size":"auto","background-attachment":"scroll","background-type":"","background-media":"","overlay-type":"","overlay-color":"","overlay-opacity":"","overlay-gradient":""}},"ast-content-background-meta":{"desktop":{"background-color":"var(--ast-global-color-5)","background-image":"","background-repeat":"repeat","background-position":"center center","background-size":"auto","background-attachment":"scroll","background-type":"","background-media":"","overlay-type":"","overlay-color":"","overlay-opacity":"","overlay-gradient":""},"tablet":{"background-color":"var(--ast-global-color-5)","background-image":"","background-repeat":"repeat","background-position":"center center","background-size":"auto","background-attachment":"scroll","background-type":"","background-media":"","overlay-type":"","overlay-color":"","overlay-opacity":"","overlay-gradient":""},"mobile":{"background-color":"var(--ast-global-color-5)","background-image":"","background-repeat":"repeat","background-position":"center center","background-size":"auto","background-attachment":"scroll","background-type":"","background-media":"","overlay-type":"","overlay-color":"","overlay-opacity":"","overlay-gradient":""}},"footnotes":""},"class_list":["post-8582","page","type-page","status-publish","hentry"],"_links":{"self":[{"href":"https:\/\/catholic-su.rs\/hu\/wp-json\/wp\/v2\/pages\/8582","targetHints":{"allow":["GET"]}}],"collection":[{"href":"https:\/\/catholic-su.rs\/hu\/wp-json\/wp\/v2\/pages"}],"about":[{"href":"https:\/\/catholic-su.rs\/hu\/wp-json\/wp\/v2\/types\/page"}],"author":[{"embeddable":true,"href":"https:\/\/catholic-su.rs\/hu\/wp-json\/wp\/v2\/users\/1"}],"replies":[{"embeddable":true,"href":"https:\/\/catholic-su.rs\/hu\/wp-json\/wp\/v2\/comments?post=8582"}],"version-history":[{"count":5,"href":"https:\/\/catholic-su.rs\/hu\/wp-json\/wp\/v2\/pages\/8582\/revisions"}],"predecessor-version":[{"id":36962,"href":"https:\/\/catholic-su.rs\/hu\/wp-json\/wp\/v2\/pages\/8582\/revisions\/36962"}],"wp:attachment":[{"href":"https:\/\/catholic-su.rs\/hu\/wp-json\/wp\/v2\/media?parent=8582"}],"curies":[{"name":"wp","href":"https:\/\/api.w.org\/{rel}","templated":true}]}}