{"id":15605,"date":"2022-03-24T14:02:26","date_gmt":"2022-03-24T14:02:26","guid":{"rendered":"https:\/\/catholic-su.rs\/esperesi-keruletek\/szabadka-ovarosi\/"},"modified":"2024-12-05T10:11:56","modified_gmt":"2024-12-05T09:11:56","slug":"szabadka-ovarosi","status":"publish","type":"page","link":"https:\/\/catholic-su.rs\/hu\/esperesi-keruletek\/szabadka-ovarosi\/","title":{"rendered":"Szabadka &#8211; \u00d3v\u00e1rosi"},"content":{"rendered":"\t\t<div data-elementor-type=\"wp-page\" data-elementor-id=\"15605\" class=\"elementor elementor-15605 elementor-12093\" data-elementor-post-type=\"page\">\n\t\t\t\t\t\t<section class=\"elementor-section elementor-top-section elementor-element elementor-element-bafeafb elementor-section-height-min-height elementor-section-content-middle elementor-section-boxed elementor-section-height-default elementor-section-items-middle\" data-id=\"bafeafb\" data-element_type=\"section\" data-e-type=\"section\" data-settings=\"{&quot;background_background&quot;:&quot;classic&quot;}\">\n\t\t\t\t\t\t<div class=\"elementor-container elementor-column-gap-default\">\n\t\t\t\t\t<div class=\"elementor-column elementor-col-50 elementor-top-column elementor-element elementor-element-98e2afc\" data-id=\"98e2afc\" data-element_type=\"column\" data-e-type=\"column\">\n\t\t\t<div class=\"elementor-widget-wrap elementor-element-populated\">\n\t\t\t\t\t\t<div class=\"elementor-element elementor-element-6b72809 elementor-widget elementor-widget-image\" data-id=\"6b72809\" data-element_type=\"widget\" data-e-type=\"widget\" data-widget_type=\"image.default\">\n\t\t\t\t<div class=\"elementor-widget-container\">\n\t\t\t\t\t\t\t\t\t\t\t\t\t\t\t\t<a href=\"https:\/\/catholic-su.rs\/hu\/\">\n\t\t\t\t\t\t\t<img decoding=\"async\" width=\"224\" height=\"101\" src=\"https:\/\/catholic-su.rs\/wp-content\/uploads\/2022\/10\/logoi-hu-1-1.png\" class=\"attachment-full size-full wp-image-22169\" alt=\"\" \/>\t\t\t\t\t\t\t\t<\/a>\n\t\t\t\t\t\t\t\t\t\t\t\t\t\t\t<\/div>\n\t\t\t\t<\/div>\n\t\t\t\t\t<\/div>\n\t\t<\/div>\n\t\t\t\t<div class=\"elementor-column elementor-col-50 elementor-top-column elementor-element elementor-element-d794e44\" data-id=\"d794e44\" data-element_type=\"column\" data-e-type=\"column\">\n\t\t\t<div class=\"elementor-widget-wrap\">\n\t\t\t\t\t\t\t<\/div>\n\t\t<\/div>\n\t\t\t\t\t<\/div>\n\t\t<\/section>\n\t\t\t\t<section class=\"elementor-section elementor-top-section elementor-element elementor-element-f952092 elementor-section-boxed elementor-section-height-default elementor-section-height-default\" data-id=\"f952092\" data-element_type=\"section\" data-e-type=\"section\">\n\t\t\t\t\t\t<div class=\"elementor-container elementor-column-gap-default\">\n\t\t\t\t\t<div class=\"elementor-column elementor-col-100 elementor-top-column elementor-element elementor-element-89613c9\" data-id=\"89613c9\" data-element_type=\"column\" data-e-type=\"column\" data-settings=\"{&quot;background_background&quot;:&quot;classic&quot;}\">\n\t\t\t<div class=\"elementor-widget-wrap elementor-element-populated\">\n\t\t\t\t\t\t<div class=\"elementor-element elementor-element-abc0e9c elementor-widget elementor-widget-heading\" data-id=\"abc0e9c\" data-element_type=\"widget\" data-e-type=\"widget\" data-widget_type=\"heading.default\">\n\t\t\t\t<div class=\"elementor-widget-container\">\n\t\t\t\t\t<h2 class=\"elementor-heading-title elementor-size-default\">Szabadka - \u00d3v\u00e1rosi<\/h2>\t\t\t\t<\/div>\n\t\t\t\t<\/div>\n\t\t\t\t\t<\/div>\n\t\t<\/div>\n\t\t\t\t\t<\/div>\n\t\t<\/section>\n\t\t\t\t<section class=\"elementor-section elementor-top-section elementor-element elementor-element-584eade elementor-section-boxed elementor-section-height-default elementor-section-height-default\" data-id=\"584eade\" data-element_type=\"section\" data-e-type=\"section\">\n\t\t\t\t\t\t<div class=\"elementor-container elementor-column-gap-default\">\n\t\t\t\t\t<div class=\"elementor-column elementor-col-100 elementor-top-column elementor-element elementor-element-ff86432\" data-id=\"ff86432\" data-element_type=\"column\" data-e-type=\"column\">\n\t\t\t<div class=\"elementor-widget-wrap elementor-element-populated\">\n\t\t\t\t\t\t<div class=\"elementor-element elementor-element-911be1d uael-equal__height-yes elementor-widget elementor-widget-uael-posts\" data-id=\"911be1d\" data-element_type=\"widget\" data-e-type=\"widget\" data-settings=\"{&quot;classic_slides_to_show&quot;:5,&quot;classic_slides_to_show_tablet&quot;:2,&quot;classic_slides_to_show_mobile&quot;:1,&quot;classic_show_filters&quot;:&quot;no&quot;}\" data-widget_type=\"uael-posts.classic\">\n\t\t\t\t<div class=\"elementor-widget-container\">\n\t\t\t\t\t\t\t<div class=\"uael-post__header\">\n\t\t\t\t\t<\/div>\n\t\t<div class=\"uael-post__body\">\n\t\t\t\n\t\t\n\t\t<div class=\"uael-blog-terms-position- uael-post-image-top uael-post-grid uael-posts\" data-query-type=\"custom\" data-structure=\"normal\" data-layout=\"\" data-page=\"15605\" data-skin=\"classic\" data-filter-default=\"\" data-offset-top=\"30\" >\n\n\t\t\t\t\t\t\t<div class=\"uael-post-grid__inner uael-post__columns-5 uael-post__columns-tablet-2 uael-post__columns-mobile-1\">\n\t\t\t\n<div class=\"uael-post-wrapper   kelebia pl\u00e9b\u00e1ni\u00e1k szabadka---\u00d3v\u00e1rosi sz\u00e9kesegyh\u00e1zi-f\u0151esperesi-ker\u00fclet \">\n\t<div class=\"uael-post__bg-wrap uael-bg-wrap-disabled \">\n\n\t\t\t\t\n\t\t<div class=\"uael-post__inner-wrap uael-inner-wrap-disabled\">\n\n\t\t\t\t<div class=\"uael-post__thumbnail\">\n\t\t\t\n\t\t\t<a href=\"https:\/\/catholic-su.rs\/hu\/apostolok-oszlasa-kelebia\/\" target=\"_self\" title=\"Apostolok Oszl\u00e1sa- Kelebia\"><img fetchpriority=\"high\" decoding=\"async\" width=\"1024\" height=\"768\" src=\"https:\/\/catholic-su.rs\/wp-content\/uploads\/2022\/02\/crkve-1-1.jpg\" class=\"attachment-full size-full wp-image-9138\" alt=\"\" srcset=\"https:\/\/catholic-su.rs\/wp-content\/uploads\/2022\/02\/crkve-1-1.jpg 1024w, https:\/\/catholic-su.rs\/wp-content\/uploads\/2022\/02\/crkve-1-1-300x225.jpg 300w, https:\/\/catholic-su.rs\/wp-content\/uploads\/2022\/02\/crkve-1-1-768x576.jpg 768w\" sizes=\"(max-width: 1024px) 100vw, 1024px\" \/><\/a>\n\t\t\t\t\t<\/div>\n\t\t\n\t\t\t\n\t\t\t<div class=\"uael-post__content-wrap uael-content-wrap-disabled\">\n\t\t\t\t\t<h3 class=\"uael-post__title\">\n\n\t\t\n\t\t\t\t\t\t<a href=\"https:\/\/catholic-su.rs\/hu\/apostolok-oszlasa-kelebia\/\" target=\"_self\">\n\t\t\t\tApostolok Oszl\u00e1sa- Kelebia\t\t\t<\/a>\n\n\t\t\t\t<\/h3>\n\t\t\t\t\t<\/div>\n\t\t\t\n\t\t<\/div>\n\t\t\n\t<\/div>\n\n<\/div>\n\n<div class=\"uael-post-wrapper   pl\u00e9b\u00e1ni\u00e1k szabadka szabadka---\u00d3v\u00e1rosi sz\u00e9kesegyh\u00e1zi-f\u0151esperesi-ker\u00fclet \">\n\t<div class=\"uael-post__bg-wrap uael-bg-wrap-disabled \">\n\n\t\t\t\t\n\t\t<div class=\"uael-post__inner-wrap uael-inner-wrap-disabled\">\n\n\t\t\t\t<div class=\"uael-post__thumbnail\">\n\t\t\t\n\t\t\t<a href=\"https:\/\/catholic-su.rs\/hu\/avilai-szent-terez-szabadka\/\" target=\"_self\" title=\"Avilai Szent Ter\u00e9z &#8211; Szabadka\"><img decoding=\"async\" width=\"1024\" height=\"768\" src=\"https:\/\/catholic-su.rs\/wp-content\/uploads\/2021\/04\/katedrala-1-1.jpg\" class=\"attachment-full size-full wp-image-7825\" alt=\"\" srcset=\"https:\/\/catholic-su.rs\/wp-content\/uploads\/2021\/04\/katedrala-1-1.jpg 1024w, https:\/\/catholic-su.rs\/wp-content\/uploads\/2021\/04\/katedrala-1-1-300x225.jpg 300w, https:\/\/catholic-su.rs\/wp-content\/uploads\/2021\/04\/katedrala-1-1-768x576.jpg 768w\" sizes=\"(max-width: 1024px) 100vw, 1024px\" \/><\/a>\n\t\t\t\t\t<\/div>\n\t\t\n\t\t\t\n\t\t\t<div class=\"uael-post__content-wrap uael-content-wrap-disabled\">\n\t\t\t\t\t<h3 class=\"uael-post__title\">\n\n\t\t\n\t\t\t\t\t\t<a href=\"https:\/\/catholic-su.rs\/hu\/avilai-szent-terez-szabadka\/\" target=\"_self\">\n\t\t\t\tAvilai Szent Ter\u00e9z &#8211; Szabadka\t\t\t<\/a>\n\n\t\t\t\t<\/h3>\n\t\t\t\t\t<\/div>\n\t\t\t\n\t\t<\/div>\n\t\t\n\t<\/div>\n\n<\/div>\n\n<div class=\"uael-post-wrapper   pl\u00e9b\u00e1ni\u00e1k szabadka szabadka---\u00d3v\u00e1rosi sz\u00e9kesegyh\u00e1zi-f\u0151esperesi-ker\u00fclet \">\n\t<div class=\"uael-post__bg-wrap uael-bg-wrap-disabled \">\n\n\t\t\t\t\n\t\t<div class=\"uael-post__inner-wrap uael-inner-wrap-disabled\">\n\n\t\t\t\t<div class=\"uael-post__thumbnail\">\n\t\t\t\n\t\t\t<a href=\"https:\/\/catholic-su.rs\/hu\/jezus-feltamadasa-szabadka\/\" target=\"_self\" title=\"J\u00e9zus Felt\u00e1mad\u00e1sa &#8211; Szabadka\"><img loading=\"lazy\" decoding=\"async\" width=\"2048\" height=\"1365\" src=\"https:\/\/catholic-su.rs\/wp-content\/uploads\/2021\/05\/00-5.jpg\" class=\"attachment-full size-full wp-image-32024\" alt=\"\" srcset=\"https:\/\/catholic-su.rs\/wp-content\/uploads\/2021\/05\/00-5.jpg 2048w, https:\/\/catholic-su.rs\/wp-content\/uploads\/2021\/05\/00-5-300x200.jpg 300w, https:\/\/catholic-su.rs\/wp-content\/uploads\/2021\/05\/00-5-1024x683.jpg 1024w, https:\/\/catholic-su.rs\/wp-content\/uploads\/2021\/05\/00-5-768x512.jpg 768w, https:\/\/catholic-su.rs\/wp-content\/uploads\/2021\/05\/00-5-1536x1024.jpg 1536w\" sizes=\"(max-width: 2048px) 100vw, 2048px\" \/><\/a>\n\t\t\t\t\t<\/div>\n\t\t\n\t\t\t\n\t\t\t<div class=\"uael-post__content-wrap uael-content-wrap-disabled\">\n\t\t\t\t\t<h3 class=\"uael-post__title\">\n\n\t\t\n\t\t\t\t\t\t<a href=\"https:\/\/catholic-su.rs\/hu\/jezus-feltamadasa-szabadka\/\" target=\"_self\">\n\t\t\t\tJ\u00e9zus Felt\u00e1mad\u00e1sa &#8211; Szabadka\t\t\t<\/a>\n\n\t\t\t\t<\/h3>\n\t\t\t\t\t<\/div>\n\t\t\t\n\t\t<\/div>\n\t\t\n\t<\/div>\n\n<\/div>\n\n<div class=\"uael-post-wrapper   pl\u00e9b\u00e1ni\u00e1k szabadka---\u00d3v\u00e1rosi sz\u00e9kesegyh\u00e1zi-f\u0151esperesi-ker\u00fclet tavank\u00fat \">\n\t<div class=\"uael-post__bg-wrap uael-bg-wrap-disabled \">\n\n\t\t\t\t\n\t\t<div class=\"uael-post__inner-wrap uael-inner-wrap-disabled\">\n\n\t\t\t\t<div class=\"uael-post__thumbnail\">\n\t\t\t\n\t\t\t<a href=\"https:\/\/catholic-su.rs\/hu\/jezus-szentseges-szive-tavankut\/\" target=\"_self\" title=\"J\u00e9zus Szents\u00e9ges Sz\u00edve &#8211; Tavank\u00fat\"><img loading=\"lazy\" decoding=\"async\" width=\"2048\" height=\"1365\" src=\"https:\/\/catholic-su.rs\/wp-content\/uploads\/2024\/01\/00-4.jpg\" class=\"attachment-full size-full wp-image-28950\" alt=\"\" srcset=\"https:\/\/catholic-su.rs\/wp-content\/uploads\/2024\/01\/00-4.jpg 2048w, https:\/\/catholic-su.rs\/wp-content\/uploads\/2024\/01\/00-4-300x200.jpg 300w, https:\/\/catholic-su.rs\/wp-content\/uploads\/2024\/01\/00-4-1024x683.jpg 1024w, https:\/\/catholic-su.rs\/wp-content\/uploads\/2024\/01\/00-4-768x512.jpg 768w, https:\/\/catholic-su.rs\/wp-content\/uploads\/2024\/01\/00-4-1536x1024.jpg 1536w\" sizes=\"(max-width: 2048px) 100vw, 2048px\" \/><\/a>\n\t\t\t\t\t<\/div>\n\t\t\n\t\t\t\n\t\t\t<div class=\"uael-post__content-wrap uael-content-wrap-disabled\">\n\t\t\t\t\t<h3 class=\"uael-post__title\">\n\n\t\t\n\t\t\t\t\t\t<a href=\"https:\/\/catholic-su.rs\/hu\/jezus-szentseges-szive-tavankut\/\" target=\"_self\">\n\t\t\t\tJ\u00e9zus Szents\u00e9ges Sz\u00edve &#8211; Tavank\u00fat\t\t\t<\/a>\n\n\t\t\t\t<\/h3>\n\t\t\t\t\t<\/div>\n\t\t\t\n\t\t<\/div>\n\t\t\n\t<\/div>\n\n<\/div>\n\n<div class=\"uael-post-wrapper   pl\u00e9b\u00e1ni\u00e1k szabadka szabadka---\u00d3v\u00e1rosi sz\u00e9kesegyh\u00e1zi-f\u0151esperesi-ker\u00fclet \">\n\t<div class=\"uael-post__bg-wrap uael-bg-wrap-disabled \">\n\n\t\t\t\t\n\t\t<div class=\"uael-post__inner-wrap uael-inner-wrap-disabled\">\n\n\t\t\t\t<div class=\"uael-post__thumbnail\">\n\t\t\t\n\t\t\t<a href=\"https:\/\/catholic-su.rs\/hu\/kisboldogasszony-szabadka\/\" target=\"_self\" title=\"Kisboldogasszony &#8211; Szabadka\"><img loading=\"lazy\" decoding=\"async\" width=\"2048\" height=\"1365\" src=\"https:\/\/catholic-su.rs\/wp-content\/uploads\/2021\/05\/00-4.jpg\" class=\"attachment-full size-full wp-image-31811\" alt=\"\" srcset=\"https:\/\/catholic-su.rs\/wp-content\/uploads\/2021\/05\/00-4.jpg 2048w, https:\/\/catholic-su.rs\/wp-content\/uploads\/2021\/05\/00-4-300x200.jpg 300w, https:\/\/catholic-su.rs\/wp-content\/uploads\/2021\/05\/00-4-1024x683.jpg 1024w, https:\/\/catholic-su.rs\/wp-content\/uploads\/2021\/05\/00-4-768x512.jpg 768w, https:\/\/catholic-su.rs\/wp-content\/uploads\/2021\/05\/00-4-1536x1024.jpg 1536w\" sizes=\"(max-width: 2048px) 100vw, 2048px\" \/><\/a>\n\t\t\t\t\t<\/div>\n\t\t\n\t\t\t\n\t\t\t<div class=\"uael-post__content-wrap uael-content-wrap-disabled\">\n\t\t\t\t\t<h3 class=\"uael-post__title\">\n\n\t\t\n\t\t\t\t\t\t<a href=\"https:\/\/catholic-su.rs\/hu\/kisboldogasszony-szabadka\/\" target=\"_self\">\n\t\t\t\tKisboldogasszony &#8211; Szabadka\t\t\t<\/a>\n\n\t\t\t\t<\/h3>\n\t\t\t\t\t<\/div>\n\t\t\t\n\t\t<\/div>\n\t\t\n\t<\/div>\n\n<\/div>\n\n<div class=\"uael-post-wrapper   pl\u00e9b\u00e1ni\u00e1k szabadka szabadka---\u00d3v\u00e1rosi sz\u00e9kesegyh\u00e1zi-f\u0151esperesi-ker\u00fclet \">\n\t<div class=\"uael-post__bg-wrap uael-bg-wrap-disabled \">\n\n\t\t\t\t\n\t\t<div class=\"uael-post__inner-wrap uael-inner-wrap-disabled\">\n\n\t\t\t\t<div class=\"uael-post__thumbnail\">\n\t\t\t\n\t\t\t<a href=\"https:\/\/catholic-su.rs\/hu\/szent-kereszt-felmagasztalasa-szabadka\/\" target=\"_self\" title=\"Szent Kereszt Felmagasztal\u00e1sa &#8211; Szabadka\"><img loading=\"lazy\" decoding=\"async\" width=\"2048\" height=\"1364\" src=\"https:\/\/catholic-su.rs\/wp-content\/uploads\/2021\/05\/00.jpg\" class=\"attachment-full size-full wp-image-30262\" alt=\"\" srcset=\"https:\/\/catholic-su.rs\/wp-content\/uploads\/2021\/05\/00.jpg 2048w, https:\/\/catholic-su.rs\/wp-content\/uploads\/2021\/05\/00-300x200.jpg 300w, https:\/\/catholic-su.rs\/wp-content\/uploads\/2021\/05\/00-1024x682.jpg 1024w, https:\/\/catholic-su.rs\/wp-content\/uploads\/2021\/05\/00-768x512.jpg 768w, https:\/\/catholic-su.rs\/wp-content\/uploads\/2021\/05\/00-1536x1023.jpg 1536w\" sizes=\"(max-width: 2048px) 100vw, 2048px\" \/><\/a>\n\t\t\t\t\t<\/div>\n\t\t\n\t\t\t\n\t\t\t<div class=\"uael-post__content-wrap uael-content-wrap-disabled\">\n\t\t\t\t\t<h3 class=\"uael-post__title\">\n\n\t\t\n\t\t\t\t\t\t<a href=\"https:\/\/catholic-su.rs\/hu\/szent-kereszt-felmagasztalasa-szabadka\/\" target=\"_self\">\n\t\t\t\tSzent Kereszt Felmagasztal\u00e1sa &#8211; Szabadka\t\t\t<\/a>\n\n\t\t\t\t<\/h3>\n\t\t\t\t\t<\/div>\n\t\t\t\n\t\t<\/div>\n\t\t\n\t<\/div>\n\n<\/div>\n\n<div class=\"uael-post-wrapper   bajmok pl\u00e9b\u00e1ni\u00e1k szabadka---\u00d3v\u00e1rosi sz\u00e9kesegyh\u00e1zi-f\u0151esperesi-ker\u00fclet \">\n\t<div class=\"uael-post__bg-wrap uael-bg-wrap-disabled \">\n\n\t\t\t\t\n\t\t<div class=\"uael-post__inner-wrap uael-inner-wrap-disabled\">\n\n\t\t\t\t<div class=\"uael-post__thumbnail\">\n\t\t\t\n\t\t\t<a href=\"https:\/\/catholic-su.rs\/hu\/szent-peter-es-pal-bajmok\/\" target=\"_self\" title=\"Szent P\u00e9ter \u00e9s P\u00e1l &#8211; Bajmok\"><img loading=\"lazy\" decoding=\"async\" width=\"1611\" height=\"1071\" src=\"https:\/\/catholic-su.rs\/wp-content\/uploads\/2022\/02\/bajmok-1.jpg\" class=\"attachment-full size-full wp-image-10954\" alt=\"\" srcset=\"https:\/\/catholic-su.rs\/wp-content\/uploads\/2022\/02\/bajmok-1.jpg 1611w, https:\/\/catholic-su.rs\/wp-content\/uploads\/2022\/02\/bajmok-1-300x199.jpg 300w, https:\/\/catholic-su.rs\/wp-content\/uploads\/2022\/02\/bajmok-1-1024x681.jpg 1024w, https:\/\/catholic-su.rs\/wp-content\/uploads\/2022\/02\/bajmok-1-768x511.jpg 768w, https:\/\/catholic-su.rs\/wp-content\/uploads\/2022\/02\/bajmok-1-1536x1021.jpg 1536w\" sizes=\"(max-width: 1611px) 100vw, 1611px\" \/><\/a>\n\t\t\t\t\t<\/div>\n\t\t\n\t\t\t\n\t\t\t<div class=\"uael-post__content-wrap uael-content-wrap-disabled\">\n\t\t\t\t\t<h3 class=\"uael-post__title\">\n\n\t\t\n\t\t\t\t\t\t<a href=\"https:\/\/catholic-su.rs\/hu\/szent-peter-es-pal-bajmok\/\" target=\"_self\">\n\t\t\t\tSzent P\u00e9ter \u00e9s P\u00e1l &#8211; Bajmok\t\t\t<\/a>\n\n\t\t\t\t<\/h3>\n\t\t\t\t\t<\/div>\n\t\t\t\n\t\t<\/div>\n\t\t\n\t<\/div>\n\n<\/div>\n\n<div class=\"uael-post-wrapper   kisbosznia pl\u00e9b\u00e1ni\u00e1k szabadka---\u00d3v\u00e1rosi sz\u00e9kesegyh\u00e1zi-f\u0151esperesi-ker\u00fclet \">\n\t<div class=\"uael-post__bg-wrap uael-bg-wrap-disabled \">\n\n\t\t\t\t\n\t\t<div class=\"uael-post__inner-wrap uael-inner-wrap-disabled\">\n\n\t\t\t\t<div class=\"uael-post__thumbnail\">\n\t\t\t\n\t\t\t<a href=\"https:\/\/catholic-su.rs\/hu\/szentharomsag-kisbosznia\/\" target=\"_self\" title=\"Szenth\u00e1roms\u00e1g &#8211; Kisbosznia\"><img loading=\"lazy\" decoding=\"async\" width=\"1920\" height=\"1436\" src=\"https:\/\/catholic-su.rs\/wp-content\/uploads\/2022\/10\/274383195_10227885374829711_3671897749834268463_n.jpeg\" class=\"attachment-full size-full wp-image-23774\" alt=\"\" srcset=\"https:\/\/catholic-su.rs\/wp-content\/uploads\/2022\/10\/274383195_10227885374829711_3671897749834268463_n.jpeg 1920w, https:\/\/catholic-su.rs\/wp-content\/uploads\/2022\/10\/274383195_10227885374829711_3671897749834268463_n-300x224.jpeg 300w, https:\/\/catholic-su.rs\/wp-content\/uploads\/2022\/10\/274383195_10227885374829711_3671897749834268463_n-1024x766.jpeg 1024w, https:\/\/catholic-su.rs\/wp-content\/uploads\/2022\/10\/274383195_10227885374829711_3671897749834268463_n-768x574.jpeg 768w, https:\/\/catholic-su.rs\/wp-content\/uploads\/2022\/10\/274383195_10227885374829711_3671897749834268463_n-1536x1149.jpeg 1536w\" sizes=\"(max-width: 1920px) 100vw, 1920px\" \/><\/a>\n\t\t\t\t\t<\/div>\n\t\t\n\t\t\t\n\t\t\t<div class=\"uael-post__content-wrap uael-content-wrap-disabled\">\n\t\t\t\t\t<h3 class=\"uael-post__title\">\n\n\t\t\n\t\t\t\t\t\t<a href=\"https:\/\/catholic-su.rs\/hu\/szentharomsag-kisbosznia\/\" target=\"_self\">\n\t\t\t\tSzenth\u00e1roms\u00e1g &#8211; Kisbosznia\t\t\t<\/a>\n\n\t\t\t\t<\/h3>\n\t\t\t\t\t<\/div>\n\t\t\t\n\t\t<\/div>\n\t\t\n\t<\/div>\n\n<\/div>\n\t\t\t\t<\/div>\n\t\t\t\t\t\t\n\t\t<\/div>\n\n\t\t\t\t\t\t<\/div>\n\t\t<div class=\"uael-post__footer\">\n\t\t\t\t\t<\/div>\n\t\t\t\t\t\t<\/div>\n\t\t\t\t<\/div>\n\t\t\t\t\t<\/div>\n\t\t<\/div>\n\t\t\t\t\t<\/div>\n\t\t<\/section>\n\t\t\t\t<\/div>\n\t\t","protected":false},"excerpt":{"rendered":"<p> [&hellip;]<\/p>\n","protected":false},"author":1,"featured_media":0,"parent":9040,"menu_order":0,"comment_status":"closed","ping_status":"closed","template":"","meta":{"site-sidebar-layout":"no-sidebar","site-content-layout":"page-builder","ast-site-content-layout":"full-width-container","site-content-style":"unboxed","site-sidebar-style":"unboxed","ast-global-header-display":"","ast-banner-title-visibility":"","ast-main-header-display":"","ast-hfb-above-header-display":"","ast-hfb-below-header-display":"","ast-hfb-mobile-header-display":"","site-post-title":"disabled","ast-breadcrumbs-content":"","ast-featured-img":"disabled","footer-sml-layout":"","ast-disable-related-posts":"","theme-transparent-header-meta":"default","adv-header-id-meta":"","stick-header-meta":"","header-above-stick-meta":"","header-main-stick-meta":"","header-below-stick-meta":"","astra-migrate-meta-layouts":"set","ast-page-background-enabled":"default","ast-page-background-meta":{"desktop":{"background-color":"","background-image":"","background-repeat":"repeat","background-position":"center center","background-size":"auto","background-attachment":"scroll","background-type":"","background-media":"","overlay-type":"","overlay-color":"","overlay-opacity":"","overlay-gradient":""},"tablet":{"background-color":"","background-image":"","background-repeat":"repeat","background-position":"center center","background-size":"auto","background-attachment":"scroll","background-type":"","background-media":"","overlay-type":"","overlay-color":"","overlay-opacity":"","overlay-gradient":""},"mobile":{"background-color":"","background-image":"","background-repeat":"repeat","background-position":"center center","background-size":"auto","background-attachment":"scroll","background-type":"","background-media":"","overlay-type":"","overlay-color":"","overlay-opacity":"","overlay-gradient":""}},"ast-content-background-meta":{"desktop":{"background-color":"var(--ast-global-color-5)","background-image":"","background-repeat":"repeat","background-position":"center center","background-size":"auto","background-attachment":"scroll","background-type":"","background-media":"","overlay-type":"","overlay-color":"","overlay-opacity":"","overlay-gradient":""},"tablet":{"background-color":"var(--ast-global-color-5)","background-image":"","background-repeat":"repeat","background-position":"center center","background-size":"auto","background-attachment":"scroll","background-type":"","background-media":"","overlay-type":"","overlay-color":"","overlay-opacity":"","overlay-gradient":""},"mobile":{"background-color":"var(--ast-global-color-5)","background-image":"","background-repeat":"repeat","background-position":"center center","background-size":"auto","background-attachment":"scroll","background-type":"","background-media":"","overlay-type":"","overlay-color":"","overlay-opacity":"","overlay-gradient":""}},"footnotes":""},"class_list":["post-15605","page","type-page","status-publish","hentry"],"_links":{"self":[{"href":"https:\/\/catholic-su.rs\/hu\/wp-json\/wp\/v2\/pages\/15605","targetHints":{"allow":["GET"]}}],"collection":[{"href":"https:\/\/catholic-su.rs\/hu\/wp-json\/wp\/v2\/pages"}],"about":[{"href":"https:\/\/catholic-su.rs\/hu\/wp-json\/wp\/v2\/types\/page"}],"author":[{"embeddable":true,"href":"https:\/\/catholic-su.rs\/hu\/wp-json\/wp\/v2\/users\/1"}],"replies":[{"embeddable":true,"href":"https:\/\/catholic-su.rs\/hu\/wp-json\/wp\/v2\/comments?post=15605"}],"version-history":[{"count":5,"href":"https:\/\/catholic-su.rs\/hu\/wp-json\/wp\/v2\/pages\/15605\/revisions"}],"predecessor-version":[{"id":41874,"href":"https:\/\/catholic-su.rs\/hu\/wp-json\/wp\/v2\/pages\/15605\/revisions\/41874"}],"up":[{"embeddable":true,"href":"https:\/\/catholic-su.rs\/hu\/wp-json\/wp\/v2\/pages\/9040"}],"wp:attachment":[{"href":"https:\/\/catholic-su.rs\/hu\/wp-json\/wp\/v2\/media?parent=15605"}],"curies":[{"name":"wp","href":"https:\/\/api.w.org\/{rel}","templated":true}]}}