{"id":15590,"date":"2022-03-24T13:54:56","date_gmt":"2022-03-24T13:54:56","guid":{"rendered":"https:\/\/catholic-su.rs\/esperesi-keruletek\/ujvidek\/"},"modified":"2024-12-05T10:12:14","modified_gmt":"2024-12-05T09:12:14","slug":"ujvidek","status":"publish","type":"page","link":"https:\/\/catholic-su.rs\/hu\/esperesi-keruletek\/ujvidek\/","title":{"rendered":"\u00dajvid\u00e9k"},"content":{"rendered":"\t\t<div data-elementor-type=\"wp-page\" data-elementor-id=\"15590\" class=\"elementor elementor-15590 elementor-12087\" data-elementor-post-type=\"page\">\n\t\t\t\t\t\t<section class=\"elementor-section elementor-top-section elementor-element elementor-element-4ae9dcd elementor-section-height-min-height elementor-section-content-middle elementor-section-boxed elementor-section-height-default elementor-section-items-middle\" data-id=\"4ae9dcd\" data-element_type=\"section\" data-e-type=\"section\" data-settings=\"{&quot;background_background&quot;:&quot;classic&quot;}\">\n\t\t\t\t\t\t<div class=\"elementor-container elementor-column-gap-default\">\n\t\t\t\t\t<div class=\"elementor-column elementor-col-50 elementor-top-column elementor-element elementor-element-03a3ec9\" data-id=\"03a3ec9\" data-element_type=\"column\" data-e-type=\"column\">\n\t\t\t<div class=\"elementor-widget-wrap elementor-element-populated\">\n\t\t\t\t\t\t<div class=\"elementor-element elementor-element-65d86c5 elementor-widget elementor-widget-image\" data-id=\"65d86c5\" data-element_type=\"widget\" data-e-type=\"widget\" data-widget_type=\"image.default\">\n\t\t\t\t<div class=\"elementor-widget-container\">\n\t\t\t\t\t\t\t\t\t\t\t\t\t\t\t\t<a href=\"https:\/\/catholic-su.rs\/hu\/\">\n\t\t\t\t\t\t\t<img decoding=\"async\" width=\"224\" height=\"101\" src=\"https:\/\/catholic-su.rs\/wp-content\/uploads\/2022\/10\/logoi-hu-1-1.png\" class=\"attachment-full size-full wp-image-22169\" alt=\"\" \/>\t\t\t\t\t\t\t\t<\/a>\n\t\t\t\t\t\t\t\t\t\t\t\t\t\t\t<\/div>\n\t\t\t\t<\/div>\n\t\t\t\t\t<\/div>\n\t\t<\/div>\n\t\t\t\t<div class=\"elementor-column elementor-col-50 elementor-top-column elementor-element elementor-element-29b3769\" data-id=\"29b3769\" data-element_type=\"column\" data-e-type=\"column\">\n\t\t\t<div class=\"elementor-widget-wrap\">\n\t\t\t\t\t\t\t<\/div>\n\t\t<\/div>\n\t\t\t\t\t<\/div>\n\t\t<\/section>\n\t\t\t\t<section class=\"elementor-section elementor-top-section elementor-element elementor-element-f952092 elementor-section-boxed elementor-section-height-default elementor-section-height-default\" data-id=\"f952092\" data-element_type=\"section\" data-e-type=\"section\">\n\t\t\t\t\t\t<div class=\"elementor-container elementor-column-gap-default\">\n\t\t\t\t\t<div class=\"elementor-column elementor-col-100 elementor-top-column elementor-element elementor-element-89613c9\" data-id=\"89613c9\" data-element_type=\"column\" data-e-type=\"column\" data-settings=\"{&quot;background_background&quot;:&quot;classic&quot;}\">\n\t\t\t<div class=\"elementor-widget-wrap elementor-element-populated\">\n\t\t\t\t\t\t<div class=\"elementor-element elementor-element-abc0e9c elementor-widget elementor-widget-heading\" data-id=\"abc0e9c\" data-element_type=\"widget\" data-e-type=\"widget\" data-widget_type=\"heading.default\">\n\t\t\t\t<div class=\"elementor-widget-container\">\n\t\t\t\t\t<h2 class=\"elementor-heading-title elementor-size-default\">\u00dajvid\u00e9k<\/h2>\t\t\t\t<\/div>\n\t\t\t\t<\/div>\n\t\t\t\t\t<\/div>\n\t\t<\/div>\n\t\t\t\t\t<\/div>\n\t\t<\/section>\n\t\t\t\t<section class=\"elementor-section elementor-top-section elementor-element elementor-element-584eade elementor-section-boxed elementor-section-height-default elementor-section-height-default\" data-id=\"584eade\" data-element_type=\"section\" data-e-type=\"section\">\n\t\t\t\t\t\t<div class=\"elementor-container elementor-column-gap-default\">\n\t\t\t\t\t<div class=\"elementor-column elementor-col-100 elementor-top-column elementor-element elementor-element-ff86432\" data-id=\"ff86432\" data-element_type=\"column\" data-e-type=\"column\">\n\t\t\t<div class=\"elementor-widget-wrap elementor-element-populated\">\n\t\t\t\t\t\t<div class=\"elementor-element elementor-element-911be1d uael-equal__height-yes elementor-widget elementor-widget-uael-posts\" data-id=\"911be1d\" data-element_type=\"widget\" data-e-type=\"widget\" data-settings=\"{&quot;classic_slides_to_show&quot;:5,&quot;classic_slides_to_show_tablet&quot;:2,&quot;classic_slides_to_show_mobile&quot;:1,&quot;classic_show_filters&quot;:&quot;no&quot;}\" data-widget_type=\"uael-posts.classic\">\n\t\t\t\t<div class=\"elementor-widget-container\">\n\t\t\t\t\t\t\t<div class=\"uael-post__header\">\n\t\t\t\t\t<\/div>\n\t\t<div class=\"uael-post__body\">\n\t\t\t\n\t\t\n\t\t<div class=\"uael-blog-terms-position- uael-post-image-top uael-post-grid uael-posts\" data-query-type=\"custom\" data-structure=\"normal\" data-layout=\"\" data-page=\"15590\" data-skin=\"classic\" data-filter-default=\"\" data-offset-top=\"30\" >\n\n\t\t\t\t\t\t\t<div class=\"uael-post-grid__inner uael-post__columns-5 uael-post__columns-tablet-2 uael-post__columns-mobile-1\">\n\t\t\t\n<div class=\"uael-post-wrapper   b\u00e1csi-f\u0151esperesi-ker\u00fclet futak pl\u00e9b\u00e1ni\u00e1k \u00dajvid\u00e9ki-esperesi-ker\u00fclet \">\n\t<div class=\"uael-post__bg-wrap uael-bg-wrap-disabled \">\n\n\t\t\t\t\n\t\t<div class=\"uael-post__inner-wrap uael-inner-wrap-disabled\">\n\n\t\t\t\t<div class=\"uael-post__thumbnail\">\n\t\t\t\n\t\t\t<a href=\"https:\/\/catholic-su.rs\/hu\/jezus-szentseges-szive-futak\/\" target=\"_self\" title=\"J\u00e9zus Szents\u00e9ges Sz\u00edve &#8211; Futak\"><img fetchpriority=\"high\" decoding=\"async\" width=\"1611\" height=\"1071\" src=\"https:\/\/catholic-su.rs\/wp-content\/uploads\/2022\/10\/slika-1.jpg\" class=\"attachment-full size-full wp-image-23867\" alt=\"\" srcset=\"https:\/\/catholic-su.rs\/wp-content\/uploads\/2022\/10\/slika-1.jpg 1611w, https:\/\/catholic-su.rs\/wp-content\/uploads\/2022\/10\/slika-1-300x199.jpg 300w, https:\/\/catholic-su.rs\/wp-content\/uploads\/2022\/10\/slika-1-1024x681.jpg 1024w, https:\/\/catholic-su.rs\/wp-content\/uploads\/2022\/10\/slika-1-768x511.jpg 768w, https:\/\/catholic-su.rs\/wp-content\/uploads\/2022\/10\/slika-1-1536x1021.jpg 1536w\" sizes=\"(max-width: 1611px) 100vw, 1611px\" \/><\/a>\n\t\t\t\t\t<\/div>\n\t\t\n\t\t\t\n\t\t\t<div class=\"uael-post__content-wrap uael-content-wrap-disabled\">\n\t\t\t\t\t<h3 class=\"uael-post__title\">\n\n\t\t\n\t\t\t\t\t\t<a href=\"https:\/\/catholic-su.rs\/hu\/jezus-szentseges-szive-futak\/\" target=\"_self\">\n\t\t\t\tJ\u00e9zus Szents\u00e9ges Sz\u00edve &#8211; Futak\t\t\t<\/a>\n\n\t\t\t\t<\/h3>\n\t\t\t\t\t<\/div>\n\t\t\t\n\t\t<\/div>\n\t\t\n\t<\/div>\n\n<\/div>\n\n<div class=\"uael-post-wrapper   b\u00e1csi-f\u0151esperesi-ker\u00fclet pl\u00e9b\u00e1ni\u00e1k \u00dajvid\u00e9k \u00dajvid\u00e9ki-esperesi-ker\u00fclet \">\n\t<div class=\"uael-post__bg-wrap uael-bg-wrap-disabled \">\n\n\t\t\t\t\n\t\t<div class=\"uael-post__inner-wrap uael-inner-wrap-disabled\">\n\n\t\t\t\t<div class=\"uael-post__thumbnail\">\n\t\t\t\n\t\t\t<a href=\"https:\/\/catholic-su.rs\/hu\/maria-neve-ujvidek\/\" target=\"_self\" title=\"M\u00e1ria Neve &#8211; \u00dajvid\u00e9k\"><img decoding=\"async\" width=\"1611\" height=\"1071\" src=\"https:\/\/catholic-su.rs\/wp-content\/uploads\/2022\/10\/novi-sad-1.jpg\" class=\"attachment-full size-full wp-image-23750\" alt=\"\" srcset=\"https:\/\/catholic-su.rs\/wp-content\/uploads\/2022\/10\/novi-sad-1.jpg 1611w, https:\/\/catholic-su.rs\/wp-content\/uploads\/2022\/10\/novi-sad-1-300x199.jpg 300w, https:\/\/catholic-su.rs\/wp-content\/uploads\/2022\/10\/novi-sad-1-1024x681.jpg 1024w, https:\/\/catholic-su.rs\/wp-content\/uploads\/2022\/10\/novi-sad-1-768x511.jpg 768w, https:\/\/catholic-su.rs\/wp-content\/uploads\/2022\/10\/novi-sad-1-1536x1021.jpg 1536w\" sizes=\"(max-width: 1611px) 100vw, 1611px\" \/><\/a>\n\t\t\t\t\t<\/div>\n\t\t\n\t\t\t\n\t\t\t<div class=\"uael-post__content-wrap uael-content-wrap-disabled\">\n\t\t\t\t\t<h3 class=\"uael-post__title\">\n\n\t\t\n\t\t\t\t\t\t<a href=\"https:\/\/catholic-su.rs\/hu\/maria-neve-ujvidek\/\" target=\"_self\">\n\t\t\t\tM\u00e1ria Neve &#8211; \u00dajvid\u00e9k\t\t\t<\/a>\n\n\t\t\t\t<\/h3>\n\t\t\t\t\t<\/div>\n\t\t\t\n\t\t<\/div>\n\t\t\n\t<\/div>\n\n<\/div>\n\n<div class=\"uael-post-wrapper   b\u00e1csi-f\u0151esperesi-ker\u00fclet pl\u00e9b\u00e1ni\u00e1k titel \u00dajvid\u00e9ki-esperesi-ker\u00fclet \">\n\t<div class=\"uael-post__bg-wrap uael-bg-wrap-disabled \">\n\n\t\t\t\t\n\t\t<div class=\"uael-post__inner-wrap uael-inner-wrap-disabled\">\n\n\t\t\t\t<div class=\"uael-post__thumbnail\">\n\t\t\t\n\t\t\t<a href=\"https:\/\/catholic-su.rs\/hu\/nagyboldogasszony-titel\/\" target=\"_self\" title=\"Nagyboldogasszony &#8211; Titel\"><img loading=\"lazy\" decoding=\"async\" width=\"1024\" height=\"768\" src=\"https:\/\/catholic-su.rs\/wp-content\/uploads\/2022\/02\/crkve-1-1.jpg\" class=\"attachment-full size-full wp-image-9138\" alt=\"\" srcset=\"https:\/\/catholic-su.rs\/wp-content\/uploads\/2022\/02\/crkve-1-1.jpg 1024w, https:\/\/catholic-su.rs\/wp-content\/uploads\/2022\/02\/crkve-1-1-300x225.jpg 300w, https:\/\/catholic-su.rs\/wp-content\/uploads\/2022\/02\/crkve-1-1-768x576.jpg 768w\" sizes=\"(max-width: 1024px) 100vw, 1024px\" \/><\/a>\n\t\t\t\t\t<\/div>\n\t\t\n\t\t\t\n\t\t\t<div class=\"uael-post__content-wrap uael-content-wrap-disabled\">\n\t\t\t\t\t<h3 class=\"uael-post__title\">\n\n\t\t\n\t\t\t\t\t\t<a href=\"https:\/\/catholic-su.rs\/hu\/nagyboldogasszony-titel\/\" target=\"_self\">\n\t\t\t\tNagyboldogasszony &#8211; Titel\t\t\t<\/a>\n\n\t\t\t\t<\/h3>\n\t\t\t\t\t<\/div>\n\t\t\t\n\t\t<\/div>\n\t\t\n\t<\/div>\n\n<\/div>\n\n<div class=\"uael-post-wrapper   b\u00e1csi-f\u0151esperesi-ker\u00fclet pl\u00e9b\u00e1ni\u00e1k sajk\u00e1slak \u00dajvid\u00e9ki-esperesi-ker\u00fclet \">\n\t<div class=\"uael-post__bg-wrap uael-bg-wrap-disabled \">\n\n\t\t\t\t\n\t\t<div class=\"uael-post__inner-wrap uael-inner-wrap-disabled\">\n\n\t\t\t\t<div class=\"uael-post__thumbnail\">\n\t\t\t\n\t\t\t<a href=\"https:\/\/catholic-su.rs\/hu\/rozsafuzer-kiralynoje-sajkaslak\/\" target=\"_self\" title=\"R\u00f3zsaf\u00fcz\u00e9r Kir\u00e1lyn\u0151je &#8211; Sajk\u00e1slak\"><img loading=\"lazy\" decoding=\"async\" width=\"1024\" height=\"768\" src=\"https:\/\/catholic-su.rs\/wp-content\/uploads\/2022\/02\/crkve-1-1.jpg\" class=\"attachment-full size-full wp-image-9138\" alt=\"\" srcset=\"https:\/\/catholic-su.rs\/wp-content\/uploads\/2022\/02\/crkve-1-1.jpg 1024w, https:\/\/catholic-su.rs\/wp-content\/uploads\/2022\/02\/crkve-1-1-300x225.jpg 300w, https:\/\/catholic-su.rs\/wp-content\/uploads\/2022\/02\/crkve-1-1-768x576.jpg 768w\" sizes=\"(max-width: 1024px) 100vw, 1024px\" \/><\/a>\n\t\t\t\t\t<\/div>\n\t\t\n\t\t\t\n\t\t\t<div class=\"uael-post__content-wrap uael-content-wrap-disabled\">\n\t\t\t\t\t<h3 class=\"uael-post__title\">\n\n\t\t\n\t\t\t\t\t\t<a href=\"https:\/\/catholic-su.rs\/hu\/rozsafuzer-kiralynoje-sajkaslak\/\" target=\"_self\">\n\t\t\t\tR\u00f3zsaf\u00fcz\u00e9r Kir\u00e1lyn\u0151je &#8211; Sajk\u00e1slak\t\t\t<\/a>\n\n\t\t\t\t<\/h3>\n\t\t\t\t\t<\/div>\n\t\t\t\n\t\t<\/div>\n\t\t\n\t<\/div>\n\n<\/div>\n\n<div class=\"uael-post-wrapper   b\u00e1csi-f\u0151esperesi-ker\u00fclet budiszava pl\u00e9b\u00e1ni\u00e1k \u00dajvid\u00e9ki-esperesi-ker\u00fclet \">\n\t<div class=\"uael-post__bg-wrap uael-bg-wrap-disabled \">\n\n\t\t\t\t\n\t\t<div class=\"uael-post__inner-wrap uael-inner-wrap-disabled\">\n\n\t\t\t\t<div class=\"uael-post__thumbnail\">\n\t\t\t\n\t\t\t<a href=\"https:\/\/catholic-su.rs\/hu\/rozsafuzer-kiralynoje-tiszakalmanfalva\/\" target=\"_self\" title=\"R\u00f3zsaf\u00fcz\u00e9r Kir\u00e1lyn\u0151je &#8211; Tiszak\u00e1lm\u00e1nfalva\"><img loading=\"lazy\" decoding=\"async\" width=\"1024\" height=\"768\" src=\"https:\/\/catholic-su.rs\/wp-content\/uploads\/2022\/02\/crkve-1.jpg\" class=\"attachment-full size-full wp-image-8003\" alt=\"\" srcset=\"https:\/\/catholic-su.rs\/wp-content\/uploads\/2022\/02\/crkve-1.jpg 1024w, https:\/\/catholic-su.rs\/wp-content\/uploads\/2022\/02\/crkve-1-300x225.jpg 300w, https:\/\/catholic-su.rs\/wp-content\/uploads\/2022\/02\/crkve-1-768x576.jpg 768w\" sizes=\"(max-width: 1024px) 100vw, 1024px\" \/><\/a>\n\t\t\t\t\t<\/div>\n\t\t\n\t\t\t\n\t\t\t<div class=\"uael-post__content-wrap uael-content-wrap-disabled\">\n\t\t\t\t\t<h3 class=\"uael-post__title\">\n\n\t\t\n\t\t\t\t\t\t<a href=\"https:\/\/catholic-su.rs\/hu\/rozsafuzer-kiralynoje-tiszakalmanfalva\/\" target=\"_self\">\n\t\t\t\tR\u00f3zsaf\u00fcz\u00e9r Kir\u00e1lyn\u0151je &#8211; Tiszak\u00e1lm\u00e1nfalva\t\t\t<\/a>\n\n\t\t\t\t<\/h3>\n\t\t\t\t\t<\/div>\n\t\t\t\n\t\t<\/div>\n\t\t\n\t<\/div>\n\n<\/div>\n\n<div class=\"uael-post-wrapper   b\u00e1csi-f\u0151esperesi-ker\u00fclet pl\u00e9b\u00e1ni\u00e1k \u00dajvid\u00e9k \u00dajvid\u00e9ki-esperesi-ker\u00fclet \">\n\t<div class=\"uael-post__bg-wrap uael-bg-wrap-disabled \">\n\n\t\t\t\t\n\t\t<div class=\"uael-post__inner-wrap uael-inner-wrap-disabled\">\n\n\t\t\t\t<div class=\"uael-post__thumbnail\">\n\t\t\t\n\t\t\t<a href=\"https:\/\/catholic-su.rs\/hu\/szent-erzsebet-ujvidek\/\" target=\"_self\" title=\"Szent Erzs\u00e9bet &#8211; \u00dajvid\u00e9k\"><img loading=\"lazy\" decoding=\"async\" width=\"1024\" height=\"768\" src=\"https:\/\/catholic-su.rs\/wp-content\/uploads\/2022\/02\/crkve-1-1.jpg\" class=\"attachment-full size-full wp-image-9138\" alt=\"\" srcset=\"https:\/\/catholic-su.rs\/wp-content\/uploads\/2022\/02\/crkve-1-1.jpg 1024w, https:\/\/catholic-su.rs\/wp-content\/uploads\/2022\/02\/crkve-1-1-300x225.jpg 300w, https:\/\/catholic-su.rs\/wp-content\/uploads\/2022\/02\/crkve-1-1-768x576.jpg 768w\" sizes=\"(max-width: 1024px) 100vw, 1024px\" \/><\/a>\n\t\t\t\t\t<\/div>\n\t\t\n\t\t\t\n\t\t\t<div class=\"uael-post__content-wrap uael-content-wrap-disabled\">\n\t\t\t\t\t<h3 class=\"uael-post__title\">\n\n\t\t\n\t\t\t\t\t\t<a href=\"https:\/\/catholic-su.rs\/hu\/szent-erzsebet-ujvidek\/\" target=\"_self\">\n\t\t\t\tSzent Erzs\u00e9bet &#8211; \u00dajvid\u00e9k\t\t\t<\/a>\n\n\t\t\t\t<\/h3>\n\t\t\t\t\t<\/div>\n\t\t\t\n\t\t<\/div>\n\t\t\n\t<\/div>\n\n<\/div>\n\n<div class=\"uael-post-wrapper   b\u00e1csi-f\u0151esperesi-ker\u00fclet pl\u00e9b\u00e1ni\u00e1k \u00dajvid\u00e9k \u00dajvid\u00e9ki-esperesi-ker\u00fclet \">\n\t<div class=\"uael-post__bg-wrap uael-bg-wrap-disabled \">\n\n\t\t\t\t\n\t\t<div class=\"uael-post__inner-wrap uael-inner-wrap-disabled\">\n\n\t\t\t\t<div class=\"uael-post__thumbnail\">\n\t\t\t\n\t\t\t<a href=\"https:\/\/catholic-su.rs\/hu\/szent-rokus-ujvidek\/\" target=\"_self\" title=\"Szent R\u00f3kus &#8211; \u00dajvid\u00e9k\"><img loading=\"lazy\" decoding=\"async\" width=\"1024\" height=\"768\" src=\"https:\/\/catholic-su.rs\/wp-content\/uploads\/2022\/02\/crkve-1-1.jpg\" class=\"attachment-full size-full wp-image-9138\" alt=\"\" srcset=\"https:\/\/catholic-su.rs\/wp-content\/uploads\/2022\/02\/crkve-1-1.jpg 1024w, https:\/\/catholic-su.rs\/wp-content\/uploads\/2022\/02\/crkve-1-1-300x225.jpg 300w, https:\/\/catholic-su.rs\/wp-content\/uploads\/2022\/02\/crkve-1-1-768x576.jpg 768w\" sizes=\"(max-width: 1024px) 100vw, 1024px\" \/><\/a>\n\t\t\t\t\t<\/div>\n\t\t\n\t\t\t\n\t\t\t<div class=\"uael-post__content-wrap uael-content-wrap-disabled\">\n\t\t\t\t\t<h3 class=\"uael-post__title\">\n\n\t\t\n\t\t\t\t\t\t<a href=\"https:\/\/catholic-su.rs\/hu\/szent-rokus-ujvidek\/\" target=\"_self\">\n\t\t\t\tSzent R\u00f3kus &#8211; \u00dajvid\u00e9k\t\t\t<\/a>\n\n\t\t\t\t<\/h3>\n\t\t\t\t\t<\/div>\n\t\t\t\n\t\t<\/div>\n\t\t\n\t<\/div>\n\n<\/div>\n\n<div class=\"uael-post-wrapper   b\u00e1csi-f\u0151esperesi-ker\u00fclet pl\u00e9b\u00e1ni\u00e1k temerin \u00dajvid\u00e9ki-esperesi-ker\u00fclet \">\n\t<div class=\"uael-post__bg-wrap uael-bg-wrap-disabled \">\n\n\t\t\t\t\n\t\t<div class=\"uael-post__inner-wrap uael-inner-wrap-disabled\">\n\n\t\t\t\t<div class=\"uael-post__thumbnail\">\n\t\t\t\n\t\t\t<a href=\"https:\/\/catholic-su.rs\/hu\/szent-rozalia-temerin\/\" target=\"_self\" title=\"Szent Roz\u00e1lia &#8211; Temerin\"><img loading=\"lazy\" decoding=\"async\" width=\"1024\" height=\"768\" src=\"https:\/\/catholic-su.rs\/wp-content\/uploads\/2022\/02\/crkve-1-1.jpg\" class=\"attachment-full size-full wp-image-9138\" alt=\"\" srcset=\"https:\/\/catholic-su.rs\/wp-content\/uploads\/2022\/02\/crkve-1-1.jpg 1024w, https:\/\/catholic-su.rs\/wp-content\/uploads\/2022\/02\/crkve-1-1-300x225.jpg 300w, https:\/\/catholic-su.rs\/wp-content\/uploads\/2022\/02\/crkve-1-1-768x576.jpg 768w\" sizes=\"(max-width: 1024px) 100vw, 1024px\" \/><\/a>\n\t\t\t\t\t<\/div>\n\t\t\n\t\t\t\n\t\t\t<div class=\"uael-post__content-wrap uael-content-wrap-disabled\">\n\t\t\t\t\t<h3 class=\"uael-post__title\">\n\n\t\t\n\t\t\t\t\t\t<a href=\"https:\/\/catholic-su.rs\/hu\/szent-rozalia-temerin\/\" target=\"_self\">\n\t\t\t\tSzent Roz\u00e1lia &#8211; Temerin\t\t\t<\/a>\n\n\t\t\t\t<\/h3>\n\t\t\t\t\t<\/div>\n\t\t\t\n\t\t<\/div>\n\t\t\n\t<\/div>\n\n<\/div>\n\t\t\t\t<\/div>\n\t\t\t\t\t\t\n\t\t<\/div>\n\n\t\t\t\t\t\t<\/div>\n\t\t<div class=\"uael-post__footer\">\n\t\t\t\t\t<\/div>\n\t\t\t\t\t\t<\/div>\n\t\t\t\t<\/div>\n\t\t\t\t\t<\/div>\n\t\t<\/div>\n\t\t\t\t\t<\/div>\n\t\t<\/section>\n\t\t\t\t<\/div>\n\t\t","protected":false},"excerpt":{"rendered":"<p> [&hellip;]<\/p>\n","protected":false},"author":1,"featured_media":0,"parent":9040,"menu_order":0,"comment_status":"closed","ping_status":"closed","template":"","meta":{"site-sidebar-layout":"no-sidebar","site-content-layout":"page-builder","ast-site-content-layout":"full-width-container","site-content-style":"unboxed","site-sidebar-style":"unboxed","ast-global-header-display":"","ast-banner-title-visibility":"","ast-main-header-display":"","ast-hfb-above-header-display":"","ast-hfb-below-header-display":"","ast-hfb-mobile-header-display":"","site-post-title":"disabled","ast-breadcrumbs-content":"","ast-featured-img":"disabled","footer-sml-layout":"","ast-disable-related-posts":"","theme-transparent-header-meta":"default","adv-header-id-meta":"","stick-header-meta":"","header-above-stick-meta":"","header-main-stick-meta":"","header-below-stick-meta":"","astra-migrate-meta-layouts":"set","ast-page-background-enabled":"default","ast-page-background-meta":{"desktop":{"background-color":"","background-image":"","background-repeat":"repeat","background-position":"center center","background-size":"auto","background-attachment":"scroll","background-type":"","background-media":"","overlay-type":"","overlay-color":"","overlay-opacity":"","overlay-gradient":""},"tablet":{"background-color":"","background-image":"","background-repeat":"repeat","background-position":"center center","background-size":"auto","background-attachment":"scroll","background-type":"","background-media":"","overlay-type":"","overlay-color":"","overlay-opacity":"","overlay-gradient":""},"mobile":{"background-color":"","background-image":"","background-repeat":"repeat","background-position":"center center","background-size":"auto","background-attachment":"scroll","background-type":"","background-media":"","overlay-type":"","overlay-color":"","overlay-opacity":"","overlay-gradient":""}},"ast-content-background-meta":{"desktop":{"background-color":"var(--ast-global-color-5)","background-image":"","background-repeat":"repeat","background-position":"center center","background-size":"auto","background-attachment":"scroll","background-type":"","background-media":"","overlay-type":"","overlay-color":"","overlay-opacity":"","overlay-gradient":""},"tablet":{"background-color":"var(--ast-global-color-5)","background-image":"","background-repeat":"repeat","background-position":"center center","background-size":"auto","background-attachment":"scroll","background-type":"","background-media":"","overlay-type":"","overlay-color":"","overlay-opacity":"","overlay-gradient":""},"mobile":{"background-color":"var(--ast-global-color-5)","background-image":"","background-repeat":"repeat","background-position":"center center","background-size":"auto","background-attachment":"scroll","background-type":"","background-media":"","overlay-type":"","overlay-color":"","overlay-opacity":"","overlay-gradient":""}},"footnotes":""},"class_list":["post-15590","page","type-page","status-publish","hentry"],"_links":{"self":[{"href":"https:\/\/catholic-su.rs\/hu\/wp-json\/wp\/v2\/pages\/15590","targetHints":{"allow":["GET"]}}],"collection":[{"href":"https:\/\/catholic-su.rs\/hu\/wp-json\/wp\/v2\/pages"}],"about":[{"href":"https:\/\/catholic-su.rs\/hu\/wp-json\/wp\/v2\/types\/page"}],"author":[{"embeddable":true,"href":"https:\/\/catholic-su.rs\/hu\/wp-json\/wp\/v2\/users\/1"}],"replies":[{"embeddable":true,"href":"https:\/\/catholic-su.rs\/hu\/wp-json\/wp\/v2\/comments?post=15590"}],"version-history":[{"count":5,"href":"https:\/\/catholic-su.rs\/hu\/wp-json\/wp\/v2\/pages\/15590\/revisions"}],"predecessor-version":[{"id":41877,"href":"https:\/\/catholic-su.rs\/hu\/wp-json\/wp\/v2\/pages\/15590\/revisions\/41877"}],"up":[{"embeddable":true,"href":"https:\/\/catholic-su.rs\/hu\/wp-json\/wp\/v2\/pages\/9040"}],"wp:attachment":[{"href":"https:\/\/catholic-su.rs\/hu\/wp-json\/wp\/v2\/media?parent=15590"}],"curies":[{"name":"wp","href":"https:\/\/api.w.org\/{rel}","templated":true}]}}