{"id":15580,"date":"2022-03-24T13:49:43","date_gmt":"2022-03-24T13:49:43","guid":{"rendered":"https:\/\/catholic-su.rs\/esperesi-keruletek\/magyarkanizsa\/"},"modified":"2024-12-05T10:11:36","modified_gmt":"2024-12-05T09:11:36","slug":"magyarkanizsa","status":"publish","type":"page","link":"https:\/\/catholic-su.rs\/hu\/esperesi-keruletek\/magyarkanizsa\/","title":{"rendered":"Magyarkanizsa"},"content":{"rendered":"\t\t<div data-elementor-type=\"wp-page\" data-elementor-id=\"15580\" class=\"elementor elementor-15580 elementor-12085\" data-elementor-post-type=\"page\">\n\t\t\t\t\t\t<section class=\"elementor-section elementor-top-section elementor-element elementor-element-e251cce elementor-section-height-min-height elementor-section-content-middle elementor-section-boxed elementor-section-height-default elementor-section-items-middle\" data-id=\"e251cce\" data-element_type=\"section\" data-e-type=\"section\" data-settings=\"{&quot;background_background&quot;:&quot;classic&quot;}\">\n\t\t\t\t\t\t<div class=\"elementor-container elementor-column-gap-default\">\n\t\t\t\t\t<div class=\"elementor-column elementor-col-50 elementor-top-column elementor-element elementor-element-a02d677\" data-id=\"a02d677\" data-element_type=\"column\" data-e-type=\"column\">\n\t\t\t<div class=\"elementor-widget-wrap elementor-element-populated\">\n\t\t\t\t\t\t<div class=\"elementor-element elementor-element-c85e3f1 elementor-widget elementor-widget-image\" data-id=\"c85e3f1\" data-element_type=\"widget\" data-e-type=\"widget\" data-widget_type=\"image.default\">\n\t\t\t\t<div class=\"elementor-widget-container\">\n\t\t\t\t\t\t\t\t\t\t\t\t\t\t\t\t<a href=\"https:\/\/catholic-su.rs\/hu\/\">\n\t\t\t\t\t\t\t<img decoding=\"async\" width=\"224\" height=\"101\" src=\"https:\/\/catholic-su.rs\/wp-content\/uploads\/2022\/10\/logoi-hu-1-1.png\" class=\"attachment-full size-full wp-image-22169\" alt=\"\" \/>\t\t\t\t\t\t\t\t<\/a>\n\t\t\t\t\t\t\t\t\t\t\t\t\t\t\t<\/div>\n\t\t\t\t<\/div>\n\t\t\t\t\t<\/div>\n\t\t<\/div>\n\t\t\t\t<div class=\"elementor-column elementor-col-50 elementor-top-column elementor-element elementor-element-4d347c4\" data-id=\"4d347c4\" data-element_type=\"column\" data-e-type=\"column\">\n\t\t\t<div class=\"elementor-widget-wrap\">\n\t\t\t\t\t\t\t<\/div>\n\t\t<\/div>\n\t\t\t\t\t<\/div>\n\t\t<\/section>\n\t\t\t\t<section class=\"elementor-section elementor-top-section elementor-element elementor-element-f952092 elementor-section-boxed elementor-section-height-default elementor-section-height-default\" data-id=\"f952092\" data-element_type=\"section\" data-e-type=\"section\">\n\t\t\t\t\t\t<div class=\"elementor-container elementor-column-gap-default\">\n\t\t\t\t\t<div class=\"elementor-column elementor-col-100 elementor-top-column elementor-element elementor-element-89613c9\" data-id=\"89613c9\" data-element_type=\"column\" data-e-type=\"column\" data-settings=\"{&quot;background_background&quot;:&quot;classic&quot;}\">\n\t\t\t<div class=\"elementor-widget-wrap elementor-element-populated\">\n\t\t\t\t\t\t<div class=\"elementor-element elementor-element-abc0e9c elementor-widget elementor-widget-heading\" data-id=\"abc0e9c\" data-element_type=\"widget\" data-e-type=\"widget\" data-widget_type=\"heading.default\">\n\t\t\t\t<div class=\"elementor-widget-container\">\n\t\t\t\t\t<h2 class=\"elementor-heading-title elementor-size-default\">Magyarkanizsa<\/h2>\t\t\t\t<\/div>\n\t\t\t\t<\/div>\n\t\t\t\t\t<\/div>\n\t\t<\/div>\n\t\t\t\t\t<\/div>\n\t\t<\/section>\n\t\t\t\t<section class=\"elementor-section elementor-top-section elementor-element elementor-element-584eade elementor-section-boxed elementor-section-height-default elementor-section-height-default\" data-id=\"584eade\" data-element_type=\"section\" data-e-type=\"section\">\n\t\t\t\t\t\t<div class=\"elementor-container elementor-column-gap-default\">\n\t\t\t\t\t<div class=\"elementor-column elementor-col-100 elementor-top-column elementor-element elementor-element-ff86432\" data-id=\"ff86432\" data-element_type=\"column\" data-e-type=\"column\">\n\t\t\t<div class=\"elementor-widget-wrap elementor-element-populated\">\n\t\t\t\t\t\t<div class=\"elementor-element elementor-element-911be1d uael-equal__height-yes elementor-widget elementor-widget-uael-posts\" data-id=\"911be1d\" data-element_type=\"widget\" data-e-type=\"widget\" data-settings=\"{&quot;classic_slides_to_show&quot;:5,&quot;classic_slides_to_show_tablet&quot;:2,&quot;classic_slides_to_show_mobile&quot;:1,&quot;classic_show_filters&quot;:&quot;no&quot;}\" data-widget_type=\"uael-posts.classic\">\n\t\t\t\t<div class=\"elementor-widget-container\">\n\t\t\t\t\t\t\t<div class=\"uael-post__header\">\n\t\t\t\t\t<\/div>\n\t\t<div class=\"uael-post__body\">\n\t\t\t\n\t\t\n\t\t<div class=\"uael-blog-terms-position- uael-post-image-top uael-post-grid uael-posts\" data-query-type=\"custom\" data-structure=\"normal\" data-layout=\"\" data-page=\"15580\" data-skin=\"classic\" data-filter-default=\"\" data-offset-top=\"30\" >\n\n\t\t\t\t\t\t\t<div class=\"uael-post-grid__inner uael-post__columns-5 uael-post__columns-tablet-2 uael-post__columns-mobile-1\">\n\t\t\t\n<div class=\"uael-post-wrapper   magyarkanizsai-esperesi-ker\u00fclet martonos pl\u00e9b\u00e1ni\u00e1k tiszamenti-f\u0151esperesi-ker\u00fclet \">\n\t<div class=\"uael-post__bg-wrap uael-bg-wrap-disabled \">\n\n\t\t\t\t\n\t\t<div class=\"uael-post__inner-wrap uael-inner-wrap-disabled\">\n\n\t\t\t\t<div class=\"uael-post__thumbnail\">\n\t\t\t\n\t\t\t<a href=\"https:\/\/catholic-su.rs\/hu\/maria-neve-martonos\/\" target=\"_self\" title=\"M\u00e1ria Neve &#8211; Martonos\"><img fetchpriority=\"high\" decoding=\"async\" width=\"1024\" height=\"768\" src=\"https:\/\/catholic-su.rs\/wp-content\/uploads\/2022\/02\/crkve-1-1.jpg\" class=\"attachment-full size-full wp-image-9138\" alt=\"\" srcset=\"https:\/\/catholic-su.rs\/wp-content\/uploads\/2022\/02\/crkve-1-1.jpg 1024w, https:\/\/catholic-su.rs\/wp-content\/uploads\/2022\/02\/crkve-1-1-300x225.jpg 300w, https:\/\/catholic-su.rs\/wp-content\/uploads\/2022\/02\/crkve-1-1-768x576.jpg 768w\" sizes=\"(max-width: 1024px) 100vw, 1024px\" \/><\/a>\n\t\t\t\t\t<\/div>\n\t\t\n\t\t\t\n\t\t\t<div class=\"uael-post__content-wrap uael-content-wrap-disabled\">\n\t\t\t\t\t<h3 class=\"uael-post__title\">\n\n\t\t\n\t\t\t\t\t\t<a href=\"https:\/\/catholic-su.rs\/hu\/maria-neve-martonos\/\" target=\"_self\">\n\t\t\t\tM\u00e1ria Neve &#8211; Martonos\t\t\t<\/a>\n\n\t\t\t\t<\/h3>\n\t\t\t\t\t<\/div>\n\t\t\t\n\t\t<\/div>\n\t\t\n\t<\/div>\n\n<\/div>\n\n<div class=\"uael-post-wrapper   magyarkanizsai-esperesi-ker\u00fclet pl\u00e9b\u00e1ni\u00e1k tiszamenti-f\u0151esperesi-ker\u00fclet t\u00f3thfalu \">\n\t<div class=\"uael-post__bg-wrap uael-bg-wrap-disabled \">\n\n\t\t\t\t\n\t\t<div class=\"uael-post__inner-wrap uael-inner-wrap-disabled\">\n\n\t\t\t\t<div class=\"uael-post__thumbnail\">\n\t\t\t\n\t\t\t<a href=\"https:\/\/catholic-su.rs\/hu\/munkas-szent-jozsef-tothfalu\/\" target=\"_self\" title=\"Munk\u00e1s Szent J\u00f3zsef  &#8211; T\u00f3thfalu\"><img decoding=\"async\" width=\"2048\" height=\"1365\" src=\"https:\/\/catholic-su.rs\/wp-content\/uploads\/2022\/02\/00-10.jpg\" class=\"attachment-full size-full wp-image-34627\" alt=\"\" srcset=\"https:\/\/catholic-su.rs\/wp-content\/uploads\/2022\/02\/00-10.jpg 2048w, https:\/\/catholic-su.rs\/wp-content\/uploads\/2022\/02\/00-10-300x200.jpg 300w, https:\/\/catholic-su.rs\/wp-content\/uploads\/2022\/02\/00-10-1024x683.jpg 1024w, https:\/\/catholic-su.rs\/wp-content\/uploads\/2022\/02\/00-10-768x512.jpg 768w, https:\/\/catholic-su.rs\/wp-content\/uploads\/2022\/02\/00-10-1536x1024.jpg 1536w\" sizes=\"(max-width: 2048px) 100vw, 2048px\" \/><\/a>\n\t\t\t\t\t<\/div>\n\t\t\n\t\t\t\n\t\t\t<div class=\"uael-post__content-wrap uael-content-wrap-disabled\">\n\t\t\t\t\t<h3 class=\"uael-post__title\">\n\n\t\t\n\t\t\t\t\t\t<a href=\"https:\/\/catholic-su.rs\/hu\/munkas-szent-jozsef-tothfalu\/\" target=\"_self\">\n\t\t\t\tMunk\u00e1s Szent J\u00f3zsef  &#8211; T\u00f3thfalu\t\t\t<\/a>\n\n\t\t\t\t<\/h3>\n\t\t\t\t\t<\/div>\n\t\t\t\n\t\t<\/div>\n\t\t\n\t<\/div>\n\n<\/div>\n\n<div class=\"uael-post-wrapper   adorj\u00e1n magyarkanizsai-esperesi-ker\u00fclet pl\u00e9b\u00e1ni\u00e1k tiszamenti-f\u0151esperesi-ker\u00fclet \">\n\t<div class=\"uael-post__bg-wrap uael-bg-wrap-disabled \">\n\n\t\t\t\t\n\t\t<div class=\"uael-post__inner-wrap uael-inner-wrap-disabled\">\n\n\t\t\t\t<div class=\"uael-post__thumbnail\">\n\t\t\t\n\t\t\t<a href=\"https:\/\/catholic-su.rs\/hu\/sarlos-boldogasszony-adorjan\/\" target=\"_self\" title=\"Sarl\u00f3s Boldogasszony &#8211; Adorj\u00e1n\"><img loading=\"lazy\" decoding=\"async\" width=\"2048\" height=\"1365\" src=\"https:\/\/catholic-su.rs\/wp-content\/uploads\/2024\/01\/00-15.jpg\" class=\"attachment-full size-full wp-image-33685\" alt=\"\" srcset=\"https:\/\/catholic-su.rs\/wp-content\/uploads\/2024\/01\/00-15.jpg 2048w, https:\/\/catholic-su.rs\/wp-content\/uploads\/2024\/01\/00-15-300x200.jpg 300w, https:\/\/catholic-su.rs\/wp-content\/uploads\/2024\/01\/00-15-1024x683.jpg 1024w, https:\/\/catholic-su.rs\/wp-content\/uploads\/2024\/01\/00-15-768x512.jpg 768w, https:\/\/catholic-su.rs\/wp-content\/uploads\/2024\/01\/00-15-1536x1024.jpg 1536w\" sizes=\"(max-width: 2048px) 100vw, 2048px\" \/><\/a>\n\t\t\t\t\t<\/div>\n\t\t\n\t\t\t\n\t\t\t<div class=\"uael-post__content-wrap uael-content-wrap-disabled\">\n\t\t\t\t\t<h3 class=\"uael-post__title\">\n\n\t\t\n\t\t\t\t\t\t<a href=\"https:\/\/catholic-su.rs\/hu\/sarlos-boldogasszony-adorjan\/\" target=\"_self\">\n\t\t\t\tSarl\u00f3s Boldogasszony &#8211; Adorj\u00e1n\t\t\t<\/a>\n\n\t\t\t\t<\/h3>\n\t\t\t\t\t<\/div>\n\t\t\t\n\t\t<\/div>\n\t\t\n\t<\/div>\n\n<\/div>\n\n<div class=\"uael-post-wrapper   magyarkanizsai-esperesi-ker\u00fclet oromhegyes pl\u00e9b\u00e1ni\u00e1k tiszamenti-f\u0151esperesi-ker\u00fclet \">\n\t<div class=\"uael-post__bg-wrap uael-bg-wrap-disabled \">\n\n\t\t\t\t\n\t\t<div class=\"uael-post__inner-wrap uael-inner-wrap-disabled\">\n\n\t\t\t\t<div class=\"uael-post__thumbnail\">\n\t\t\t\n\t\t\t<a href=\"https:\/\/catholic-su.rs\/hu\/szent-mihaly-arkangyal-oromhegyes\/\" target=\"_self\" title=\"Szent Mih\u00e1ly Arkangyal  &#8211; Oromhegyes\"><img loading=\"lazy\" decoding=\"async\" width=\"2048\" height=\"1365\" src=\"https:\/\/catholic-su.rs\/wp-content\/uploads\/2022\/02\/00-3.jpg\" class=\"attachment-full size-full wp-image-29758\" alt=\"\" srcset=\"https:\/\/catholic-su.rs\/wp-content\/uploads\/2022\/02\/00-3.jpg 2048w, https:\/\/catholic-su.rs\/wp-content\/uploads\/2022\/02\/00-3-300x200.jpg 300w, https:\/\/catholic-su.rs\/wp-content\/uploads\/2022\/02\/00-3-1024x683.jpg 1024w, https:\/\/catholic-su.rs\/wp-content\/uploads\/2022\/02\/00-3-768x512.jpg 768w, https:\/\/catholic-su.rs\/wp-content\/uploads\/2022\/02\/00-3-1536x1024.jpg 1536w\" sizes=\"(max-width: 2048px) 100vw, 2048px\" \/><\/a>\n\t\t\t\t\t<\/div>\n\t\t\n\t\t\t\n\t\t\t<div class=\"uael-post__content-wrap uael-content-wrap-disabled\">\n\t\t\t\t\t<h3 class=\"uael-post__title\">\n\n\t\t\n\t\t\t\t\t\t<a href=\"https:\/\/catholic-su.rs\/hu\/szent-mihaly-arkangyal-oromhegyes\/\" target=\"_self\">\n\t\t\t\tSzent Mih\u00e1ly Arkangyal  &#8211; Oromhegyes\t\t\t<\/a>\n\n\t\t\t\t<\/h3>\n\t\t\t\t\t<\/div>\n\t\t\t\n\t\t<\/div>\n\t\t\n\t<\/div>\n\n<\/div>\n\n<div class=\"uael-post-wrapper   magyarkanizsa magyarkanizsai-esperesi-ker\u00fclet pl\u00e9b\u00e1ni\u00e1k tiszamenti-f\u0151esperesi-ker\u00fclet \">\n\t<div class=\"uael-post__bg-wrap uael-bg-wrap-disabled \">\n\n\t\t\t\t\n\t\t<div class=\"uael-post__inner-wrap uael-inner-wrap-disabled\">\n\n\t\t\t\t<div class=\"uael-post__thumbnail\">\n\t\t\t\n\t\t\t<a href=\"https:\/\/catholic-su.rs\/hu\/szent-orangyalok-magyarkanizsa\/\" target=\"_self\" title=\"Szent \u0150rangyalok &#8211; Magyarkanizsa\"><img loading=\"lazy\" decoding=\"async\" width=\"1611\" height=\"1071\" src=\"https:\/\/catholic-su.rs\/wp-content\/uploads\/2022\/10\/kanjiza-1.jpg\" class=\"attachment-full size-full wp-image-23820\" alt=\"\" srcset=\"https:\/\/catholic-su.rs\/wp-content\/uploads\/2022\/10\/kanjiza-1.jpg 1611w, https:\/\/catholic-su.rs\/wp-content\/uploads\/2022\/10\/kanjiza-1-300x199.jpg 300w, https:\/\/catholic-su.rs\/wp-content\/uploads\/2022\/10\/kanjiza-1-1024x681.jpg 1024w, https:\/\/catholic-su.rs\/wp-content\/uploads\/2022\/10\/kanjiza-1-768x511.jpg 768w, https:\/\/catholic-su.rs\/wp-content\/uploads\/2022\/10\/kanjiza-1-1536x1021.jpg 1536w\" sizes=\"(max-width: 1611px) 100vw, 1611px\" \/><\/a>\n\t\t\t\t\t<\/div>\n\t\t\n\t\t\t\n\t\t\t<div class=\"uael-post__content-wrap uael-content-wrap-disabled\">\n\t\t\t\t\t<h3 class=\"uael-post__title\">\n\n\t\t\n\t\t\t\t\t\t<a href=\"https:\/\/catholic-su.rs\/hu\/szent-orangyalok-magyarkanizsa\/\" target=\"_self\">\n\t\t\t\tSzent \u0150rangyalok &#8211; Magyarkanizsa\t\t\t<\/a>\n\n\t\t\t\t<\/h3>\n\t\t\t\t\t<\/div>\n\t\t\t\n\t\t<\/div>\n\t\t\n\t<\/div>\n\n<\/div>\n\n<div class=\"uael-post-wrapper   magyarkanizsa magyarkanizsai-esperesi-ker\u00fclet pl\u00e9b\u00e1ni\u00e1k tiszamenti-f\u0151esperesi-ker\u00fclet \">\n\t<div class=\"uael-post__bg-wrap uael-bg-wrap-disabled \">\n\n\t\t\t\t\n\t\t<div class=\"uael-post__inner-wrap uael-inner-wrap-disabled\">\n\n\t\t\t\t<div class=\"uael-post__thumbnail\">\n\t\t\t\n\t\t\t<a href=\"https:\/\/catholic-su.rs\/hu\/szent-pal-megterese-magyarkanizsa\/\" target=\"_self\" title=\"Szent P\u00e1l megt\u00e9r\u00e9se &#8211; Magyarkanizsa\"><img fetchpriority=\"high\" decoding=\"async\" width=\"1024\" height=\"768\" src=\"https:\/\/catholic-su.rs\/wp-content\/uploads\/2022\/02\/crkve-1-1.jpg\" class=\"attachment-full size-full wp-image-9138\" alt=\"\" srcset=\"https:\/\/catholic-su.rs\/wp-content\/uploads\/2022\/02\/crkve-1-1.jpg 1024w, https:\/\/catholic-su.rs\/wp-content\/uploads\/2022\/02\/crkve-1-1-300x225.jpg 300w, https:\/\/catholic-su.rs\/wp-content\/uploads\/2022\/02\/crkve-1-1-768x576.jpg 768w\" sizes=\"(max-width: 1024px) 100vw, 1024px\" \/><\/a>\n\t\t\t\t\t<\/div>\n\t\t\n\t\t\t\n\t\t\t<div class=\"uael-post__content-wrap uael-content-wrap-disabled\">\n\t\t\t\t\t<h3 class=\"uael-post__title\">\n\n\t\t\n\t\t\t\t\t\t<a href=\"https:\/\/catholic-su.rs\/hu\/szent-pal-megterese-magyarkanizsa\/\" target=\"_self\">\n\t\t\t\tSzent P\u00e1l megt\u00e9r\u00e9se &#8211; Magyarkanizsa\t\t\t<\/a>\n\n\t\t\t\t<\/h3>\n\t\t\t\t\t<\/div>\n\t\t\t\n\t\t<\/div>\n\t\t\n\t<\/div>\n\n<\/div>\n\n<div class=\"uael-post-wrapper   magyarkanizsai-esperesi-ker\u00fclet orom pl\u00e9b\u00e1ni\u00e1k tiszamenti-f\u0151esperesi-ker\u00fclet \">\n\t<div class=\"uael-post__bg-wrap uael-bg-wrap-disabled \">\n\n\t\t\t\t\n\t\t<div class=\"uael-post__inner-wrap uael-inner-wrap-disabled\">\n\n\t\t\t\t<div class=\"uael-post__thumbnail\">\n\t\t\t\n\t\t\t<a href=\"https:\/\/catholic-su.rs\/hu\/szuz-maria-szeplotelen-szive-orom\/\" target=\"_self\" title=\"Sz\u0171z M\u00e1ria Szepl\u0151telen Sz\u00edve- Orom\"><img fetchpriority=\"high\" decoding=\"async\" width=\"1024\" height=\"768\" src=\"https:\/\/catholic-su.rs\/wp-content\/uploads\/2022\/02\/crkve-1-1.jpg\" class=\"attachment-full size-full wp-image-9138\" alt=\"\" srcset=\"https:\/\/catholic-su.rs\/wp-content\/uploads\/2022\/02\/crkve-1-1.jpg 1024w, https:\/\/catholic-su.rs\/wp-content\/uploads\/2022\/02\/crkve-1-1-300x225.jpg 300w, https:\/\/catholic-su.rs\/wp-content\/uploads\/2022\/02\/crkve-1-1-768x576.jpg 768w\" sizes=\"(max-width: 1024px) 100vw, 1024px\" \/><\/a>\n\t\t\t\t\t<\/div>\n\t\t\n\t\t\t\n\t\t\t<div class=\"uael-post__content-wrap uael-content-wrap-disabled\">\n\t\t\t\t\t<h3 class=\"uael-post__title\">\n\n\t\t\n\t\t\t\t\t\t<a href=\"https:\/\/catholic-su.rs\/hu\/szuz-maria-szeplotelen-szive-orom\/\" target=\"_self\">\n\t\t\t\tSz\u0171z M\u00e1ria Szepl\u0151telen Sz\u00edve- Orom\t\t\t<\/a>\n\n\t\t\t\t<\/h3>\n\t\t\t\t\t<\/div>\n\t\t\t\n\t\t<\/div>\n\t\t\n\t<\/div>\n\n<\/div>\n\t\t\t\t<\/div>\n\t\t\t\t\t\t\n\t\t<\/div>\n\n\t\t\t\t\t\t<\/div>\n\t\t<div class=\"uael-post__footer\">\n\t\t\t\t\t<\/div>\n\t\t\t\t\t\t<\/div>\n\t\t\t\t<\/div>\n\t\t\t\t\t<\/div>\n\t\t<\/div>\n\t\t\t\t\t<\/div>\n\t\t<\/section>\n\t\t\t\t<\/div>\n\t\t","protected":false},"excerpt":{"rendered":"<p> [&hellip;]<\/p>\n","protected":false},"author":1,"featured_media":0,"parent":9040,"menu_order":0,"comment_status":"closed","ping_status":"closed","template":"","meta":{"site-sidebar-layout":"no-sidebar","site-content-layout":"page-builder","ast-site-content-layout":"full-width-container","site-content-style":"unboxed","site-sidebar-style":"unboxed","ast-global-header-display":"","ast-banner-title-visibility":"","ast-main-header-display":"","ast-hfb-above-header-display":"","ast-hfb-below-header-display":"","ast-hfb-mobile-header-display":"","site-post-title":"disabled","ast-breadcrumbs-content":"","ast-featured-img":"disabled","footer-sml-layout":"","ast-disable-related-posts":"","theme-transparent-header-meta":"default","adv-header-id-meta":"","stick-header-meta":"","header-above-stick-meta":"","header-main-stick-meta":"","header-below-stick-meta":"","astra-migrate-meta-layouts":"set","ast-page-background-enabled":"default","ast-page-background-meta":{"desktop":{"background-color":"","background-image":"","background-repeat":"repeat","background-position":"center center","background-size":"auto","background-attachment":"scroll","background-type":"","background-media":"","overlay-type":"","overlay-color":"","overlay-opacity":"","overlay-gradient":""},"tablet":{"background-color":"","background-image":"","background-repeat":"repeat","background-position":"center center","background-size":"auto","background-attachment":"scroll","background-type":"","background-media":"","overlay-type":"","overlay-color":"","overlay-opacity":"","overlay-gradient":""},"mobile":{"background-color":"","background-image":"","background-repeat":"repeat","background-position":"center center","background-size":"auto","background-attachment":"scroll","background-type":"","background-media":"","overlay-type":"","overlay-color":"","overlay-opacity":"","overlay-gradient":""}},"ast-content-background-meta":{"desktop":{"background-color":"var(--ast-global-color-5)","background-image":"","background-repeat":"repeat","background-position":"center center","background-size":"auto","background-attachment":"scroll","background-type":"","background-media":"","overlay-type":"","overlay-color":"","overlay-opacity":"","overlay-gradient":""},"tablet":{"background-color":"var(--ast-global-color-5)","background-image":"","background-repeat":"repeat","background-position":"center center","background-size":"auto","background-attachment":"scroll","background-type":"","background-media":"","overlay-type":"","overlay-color":"","overlay-opacity":"","overlay-gradient":""},"mobile":{"background-color":"var(--ast-global-color-5)","background-image":"","background-repeat":"repeat","background-position":"center center","background-size":"auto","background-attachment":"scroll","background-type":"","background-media":"","overlay-type":"","overlay-color":"","overlay-opacity":"","overlay-gradient":""}},"footnotes":""},"class_list":["post-15580","page","type-page","status-publish","hentry"],"_links":{"self":[{"href":"https:\/\/catholic-su.rs\/hu\/wp-json\/wp\/v2\/pages\/15580","targetHints":{"allow":["GET"]}}],"collection":[{"href":"https:\/\/catholic-su.rs\/hu\/wp-json\/wp\/v2\/pages"}],"about":[{"href":"https:\/\/catholic-su.rs\/hu\/wp-json\/wp\/v2\/types\/page"}],"author":[{"embeddable":true,"href":"https:\/\/catholic-su.rs\/hu\/wp-json\/wp\/v2\/users\/1"}],"replies":[{"embeddable":true,"href":"https:\/\/catholic-su.rs\/hu\/wp-json\/wp\/v2\/comments?post=15580"}],"version-history":[{"count":5,"href":"https:\/\/catholic-su.rs\/hu\/wp-json\/wp\/v2\/pages\/15580\/revisions"}],"predecessor-version":[{"id":41871,"href":"https:\/\/catholic-su.rs\/hu\/wp-json\/wp\/v2\/pages\/15580\/revisions\/41871"}],"up":[{"embeddable":true,"href":"https:\/\/catholic-su.rs\/hu\/wp-json\/wp\/v2\/pages\/9040"}],"wp:attachment":[{"href":"https:\/\/catholic-su.rs\/hu\/wp-json\/wp\/v2\/media?parent=15580"}],"curies":[{"name":"wp","href":"https:\/\/api.w.org\/{rel}","templated":true}]}}