{"id":15556,"date":"2022-03-24T13:36:56","date_gmt":"2022-03-24T13:36:56","guid":{"rendered":"https:\/\/catholic-su.rs\/esperesi-keruletek\/apatin\/"},"modified":"2024-12-05T10:11:19","modified_gmt":"2024-12-05T09:11:19","slug":"apatin","status":"publish","type":"page","link":"https:\/\/catholic-su.rs\/hu\/esperesi-keruletek\/apatin\/","title":{"rendered":"Apatin"},"content":{"rendered":"\t\t<div data-elementor-type=\"wp-page\" data-elementor-id=\"15556\" class=\"elementor elementor-15556 elementor-12091\" data-elementor-post-type=\"page\">\n\t\t\t\t\t\t<section class=\"elementor-section elementor-top-section elementor-element elementor-element-2a8de5d elementor-section-height-min-height elementor-section-content-middle elementor-section-boxed elementor-section-height-default elementor-section-items-middle\" data-id=\"2a8de5d\" data-element_type=\"section\" data-e-type=\"section\" data-settings=\"{&quot;background_background&quot;:&quot;classic&quot;}\">\n\t\t\t\t\t\t<div class=\"elementor-container elementor-column-gap-default\">\n\t\t\t\t\t<div class=\"elementor-column elementor-col-50 elementor-top-column elementor-element elementor-element-c198cd0\" data-id=\"c198cd0\" data-element_type=\"column\" data-e-type=\"column\">\n\t\t\t<div class=\"elementor-widget-wrap elementor-element-populated\">\n\t\t\t\t\t\t<div class=\"elementor-element elementor-element-7c32a12 elementor-widget elementor-widget-image\" data-id=\"7c32a12\" data-element_type=\"widget\" data-e-type=\"widget\" data-widget_type=\"image.default\">\n\t\t\t\t<div class=\"elementor-widget-container\">\n\t\t\t\t\t\t\t\t\t\t\t\t\t\t\t\t<a href=\"https:\/\/catholic-su.rs\/hu\/\">\n\t\t\t\t\t\t\t<img decoding=\"async\" width=\"224\" height=\"101\" src=\"https:\/\/catholic-su.rs\/wp-content\/uploads\/2022\/10\/logoi-hu-1-1.png\" class=\"attachment-full size-full wp-image-22169\" alt=\"\" \/>\t\t\t\t\t\t\t\t<\/a>\n\t\t\t\t\t\t\t\t\t\t\t\t\t\t\t<\/div>\n\t\t\t\t<\/div>\n\t\t\t\t\t<\/div>\n\t\t<\/div>\n\t\t\t\t<div class=\"elementor-column elementor-col-50 elementor-top-column elementor-element elementor-element-ed3300a\" data-id=\"ed3300a\" data-element_type=\"column\" data-e-type=\"column\">\n\t\t\t<div class=\"elementor-widget-wrap\">\n\t\t\t\t\t\t\t<\/div>\n\t\t<\/div>\n\t\t\t\t\t<\/div>\n\t\t<\/section>\n\t\t\t\t<section class=\"elementor-section elementor-top-section elementor-element elementor-element-f952092 elementor-section-boxed elementor-section-height-default elementor-section-height-default\" data-id=\"f952092\" data-element_type=\"section\" data-e-type=\"section\">\n\t\t\t\t\t\t<div class=\"elementor-container elementor-column-gap-default\">\n\t\t\t\t\t<div class=\"elementor-column elementor-col-100 elementor-top-column elementor-element elementor-element-89613c9\" data-id=\"89613c9\" data-element_type=\"column\" data-e-type=\"column\" data-settings=\"{&quot;background_background&quot;:&quot;classic&quot;}\">\n\t\t\t<div class=\"elementor-widget-wrap elementor-element-populated\">\n\t\t\t\t\t\t<div class=\"elementor-element elementor-element-abc0e9c elementor-widget elementor-widget-heading\" data-id=\"abc0e9c\" data-element_type=\"widget\" data-e-type=\"widget\" data-widget_type=\"heading.default\">\n\t\t\t\t<div class=\"elementor-widget-container\">\n\t\t\t\t\t<h2 class=\"elementor-heading-title elementor-size-default\">Apatin<\/h2>\t\t\t\t<\/div>\n\t\t\t\t<\/div>\n\t\t\t\t\t<\/div>\n\t\t<\/div>\n\t\t\t\t\t<\/div>\n\t\t<\/section>\n\t\t\t\t<section class=\"elementor-section elementor-top-section elementor-element elementor-element-584eade elementor-section-boxed elementor-section-height-default elementor-section-height-default\" data-id=\"584eade\" data-element_type=\"section\" data-e-type=\"section\">\n\t\t\t\t\t\t<div class=\"elementor-container elementor-column-gap-default\">\n\t\t\t\t\t<div class=\"elementor-column elementor-col-100 elementor-top-column elementor-element elementor-element-ff86432\" data-id=\"ff86432\" data-element_type=\"column\" data-e-type=\"column\">\n\t\t\t<div class=\"elementor-widget-wrap elementor-element-populated\">\n\t\t\t\t\t\t<div class=\"elementor-element elementor-element-911be1d uael-equal__height-yes elementor-widget elementor-widget-uael-posts\" data-id=\"911be1d\" data-element_type=\"widget\" data-e-type=\"widget\" data-settings=\"{&quot;classic_slides_to_show&quot;:5,&quot;classic_slides_to_show_tablet&quot;:2,&quot;classic_slides_to_show_mobile&quot;:1,&quot;classic_show_filters&quot;:&quot;no&quot;}\" data-widget_type=\"uael-posts.classic\">\n\t\t\t\t<div class=\"elementor-widget-container\">\n\t\t\t\t\t\t\t<div class=\"uael-post__header\">\n\t\t\t\t\t<\/div>\n\t\t<div class=\"uael-post__body\">\n\t\t\t\n\t\t\n\t\t<div class=\"uael-blog-terms-position- uael-post-image-top uael-post-grid uael-posts\" data-query-type=\"custom\" data-structure=\"normal\" data-layout=\"\" data-page=\"15556\" data-skin=\"classic\" data-filter-default=\"\" data-offset-top=\"30\" >\n\n\t\t\t\t\t\t\t<div class=\"uael-post-grid__inner uael-post__columns-5 uael-post__columns-tablet-2 uael-post__columns-mobile-1\">\n\t\t\t\n<div class=\"uael-post-wrapper   apatin apatini-esperesi-ker\u00fclet dunamenti-f\u0151esperesi-ker\u00fclet pl\u00e9b\u00e1ni\u00e1k \">\n\t<div class=\"uael-post__bg-wrap uael-bg-wrap-disabled \">\n\n\t\t\t\t\n\t\t<div class=\"uael-post__inner-wrap uael-inner-wrap-disabled\">\n\n\t\t\t\t<div class=\"uael-post__thumbnail\">\n\t\t\t\n\t\t\t<a href=\"https:\/\/catholic-su.rs\/hu\/nagyboldogasszony-apatin\/\" target=\"_self\" title=\"Nagyboldogasszony  &#8211; Apatin\"><img fetchpriority=\"high\" decoding=\"async\" width=\"2048\" height=\"1432\" src=\"https:\/\/catholic-su.rs\/wp-content\/uploads\/2024\/01\/00-16.jpg\" class=\"attachment-full size-full wp-image-33821\" alt=\"\" srcset=\"https:\/\/catholic-su.rs\/wp-content\/uploads\/2024\/01\/00-16.jpg 2048w, https:\/\/catholic-su.rs\/wp-content\/uploads\/2024\/01\/00-16-300x210.jpg 300w, https:\/\/catholic-su.rs\/wp-content\/uploads\/2024\/01\/00-16-1024x716.jpg 1024w, https:\/\/catholic-su.rs\/wp-content\/uploads\/2024\/01\/00-16-768x537.jpg 768w, https:\/\/catholic-su.rs\/wp-content\/uploads\/2024\/01\/00-16-1536x1074.jpg 1536w\" sizes=\"(max-width: 2048px) 100vw, 2048px\" \/><\/a>\n\t\t\t\t\t<\/div>\n\t\t\n\t\t\t\n\t\t\t<div class=\"uael-post__content-wrap uael-content-wrap-disabled\">\n\t\t\t\t\t<h3 class=\"uael-post__title\">\n\n\t\t\n\t\t\t\t\t\t<a href=\"https:\/\/catholic-su.rs\/hu\/nagyboldogasszony-apatin\/\" target=\"_self\">\n\t\t\t\tNagyboldogasszony  &#8211; Apatin\t\t\t<\/a>\n\n\t\t\t\t<\/h3>\n\t\t\t\t\t<\/div>\n\t\t\t\n\t\t<\/div>\n\t\t\n\t<\/div>\n\n<\/div>\n\n<div class=\"uael-post-wrapper   apatini-esperesi-ker\u00fclet b\u00e1cskertes dunamenti-f\u0151esperesi-ker\u00fclet pl\u00e9b\u00e1ni\u00e1k \">\n\t<div class=\"uael-post__bg-wrap uael-bg-wrap-disabled \">\n\n\t\t\t\t\n\t\t<div class=\"uael-post__inner-wrap uael-inner-wrap-disabled\">\n\n\t\t\t\t<div class=\"uael-post__thumbnail\">\n\t\t\t\n\t\t\t<a href=\"https:\/\/catholic-su.rs\/hu\/szent-anna-bacskertes\/\" target=\"_self\" title=\"Szent Anna &#8211; B\u00e1cskertes\"><img decoding=\"async\" width=\"2048\" height=\"1365\" src=\"https:\/\/catholic-su.rs\/wp-content\/uploads\/2024\/01\/Kupusina-Kupuszina-Bacskertes.jpg\" class=\"attachment-full size-full wp-image-36467\" alt=\"\" srcset=\"https:\/\/catholic-su.rs\/wp-content\/uploads\/2024\/01\/Kupusina-Kupuszina-Bacskertes.jpg 2048w, https:\/\/catholic-su.rs\/wp-content\/uploads\/2024\/01\/Kupusina-Kupuszina-Bacskertes-300x200.jpg 300w, https:\/\/catholic-su.rs\/wp-content\/uploads\/2024\/01\/Kupusina-Kupuszina-Bacskertes-1024x683.jpg 1024w, https:\/\/catholic-su.rs\/wp-content\/uploads\/2024\/01\/Kupusina-Kupuszina-Bacskertes-768x512.jpg 768w, https:\/\/catholic-su.rs\/wp-content\/uploads\/2024\/01\/Kupusina-Kupuszina-Bacskertes-1536x1024.jpg 1536w\" sizes=\"(max-width: 2048px) 100vw, 2048px\" \/><\/a>\n\t\t\t\t\t<\/div>\n\t\t\n\t\t\t\n\t\t\t<div class=\"uael-post__content-wrap uael-content-wrap-disabled\">\n\t\t\t\t\t<h3 class=\"uael-post__title\">\n\n\t\t\n\t\t\t\t\t\t<a href=\"https:\/\/catholic-su.rs\/hu\/szent-anna-bacskertes\/\" target=\"_self\">\n\t\t\t\tSzent Anna &#8211; B\u00e1cskertes\t\t\t<\/a>\n\n\t\t\t\t<\/h3>\n\t\t\t\t\t<\/div>\n\t\t\t\n\t\t<\/div>\n\t\t\n\t<\/div>\n\n<\/div>\n\n<div class=\"uael-post-wrapper   apatini-esperesi-ker\u00fclet doroszl\u00f3 dunamenti-f\u0151esperesi-ker\u00fclet pl\u00e9b\u00e1ni\u00e1k \">\n\t<div class=\"uael-post__bg-wrap uael-bg-wrap-disabled \">\n\n\t\t\t\t\n\t\t<div class=\"uael-post__inner-wrap uael-inner-wrap-disabled\">\n\n\t\t\t\t<div class=\"uael-post__thumbnail\">\n\t\t\t\n\t\t\t<a href=\"https:\/\/catholic-su.rs\/hu\/szent-imre-doroszlo\/\" target=\"_self\" title=\"Szent Imre &#8211; Doroszl\u00f3\"><img loading=\"lazy\" decoding=\"async\" width=\"1024\" height=\"768\" src=\"https:\/\/catholic-su.rs\/wp-content\/uploads\/2022\/02\/crkve-1.jpg\" class=\"attachment-full size-full wp-image-8003\" alt=\"\" srcset=\"https:\/\/catholic-su.rs\/wp-content\/uploads\/2022\/02\/crkve-1.jpg 1024w, https:\/\/catholic-su.rs\/wp-content\/uploads\/2022\/02\/crkve-1-300x225.jpg 300w, https:\/\/catholic-su.rs\/wp-content\/uploads\/2022\/02\/crkve-1-768x576.jpg 768w\" sizes=\"(max-width: 1024px) 100vw, 1024px\" \/><\/a>\n\t\t\t\t\t<\/div>\n\t\t\n\t\t\t\n\t\t\t<div class=\"uael-post__content-wrap uael-content-wrap-disabled\">\n\t\t\t\t\t<h3 class=\"uael-post__title\">\n\n\t\t\n\t\t\t\t\t\t<a href=\"https:\/\/catholic-su.rs\/hu\/szent-imre-doroszlo\/\" target=\"_self\">\n\t\t\t\tSzent Imre &#8211; Doroszl\u00f3\t\t\t<\/a>\n\n\t\t\t\t<\/h3>\n\t\t\t\t\t<\/div>\n\t\t\t\n\t\t<\/div>\n\t\t\n\t<\/div>\n\n<\/div>\n\n<div class=\"uael-post-wrapper   apatini-esperesi-ker\u00fclet dunamenti-f\u0151esperesi-ker\u00fclet pl\u00e9b\u00e1ni\u00e1k szil\u00e1gyi \">\n\t<div class=\"uael-post__bg-wrap uael-bg-wrap-disabled \">\n\n\t\t\t\t\n\t\t<div class=\"uael-post__inner-wrap uael-inner-wrap-disabled\">\n\n\t\t\t\t<div class=\"uael-post__thumbnail\">\n\t\t\t\n\t\t\t<a href=\"https:\/\/catholic-su.rs\/hu\/szent-istvan-kiraly-szilagyi\/\" target=\"_self\" title=\"Szent Istv\u00e1n Kir\u00e1ly &#8211; Szil\u00e1gyi\"><img loading=\"lazy\" decoding=\"async\" width=\"2048\" height=\"1365\" src=\"https:\/\/catholic-su.rs\/wp-content\/uploads\/2024\/01\/Szilagyi-Svilojevo-2.jpg\" class=\"attachment-full size-full wp-image-36465\" alt=\"\" srcset=\"https:\/\/catholic-su.rs\/wp-content\/uploads\/2024\/01\/Szilagyi-Svilojevo-2.jpg 2048w, https:\/\/catholic-su.rs\/wp-content\/uploads\/2024\/01\/Szilagyi-Svilojevo-2-300x200.jpg 300w, https:\/\/catholic-su.rs\/wp-content\/uploads\/2024\/01\/Szilagyi-Svilojevo-2-1024x683.jpg 1024w, https:\/\/catholic-su.rs\/wp-content\/uploads\/2024\/01\/Szilagyi-Svilojevo-2-768x512.jpg 768w, https:\/\/catholic-su.rs\/wp-content\/uploads\/2024\/01\/Szilagyi-Svilojevo-2-1536x1024.jpg 1536w\" sizes=\"(max-width: 2048px) 100vw, 2048px\" \/><\/a>\n\t\t\t\t\t<\/div>\n\t\t\n\t\t\t\n\t\t\t<div class=\"uael-post__content-wrap uael-content-wrap-disabled\">\n\t\t\t\t\t<h3 class=\"uael-post__title\">\n\n\t\t\n\t\t\t\t\t\t<a href=\"https:\/\/catholic-su.rs\/hu\/szent-istvan-kiraly-szilagyi\/\" target=\"_self\">\n\t\t\t\tSzent Istv\u00e1n Kir\u00e1ly &#8211; Szil\u00e1gyi\t\t\t<\/a>\n\n\t\t\t\t<\/h3>\n\t\t\t\t\t<\/div>\n\t\t\t\n\t\t<\/div>\n\t\t\n\t<\/div>\n\n<\/div>\n\n<div class=\"uael-post-wrapper   apatini-esperesi-ker\u00fclet dunamenti-f\u0151esperesi-ker\u00fclet gombos pl\u00e9b\u00e1ni\u00e1k \">\n\t<div class=\"uael-post__bg-wrap uael-bg-wrap-disabled \">\n\n\t\t\t\t\n\t\t<div class=\"uael-post__inner-wrap uael-inner-wrap-disabled\">\n\n\t\t\t\t<div class=\"uael-post__thumbnail\">\n\t\t\t\n\t\t\t<a href=\"https:\/\/catholic-su.rs\/hu\/szent-laszlo-kiraly-gombos\/\" target=\"_self\" title=\"Szent L\u00e1szl\u00f3 Kir\u00e1ly &#8211; Gombos\"><img loading=\"lazy\" decoding=\"async\" width=\"1024\" height=\"768\" src=\"https:\/\/catholic-su.rs\/wp-content\/uploads\/2022\/02\/crkve-1.jpg\" class=\"attachment-full size-full wp-image-8003\" alt=\"\" srcset=\"https:\/\/catholic-su.rs\/wp-content\/uploads\/2022\/02\/crkve-1.jpg 1024w, https:\/\/catholic-su.rs\/wp-content\/uploads\/2022\/02\/crkve-1-300x225.jpg 300w, https:\/\/catholic-su.rs\/wp-content\/uploads\/2022\/02\/crkve-1-768x576.jpg 768w\" sizes=\"(max-width: 1024px) 100vw, 1024px\" \/><\/a>\n\t\t\t\t\t<\/div>\n\t\t\n\t\t\t\n\t\t\t<div class=\"uael-post__content-wrap uael-content-wrap-disabled\">\n\t\t\t\t\t<h3 class=\"uael-post__title\">\n\n\t\t\n\t\t\t\t\t\t<a href=\"https:\/\/catholic-su.rs\/hu\/szent-laszlo-kiraly-gombos\/\" target=\"_self\">\n\t\t\t\tSzent L\u00e1szl\u00f3 Kir\u00e1ly &#8211; Gombos\t\t\t<\/a>\n\n\t\t\t\t<\/h3>\n\t\t\t\t\t<\/div>\n\t\t\t\n\t\t<\/div>\n\t\t\n\t<\/div>\n\n<\/div>\n\n<div class=\"uael-post-wrapper   apatini-esperesi-ker\u00fclet dunamenti-f\u0151esperesi-ker\u00fclet pl\u00e9b\u00e1ni\u00e1k szond \">\n\t<div class=\"uael-post__bg-wrap uael-bg-wrap-disabled \">\n\n\t\t\t\t\n\t\t<div class=\"uael-post__inner-wrap uael-inner-wrap-disabled\">\n\n\t\t\t\t<div class=\"uael-post__thumbnail\">\n\t\t\t\n\t\t\t<a href=\"https:\/\/catholic-su.rs\/hu\/szent-lorinc-szond\/\" target=\"_self\" title=\"Szent L\u0151rinc &#8211; Szond\"><img loading=\"lazy\" decoding=\"async\" width=\"1611\" height=\"1071\" src=\"https:\/\/catholic-su.rs\/wp-content\/uploads\/2022\/10\/sonta-1.jpg\" class=\"attachment-full size-full wp-image-23732\" alt=\"\" srcset=\"https:\/\/catholic-su.rs\/wp-content\/uploads\/2022\/10\/sonta-1.jpg 1611w, https:\/\/catholic-su.rs\/wp-content\/uploads\/2022\/10\/sonta-1-300x199.jpg 300w, https:\/\/catholic-su.rs\/wp-content\/uploads\/2022\/10\/sonta-1-1024x681.jpg 1024w, https:\/\/catholic-su.rs\/wp-content\/uploads\/2022\/10\/sonta-1-768x511.jpg 768w, https:\/\/catholic-su.rs\/wp-content\/uploads\/2022\/10\/sonta-1-1536x1021.jpg 1536w\" sizes=\"(max-width: 1611px) 100vw, 1611px\" \/><\/a>\n\t\t\t\t\t<\/div>\n\t\t\n\t\t\t\n\t\t\t<div class=\"uael-post__content-wrap uael-content-wrap-disabled\">\n\t\t\t\t\t<h3 class=\"uael-post__title\">\n\n\t\t\n\t\t\t\t\t\t<a href=\"https:\/\/catholic-su.rs\/hu\/szent-lorinc-szond\/\" target=\"_self\">\n\t\t\t\tSzent L\u0151rinc &#8211; Szond\t\t\t<\/a>\n\n\t\t\t\t<\/h3>\n\t\t\t\t\t<\/div>\n\t\t\t\n\t\t<\/div>\n\t\t\n\t<\/div>\n\n<\/div>\n\t\t\t\t<\/div>\n\t\t\t\t\t\t\n\t\t<\/div>\n\n\t\t\t\t\t\t<\/div>\n\t\t<div class=\"uael-post__footer\">\n\t\t\t\t\t<\/div>\n\t\t\t\t\t\t<\/div>\n\t\t\t\t<\/div>\n\t\t\t\t\t<\/div>\n\t\t<\/div>\n\t\t\t\t\t<\/div>\n\t\t<\/section>\n\t\t\t\t<\/div>\n\t\t","protected":false},"excerpt":{"rendered":"<p> [&hellip;]<\/p>\n","protected":false},"author":1,"featured_media":0,"parent":9040,"menu_order":0,"comment_status":"closed","ping_status":"closed","template":"","meta":{"site-sidebar-layout":"no-sidebar","site-content-layout":"page-builder","ast-site-content-layout":"full-width-container","site-content-style":"unboxed","site-sidebar-style":"unboxed","ast-global-header-display":"","ast-banner-title-visibility":"","ast-main-header-display":"","ast-hfb-above-header-display":"","ast-hfb-below-header-display":"","ast-hfb-mobile-header-display":"","site-post-title":"disabled","ast-breadcrumbs-content":"","ast-featured-img":"disabled","footer-sml-layout":"","ast-disable-related-posts":"","theme-transparent-header-meta":"default","adv-header-id-meta":"","stick-header-meta":"","header-above-stick-meta":"","header-main-stick-meta":"","header-below-stick-meta":"","astra-migrate-meta-layouts":"set","ast-page-background-enabled":"default","ast-page-background-meta":{"desktop":{"background-color":"","background-image":"","background-repeat":"repeat","background-position":"center center","background-size":"auto","background-attachment":"scroll","background-type":"","background-media":"","overlay-type":"","overlay-color":"","overlay-opacity":"","overlay-gradient":""},"tablet":{"background-color":"","background-image":"","background-repeat":"repeat","background-position":"center center","background-size":"auto","background-attachment":"scroll","background-type":"","background-media":"","overlay-type":"","overlay-color":"","overlay-opacity":"","overlay-gradient":""},"mobile":{"background-color":"","background-image":"","background-repeat":"repeat","background-position":"center center","background-size":"auto","background-attachment":"scroll","background-type":"","background-media":"","overlay-type":"","overlay-color":"","overlay-opacity":"","overlay-gradient":""}},"ast-content-background-meta":{"desktop":{"background-color":"var(--ast-global-color-5)","background-image":"","background-repeat":"repeat","background-position":"center center","background-size":"auto","background-attachment":"scroll","background-type":"","background-media":"","overlay-type":"","overlay-color":"","overlay-opacity":"","overlay-gradient":""},"tablet":{"background-color":"var(--ast-global-color-5)","background-image":"","background-repeat":"repeat","background-position":"center center","background-size":"auto","background-attachment":"scroll","background-type":"","background-media":"","overlay-type":"","overlay-color":"","overlay-opacity":"","overlay-gradient":""},"mobile":{"background-color":"var(--ast-global-color-5)","background-image":"","background-repeat":"repeat","background-position":"center center","background-size":"auto","background-attachment":"scroll","background-type":"","background-media":"","overlay-type":"","overlay-color":"","overlay-opacity":"","overlay-gradient":""}},"footnotes":""},"class_list":["post-15556","page","type-page","status-publish","hentry"],"_links":{"self":[{"href":"https:\/\/catholic-su.rs\/hu\/wp-json\/wp\/v2\/pages\/15556","targetHints":{"allow":["GET"]}}],"collection":[{"href":"https:\/\/catholic-su.rs\/hu\/wp-json\/wp\/v2\/pages"}],"about":[{"href":"https:\/\/catholic-su.rs\/hu\/wp-json\/wp\/v2\/types\/page"}],"author":[{"embeddable":true,"href":"https:\/\/catholic-su.rs\/hu\/wp-json\/wp\/v2\/users\/1"}],"replies":[{"embeddable":true,"href":"https:\/\/catholic-su.rs\/hu\/wp-json\/wp\/v2\/comments?post=15556"}],"version-history":[{"count":5,"href":"https:\/\/catholic-su.rs\/hu\/wp-json\/wp\/v2\/pages\/15556\/revisions"}],"predecessor-version":[{"id":41868,"href":"https:\/\/catholic-su.rs\/hu\/wp-json\/wp\/v2\/pages\/15556\/revisions\/41868"}],"up":[{"embeddable":true,"href":"https:\/\/catholic-su.rs\/hu\/wp-json\/wp\/v2\/pages\/9040"}],"wp:attachment":[{"href":"https:\/\/catholic-su.rs\/hu\/wp-json\/wp\/v2\/media?parent=15556"}],"curies":[{"name":"wp","href":"https:\/\/api.w.org\/{rel}","templated":true}]}}