{"id":7320,"date":"2022-02-08T16:35:21","date_gmt":"2022-02-08T16:35:21","guid":{"rendered":"https:\/\/catholic-su.rs\/?page_id=7320"},"modified":"2025-05-26T18:41:24","modified_gmt":"2025-05-26T16:41:24","slug":"doroslovo","status":"publish","type":"page","link":"https:\/\/catholic-su.rs\/hr\/svetista\/doroslovo\/","title":{"rendered":"Doroslovo"},"content":{"rendered":"\t\t<div data-elementor-type=\"wp-page\" data-elementor-id=\"7320\" class=\"elementor elementor-7320\" data-elementor-post-type=\"page\">\n\t\t\t\t\t\t<section class=\"elementor-section elementor-top-section elementor-element elementor-element-e5c8f32 elementor-section-height-min-height elementor-section-content-middle elementor-section-boxed elementor-section-height-default elementor-section-items-middle\" data-id=\"e5c8f32\" data-element_type=\"section\" data-e-type=\"section\" data-settings=\"{&quot;background_background&quot;:&quot;classic&quot;}\">\n\t\t\t\t\t\t<div class=\"elementor-container elementor-column-gap-default\">\n\t\t\t\t\t<div class=\"elementor-column elementor-col-50 elementor-top-column elementor-element elementor-element-f95f51c\" data-id=\"f95f51c\" data-element_type=\"column\" data-e-type=\"column\">\n\t\t\t<div class=\"elementor-widget-wrap elementor-element-populated\">\n\t\t\t\t\t\t<div class=\"elementor-element elementor-element-cf0c39a elementor-widget elementor-widget-image\" data-id=\"cf0c39a\" data-element_type=\"widget\" data-e-type=\"widget\" data-widget_type=\"image.default\">\n\t\t\t\t<div class=\"elementor-widget-container\">\n\t\t\t\t\t\t\t\t\t\t\t\t\t\t\t\t<a href=\"https:\/\/catholic-su.rs\/hr\/\">\n\t\t\t\t\t\t\t<img decoding=\"async\" width=\"190\" height=\"101\" src=\"https:\/\/catholic-su.rs\/wp-content\/uploads\/2022\/10\/logoi-hr-1-1-1.png\" class=\"attachment-full size-full wp-image-22107\" alt=\"\" \/>\t\t\t\t\t\t\t\t<\/a>\n\t\t\t\t\t\t\t\t\t\t\t\t\t\t\t<\/div>\n\t\t\t\t<\/div>\n\t\t\t\t\t<\/div>\n\t\t<\/div>\n\t\t\t\t<div class=\"elementor-column elementor-col-50 elementor-top-column elementor-element elementor-element-b1f2690\" data-id=\"b1f2690\" data-element_type=\"column\" data-e-type=\"column\">\n\t\t\t<div class=\"elementor-widget-wrap\">\n\t\t\t\t\t\t\t<\/div>\n\t\t<\/div>\n\t\t\t\t\t<\/div>\n\t\t<\/section>\n\t\t\t\t<section class=\"elementor-section elementor-top-section elementor-element elementor-element-65e40ed elementor-section-boxed elementor-section-height-default elementor-section-height-default\" data-id=\"65e40ed\" data-element_type=\"section\" data-e-type=\"section\">\n\t\t\t\t\t\t<div class=\"elementor-container elementor-column-gap-default\">\n\t\t\t\t\t<div class=\"elementor-column elementor-col-100 elementor-top-column elementor-element elementor-element-92331f9\" data-id=\"92331f9\" data-element_type=\"column\" data-e-type=\"column\" data-settings=\"{&quot;background_background&quot;:&quot;classic&quot;}\">\n\t\t\t<div class=\"elementor-widget-wrap elementor-element-populated\">\n\t\t\t\t\t\t<div class=\"elementor-element elementor-element-4e16053 elementor-widget elementor-widget-heading\" data-id=\"4e16053\" data-element_type=\"widget\" data-e-type=\"widget\" data-widget_type=\"heading.default\">\n\t\t\t\t<div class=\"elementor-widget-container\">\n\t\t\t\t\t<h2 class=\"elementor-heading-title elementor-size-default\">Doroslovo<\/h2>\t\t\t\t<\/div>\n\t\t\t\t<\/div>\n\t\t\t\t\t<\/div>\n\t\t<\/div>\n\t\t\t\t\t<\/div>\n\t\t<\/section>\n\t\t\t\t<section class=\"elementor-section elementor-top-section elementor-element elementor-element-6cafb30 elementor-section-boxed elementor-section-height-default elementor-section-height-default\" data-id=\"6cafb30\" data-element_type=\"section\" data-e-type=\"section\">\n\t\t\t\t\t\t<div class=\"elementor-container elementor-column-gap-default\">\n\t\t\t\t\t<div class=\"elementor-column elementor-col-50 elementor-top-column elementor-element elementor-element-297b68b\" data-id=\"297b68b\" data-element_type=\"column\" data-e-type=\"column\">\n\t\t\t<div class=\"elementor-widget-wrap elementor-element-populated\">\n\t\t\t\t\t\t<div class=\"elementor-element elementor-element-72b6e63 elementor-widget elementor-widget-text-editor\" data-id=\"72b6e63\" data-element_type=\"widget\" data-e-type=\"widget\" data-widget_type=\"text-editor.default\">\n\t\t\t\t<div class=\"elementor-widget-container\">\n\t\t\t\t\t\t\t\t\t<p align=\"justify\"><span lang=\"hr-HR\">Doroslovo je naselje u sjeverozapadnom dijelu Ba\u010dke, udaljeno od Sombora 21 km, a poznato je po Marijanskom sveti\u0161tu. Sveti\u0161te s \u010dudotvornim izvorom Bajkut, sada zvano Sentkut jedno je od sredi\u0161njih mjesta hodo\u0161\u0107a za mnoge vjernike \u0161irom regiona.<\/span><\/p><p align=\"justify\"><span lang=\"hr-HR\">Ovo mjesto poznato je jo\u0161 od srednjeg vijeka pod imenom Bajkut. U periodu izme\u0111u 1173. i 1183. godine premontreanski monasi su na ovom mjestu izgradili prvi manastir. Godine 1382. Na\u0111 Lajo\u0161 s drugim svojim imanjima poklanja ga budimskim klarisama. Za vrijeme Turaka, sravnjeno je sa zemljom, izuzev bunara koji je pre\u017eivio turska razaranja.<\/span><\/p><p align=\"justify\"><span lang=\"hr-HR\">Nakon vladavine Turaka, bunar postaje ponovno mjesto hodo\u010da\u0161\u0107a za mnoge vjernike, ali sada pod nazivom Sentkut.<\/span><\/p>\t\t\t\t\t\t\t\t<\/div>\n\t\t\t\t<\/div>\n\t\t\t\t\t<\/div>\n\t\t<\/div>\n\t\t\t\t<div class=\"elementor-column elementor-col-50 elementor-top-column elementor-element elementor-element-ec038ea\" data-id=\"ec038ea\" data-element_type=\"column\" data-e-type=\"column\">\n\t\t\t<div class=\"elementor-widget-wrap elementor-element-populated\">\n\t\t\t\t\t\t<div class=\"elementor-element elementor-element-71fb9ef uael-ins-normal uael-img-carousel-arrow-outside elementor-widget elementor-widget-uael-image-gallery\" data-id=\"71fb9ef\" data-element_type=\"widget\" data-e-type=\"widget\" data-settings=\"{&quot;slides_to_show&quot;:1,&quot;slides_to_show_tablet&quot;:1,&quot;slides_to_show_mobile&quot;:1,&quot;slides_to_scroll&quot;:1,&quot;slides_to_scroll_tablet&quot;:1,&quot;slides_to_scroll_mobile&quot;:1,&quot;column_gap&quot;:{&quot;unit&quot;:&quot;px&quot;,&quot;size&quot;:20,&quot;sizes&quot;:[]},&quot;column_gap_tablet&quot;:{&quot;unit&quot;:&quot;px&quot;,&quot;size&quot;:&quot;&quot;,&quot;sizes&quot;:[]},&quot;column_gap_mobile&quot;:{&quot;unit&quot;:&quot;px&quot;,&quot;size&quot;:&quot;&quot;,&quot;sizes&quot;:[]}}\" data-widget_type=\"uael-image-gallery.default\">\n\t\t\t\t<div class=\"elementor-widget-container\">\n\t\t\t\t\t<div class=\"uael-gallery-parent uael-caption- uael-gallery-unjustified\"><div data-image_carousel=\"{&quot;slidesToShow&quot;:1,&quot;slidesToScroll&quot;:1,&quot;autoplaySpeed&quot;:5000,&quot;autoplay&quot;:false,&quot;infinite&quot;:true,&quot;pauseOnHover&quot;:true,&quot;speed&quot;:500,&quot;arrows&quot;:true,&quot;dots&quot;:false,&quot;rtl&quot;:false,&quot;responsive&quot;:[{&quot;breakpoint&quot;:1024,&quot;settings&quot;:{&quot;slidesToShow&quot;:1,&quot;slidesToScroll&quot;:1}},{&quot;breakpoint&quot;:767,&quot;settings&quot;:{&quot;slidesToShow&quot;:1,&quot;slidesToScroll&quot;:1}}]}\" class=\"uael-img-gallery-wrap uael-img-carousel-wrap uael-nav-arrows uael-image-lightbox-wrap\" data-filter-default=\"All\" data-lightbox_actions=\"[&quot;close&quot;]\" data-lightbox-gallery-loop=\"\"><div class=\"uael-grid-item  uael-img-gallery-item-1\"><div class=\"uael-grid-item-content\"><a class=\"uael-grid-img uael-grid-gallery-img uael-ins-hover elementor-clickable\" data-fancybox=\"uael-gallery\" href=\"https:\/\/catholic-su.rs\/wp-content\/uploads\/2022\/03\/doroslovo-1.jpg\" data-elementor-open-lightbox=\"no\"><div class=\"uael-grid-img-thumbnail uael-ins-target\"><img decoding=\"async\" src=\"https:\/\/catholic-su.rs\/wp-content\/uploads\/elementor\/thumbs\/doroslovo-1-plbx63wk6df19p5wpflv5gn0wnbh6mj32da79hersw.jpg\" title=\"doroslovo-1\" alt=\"doroslovo-1\" loading=\"lazy\" \/><\/div><div class=\"uael-grid-img-overlay\"><\/div><\/a><\/div><\/div><div class=\"uael-grid-item  uael-img-gallery-item-2\"><div class=\"uael-grid-item-content\"><a class=\"uael-grid-img uael-grid-gallery-img uael-ins-hover elementor-clickable\" data-fancybox=\"uael-gallery\" href=\"https:\/\/catholic-su.rs\/wp-content\/uploads\/2022\/03\/doroslovo-2.jpg\" data-elementor-open-lightbox=\"no\"><div class=\"uael-grid-img-thumbnail uael-ins-target\"><img decoding=\"async\" src=\"https:\/\/catholic-su.rs\/wp-content\/uploads\/elementor\/thumbs\/doroslovo-2-plbx66q2qviw8j1t8ytquxxeosxktpua2r8npbala8.jpg\" title=\"doroslovo-2\" alt=\"doroslovo-2\" loading=\"lazy\" \/><\/div><div class=\"uael-grid-img-overlay\"><\/div><\/a><\/div><\/div><div class=\"uael-grid-item  uael-img-gallery-item-3\"><div class=\"uael-grid-item-content\"><a class=\"uael-grid-img uael-grid-gallery-img uael-ins-hover elementor-clickable\" data-fancybox=\"uael-gallery\" href=\"https:\/\/catholic-su.rs\/wp-content\/uploads\/2022\/03\/doroslovo-3.jpg\" data-elementor-open-lightbox=\"no\"><div class=\"uael-grid-img-thumbnail uael-ins-target\"><img decoding=\"async\" src=\"https:\/\/catholic-su.rs\/wp-content\/uploads\/elementor\/thumbs\/doroslovo-3-plbx5wdunp4qotgtxcculijc5kcjh1p8dc2bf9px6o.jpg\" title=\"doroslovo-3\" alt=\"doroslovo-3\" loading=\"lazy\" \/><\/div><div class=\"uael-grid-img-overlay\"><\/div><\/a><\/div><\/div><div class=\"uael-grid-item  uael-img-gallery-item-4\"><div class=\"uael-grid-item-content\"><a class=\"uael-grid-img uael-grid-gallery-img uael-ins-hover elementor-clickable\" data-fancybox=\"uael-gallery\" href=\"https:\/\/catholic-su.rs\/wp-content\/uploads\/2022\/03\/doroslovo-4.jpg\" data-elementor-open-lightbox=\"no\"><div class=\"uael-grid-img-thumbnail uael-ins-target\"><img decoding=\"async\" src=\"https:\/\/catholic-su.rs\/wp-content\/uploads\/elementor\/thumbs\/doroslovo-4-plbx5y9j1d7bc1e3md63qi29cc39wfwp1ldadtn4u8.jpg\" title=\"doroslovo-4\" alt=\"doroslovo-4\" loading=\"lazy\" \/><\/div><div class=\"uael-grid-img-overlay\"><\/div><\/a><\/div><\/div><div class=\"uael-grid-item  uael-img-gallery-item-5\"><div class=\"uael-grid-item-content\"><a class=\"uael-grid-img uael-grid-gallery-img uael-ins-hover elementor-clickable\" data-fancybox=\"uael-gallery\" href=\"https:\/\/catholic-su.rs\/wp-content\/uploads\/2022\/03\/doroslovo-5.jpg\" data-elementor-open-lightbox=\"no\"><div class=\"uael-grid-img-thumbnail uael-ins-target\"><img decoding=\"async\" src=\"https:\/\/catholic-su.rs\/wp-content\/uploads\/elementor\/thumbs\/doroslovo-5-plbx6131lvb6ava05wdzfzcn4hpdjj7w1zbqtniybk.jpg\" title=\"doroslovo-5\" alt=\"doroslovo-5\" loading=\"lazy\" \/><\/div><div class=\"uael-grid-img-overlay\"><\/div><\/a><\/div><\/div><\/div><\/div>\t\t\t\t<\/div>\n\t\t\t\t<\/div>\n\t\t\t\t\t<\/div>\n\t\t<\/div>\n\t\t\t\t\t<\/div>\n\t\t<\/section>\n\t\t\t\t<section class=\"elementor-section elementor-top-section elementor-element elementor-element-4722c08 elementor-section-boxed elementor-section-height-default elementor-section-height-default\" data-id=\"4722c08\" data-element_type=\"section\" data-e-type=\"section\">\n\t\t\t\t\t\t<div class=\"elementor-container elementor-column-gap-default\">\n\t\t\t\t\t<div class=\"elementor-column elementor-col-100 elementor-top-column elementor-element elementor-element-1dfdacf\" data-id=\"1dfdacf\" data-element_type=\"column\" data-e-type=\"column\">\n\t\t\t<div class=\"elementor-widget-wrap elementor-element-populated\">\n\t\t\t\t\t\t<div class=\"elementor-element elementor-element-bf2e7be elementor-widget elementor-widget-heading\" data-id=\"bf2e7be\" data-element_type=\"widget\" data-e-type=\"widget\" data-widget_type=\"heading.default\">\n\t\t\t\t<div class=\"elementor-widget-container\">\n\t\t\t\t\t<h4 class=\"elementor-heading-title elementor-size-default\"><p align=\"justify\" style=\"line-height: 100%;margin-bottom: 0cm\">\n<span lang=\"hr-HR\">U povijesnim zapisima pronalazimo sljede\u0107e: <\/span><\/p><\/h4>\t\t\t\t<\/div>\n\t\t\t\t<\/div>\n\t\t\t\t<div class=\"elementor-element elementor-element-ea754c9 elementor-widget elementor-widget-text-editor\" data-id=\"ea754c9\" data-element_type=\"widget\" data-e-type=\"widget\" data-widget_type=\"text-editor.default\">\n\t\t\t\t<div class=\"elementor-widget-container\">\n\t\t\t\t\t\t\t\t\t<p style=\"line-height: 100%; margin-bottom: 0cm;\" align=\"justify\"><strong>\u201e<span lang=\"hr-HR\">Bajkut i danas postoji u ataru mjesta Dorosolovo, du\u017e rje\u010dice Mostonga, a rado ga posje\u0107uju vjernici, slijepi i slabovidi, odnosno nepokretne osobe u nadi ozdravljenja od svojim tjelesnih tegoba.\u201c<\/span><\/strong><\/p><p>\u00a0<\/p>\t\t\t\t\t\t\t\t<\/div>\n\t\t\t\t<\/div>\n\t\t\t\t\t<\/div>\n\t\t<\/div>\n\t\t\t\t\t<\/div>\n\t\t<\/section>\n\t\t\t\t<section class=\"elementor-section elementor-top-section elementor-element elementor-element-0c7375c elementor-section-boxed elementor-section-height-default elementor-section-height-default\" data-id=\"0c7375c\" data-element_type=\"section\" data-e-type=\"section\">\n\t\t\t\t\t\t<div class=\"elementor-container elementor-column-gap-default\">\n\t\t\t\t\t<div class=\"elementor-column elementor-col-100 elementor-top-column elementor-element elementor-element-bf0a3b4\" data-id=\"bf0a3b4\" data-element_type=\"column\" data-e-type=\"column\">\n\t\t\t<div class=\"elementor-widget-wrap elementor-element-populated\">\n\t\t\t\t\t\t<div class=\"elementor-element elementor-element-bfca673 elementor-widget elementor-widget-text-editor\" data-id=\"bfca673\" data-element_type=\"widget\" data-e-type=\"widget\" data-widget_type=\"text-editor.default\">\n\t\t\t\t<div class=\"elementor-widget-container\">\n\t\t\t\t\t\t\t\t\t<p align=\"justify\"><span lang=\"hr-HR\">Kasnija tiskana izdanja, tako\u0111er, spominju postojanje ovog sveti\u0161ta, kao \u0161to je Bajkut iz 1929. godine. U tom pisanom izvoru stoji sljede\u0107i zapis: \u201eDoroslovo je staro hodo\u010dasni\u010dko mjesto. Prema zapisima biskupije, kapelica je stara i preko sto godina. O ovom sveti\u0161tu postoje zapisi \u010dak iz XVI. stolje\u0107a.\u201c <\/span><\/p><p align=\"justify\"><span lang=\"hr-HR\">Tada\u0161nji sve\u0107enik u Doroslovu K\u00f6rmendy Istv\u00e1n bilje\u017ei jo\u0161 i sljede\u0107e: \u201eU neposrednoj blizini mjesta Doroslovo, du\u017e rje\u010dice Mostonga od pamtivijeka postoji bunar pod nazivom Bajkut. I Bajkut i Doroslovo su u potpunosti sravnjeni za vrijeme turskih osvajanja (1526-1604). Opstao je jedino bunar s \u010dudesnim mo\u0107ima, koji su posje\u0107ivali Ma\u0111ari za vrijeme Turaka. Nakon njihovog povla\u010denja, bunar jo\u0161 vi\u0161e dobiva na zna\u010daju od strane lokalnih vjernika, te mu mijenjaju ime u Sentkut.\u201c<\/span><\/p><p align=\"justify\"><span lang=\"hr-HR\">Prva ozdravljena na ovom sveti\u0161tu zabilje\u017eena su 1792. godine, kada je bravar Zabl\u00f3czki J\u00e1nos povratio vid zahvaljuju\u0107i vodi iz ovog svetog bunara. Vijest o \u010dudesnom ozdravljenju se velikom brzinom \u0161irila me\u0111u stanovnicima okolnih mjesta. Sve vi\u0161e ljudi se odlu\u010dilo posjetiti ovo mjesto u nadi ozdravljenja na \u010dudesnom izvoru. A \u010dudima nikad kraja!<\/span><\/p><p align=\"justify\"><span lang=\"hr-HR\">1796. godine Tordy Ferenc, kao zahvalu za ozdravljenje, sagradio je malu drvenu kapelicu iznad izvora. Tako\u0111er, kao zahvalu za mnoga ozdravljenja vjernici su darovali ovom sveti\u0161tu o\u010di, srca, ruke, noge, kri\u017eeve pravljene od srebra.<\/span><\/p><p align=\"justify\"><span lang=\"hr-HR\">Tjelesna, a i duhovna ozdravljenja bilje\u017ee se i dan-danas.<\/span><\/p><p align=\"justify\"><span lang=\"hr-HR\">Prema zapisima St. Fontis Historia Domus-a iz 2003. godine, jedna \u017eena iz Bosne je pismeno obavijestila vl\u010d. Gy\u00f6rgy J\u00e1nosa da se uspjela izlije\u010diti od gihta nakon \u0161to je oprala noge u vodi iz ovog bunara. Zatim, 2005. godine jedna Novosa\u0111anka je uspje\u0161no ozdravila nakon pobo\u017ene molitve. Nakon povratka s hodo\u010da\u0161\u0107a lije\u010dnici su ustanovili da nema potrebe za operacijom.<\/span><\/p>\t\t\t\t\t\t\t\t<\/div>\n\t\t\t\t<\/div>\n\t\t\t\t\t<\/div>\n\t\t<\/div>\n\t\t\t\t\t<\/div>\n\t\t<\/section>\n\t\t\t\t<section class=\"elementor-section elementor-top-section elementor-element elementor-element-0a45bda elementor-section-boxed elementor-section-height-default elementor-section-height-default\" data-id=\"0a45bda\" data-element_type=\"section\" data-e-type=\"section\">\n\t\t\t\t\t\t<div class=\"elementor-container elementor-column-gap-default\">\n\t\t\t\t\t<div class=\"elementor-column elementor-col-100 elementor-top-column elementor-element elementor-element-ec9060a\" data-id=\"ec9060a\" data-element_type=\"column\" data-e-type=\"column\">\n\t\t\t<div class=\"elementor-widget-wrap elementor-element-populated\">\n\t\t\t\t\t\t<div class=\"elementor-element elementor-element-216faa4 elementor-widget elementor-widget-heading\" data-id=\"216faa4\" data-element_type=\"widget\" data-e-type=\"widget\" data-widget_type=\"heading.default\">\n\t\t\t\t<div class=\"elementor-widget-container\">\n\t\t\t\t\t<h4 class=\"elementor-heading-title elementor-size-default\"><p align=\"justify\" style=\"line-height: 100%;margin-bottom: 0cm\">\n<span lang=\"hr-HR\">Povijest Crkve vodice Svete Marije<\/span><\/p><\/h4>\t\t\t\t<\/div>\n\t\t\t\t<\/div>\n\t\t\t\t<div class=\"elementor-element elementor-element-c608aa8 elementor-widget elementor-widget-text-editor\" data-id=\"c608aa8\" data-element_type=\"widget\" data-e-type=\"widget\" data-widget_type=\"text-editor.default\">\n\t\t\t\t<div class=\"elementor-widget-container\">\n\t\t\t\t\t\t\t\t\t<p align=\"justify\"><span lang=\"hr-HR\">Prva kapela, koja je sagra\u0111ena 1796. godine u \u010dast Presvete Bogorodice, ubrzo je izgorjela. Druga, tako\u0111er drvena kapela, izgra\u0111ena je izme\u0111u 1808. i 1809. godine smje\u0161tena je iznad bunara. Tre\u0107a kapela, koja se mo\u017ee smatrati i manjom crkvom, gra\u0111ena je od cigala u periodu izme\u0111u 1823. i 1825. godine. Ona je bila locirana malo dalje od bunara, i smatra se prete\u010dom, odnosno dijelom dana\u0161nje crkve.<\/span><\/p><p align=\"justify\"><span lang=\"hr-HR\">\u010cetvrta kapela, gra\u0111ena izme\u0111u 1874. i 1875. godine, je ona koja i danas postoji, a nastala je pro\u0161irivanjem tre\u0107e kapele.<\/span><\/p><p align=\"justify\"><span lang=\"hr-HR\">Crkvu krase dva zvonika, za koje se zalagao tada\u0161nji \u017eupnik, argumentiraju\u0107i time da je za sva sveti\u0161ta karakteristi\u010dno da imaju dva zvonika, pa tako i ovo. Kip Djevice Marije je podignut 1861. godine, a u blizini izvora i pe\u0107ina s kipom Lurdske Gospe. Godine 1909. bilje\u017ee se nova zna\u010dajna ulaganja u sveti\u0161te. Tada se uredila struktura bunara. Crkvi je 1974., pridodat i spolja\u0161nji oltar, koji je tada i posve\u0107en. Umjetnik Lajo\u0161 Horvat izradio je freske iza tog oltara.<\/span><\/p>\t\t\t\t\t\t\t\t<\/div>\n\t\t\t\t<\/div>\n\t\t\t\t\t<\/div>\n\t\t<\/div>\n\t\t\t\t\t<\/div>\n\t\t<\/section>\n\t\t\t\t<section class=\"elementor-section elementor-top-section elementor-element elementor-element-f71de23 elementor-section-boxed elementor-section-height-default elementor-section-height-default\" data-id=\"f71de23\" data-element_type=\"section\" data-e-type=\"section\">\n\t\t\t\t\t\t<div class=\"elementor-container elementor-column-gap-default\">\n\t\t\t\t\t<div class=\"elementor-column elementor-col-100 elementor-top-column elementor-element elementor-element-fe4f0c5\" data-id=\"fe4f0c5\" data-element_type=\"column\" data-e-type=\"column\">\n\t\t\t<div class=\"elementor-widget-wrap\">\n\t\t\t\t\t\t\t<\/div>\n\t\t<\/div>\n\t\t\t\t\t<\/div>\n\t\t<\/section>\n\t\t\t\t<section class=\"elementor-section elementor-top-section elementor-element elementor-element-c67bcab elementor-section-boxed elementor-section-height-default elementor-section-height-default\" data-id=\"c67bcab\" data-element_type=\"section\" data-e-type=\"section\">\n\t\t\t\t\t\t<div class=\"elementor-container elementor-column-gap-default\">\n\t\t\t\t\t<div class=\"elementor-column elementor-col-100 elementor-top-column elementor-element elementor-element-56c401e\" data-id=\"56c401e\" data-element_type=\"column\" data-e-type=\"column\">\n\t\t\t<div class=\"elementor-widget-wrap elementor-element-populated\">\n\t\t\t\t\t\t<div class=\"elementor-element elementor-element-817ce9d elementor-widget__width-initial elementor-widget elementor-widget-heading\" data-id=\"817ce9d\" data-element_type=\"widget\" data-e-type=\"widget\" data-widget_type=\"heading.default\">\n\t\t\t\t<div class=\"elementor-widget-container\">\n\t\t\t\t\t<h4 class=\"elementor-heading-title elementor-size-default\"><p align=\"justify\" style=\"line-height: 100%;margin-bottom: 0cm\">\n<\/p><p align=\"justify\" style=\"line-height: 100%;margin-bottom: 0cm\">\n<span lang=\"hr-HR\">Pro\u0161tenje je na blagdan Male Gospe.<\/span><\/p><\/h4>\t\t\t\t<\/div>\n\t\t\t\t<\/div>\n\t\t\t\t\t<\/div>\n\t\t<\/div>\n\t\t\t\t\t<\/div>\n\t\t<\/section>\n\t\t\t\t<section class=\"elementor-section elementor-top-section elementor-element elementor-element-becf2b8 elementor-section-boxed elementor-section-height-default elementor-section-height-default\" data-id=\"becf2b8\" data-element_type=\"section\" data-e-type=\"section\">\n\t\t\t\t\t\t<div class=\"elementor-container elementor-column-gap-default\">\n\t\t\t\t\t<div class=\"elementor-column elementor-col-100 elementor-top-column elementor-element elementor-element-11b8dfd\" data-id=\"11b8dfd\" data-element_type=\"column\" data-e-type=\"column\">\n\t\t\t<div class=\"elementor-widget-wrap elementor-element-populated\">\n\t\t\t\t\t\t<div class=\"elementor-element elementor-element-d69a8d4 elementor-widget elementor-widget-heading\" data-id=\"d69a8d4\" data-element_type=\"widget\" data-e-type=\"widget\" data-widget_type=\"heading.default\">\n\t\t\t\t<div class=\"elementor-widget-container\">\n\t\t\t\t\t<h4 class=\"elementor-heading-title elementor-size-default\"><p align=\"justify\" style=\"line-height: 100%;margin-bottom: 0cm\">Uprava sveti\u0161ta:<\/p><\/h4>\t\t\t\t<\/div>\n\t\t\t\t<\/div>\n\t\t\t\t\t<\/div>\n\t\t<\/div>\n\t\t\t\t\t<\/div>\n\t\t<\/section>\n\t\t\t\t<section class=\"elementor-section elementor-top-section elementor-element elementor-element-466322f elementor-section-boxed elementor-section-height-default elementor-section-height-default\" data-id=\"466322f\" data-element_type=\"section\" data-e-type=\"section\">\n\t\t\t\t\t\t<div class=\"elementor-container elementor-column-gap-default\">\n\t\t\t\t\t<div class=\"elementor-column elementor-col-100 elementor-top-column elementor-element elementor-element-2df5b82\" data-id=\"2df5b82\" data-element_type=\"column\" data-e-type=\"column\">\n\t\t\t<div class=\"elementor-widget-wrap elementor-element-populated\">\n\t\t\t\t\t\t<div class=\"elementor-element elementor-element-0ccff94 elementor-widget elementor-widget-text-editor\" data-id=\"0ccff94\" data-element_type=\"widget\" data-e-type=\"widget\" data-widget_type=\"text-editor.default\">\n\t\t\t\t<div class=\"elementor-widget-container\">\n\t\t\t\t\t\t\t\t\t<p>Pre\u010d. Horv\u00e1t \u00c1kos\u00a0 &#8211; rektor Biskupijskog sveti\u0161ta Marije Pomo\u0107nice<\/p><p><strong>E-mail:<\/strong><a href=\"mailto:horvath.akos.theol@gmail.com\"> horvath.akos.theol@gmail.com<\/a><\/p><p>Internet stranica sveti\u0161ta: <a href=\"https:\/\/szentkut.eu\/\">https:\/\/ szentkut.eu\/<\/a><\/p>\t\t\t\t\t\t\t\t<\/div>\n\t\t\t\t<\/div>\n\t\t\t\t\t<\/div>\n\t\t<\/div>\n\t\t\t\t\t<\/div>\n\t\t<\/section>\n\t\t\t\t<\/div>\n\t\t","protected":false},"excerpt":{"rendered":"<p> [&hellip;]<\/p>\n","protected":false},"author":1,"featured_media":0,"parent":6907,"menu_order":0,"comment_status":"closed","ping_status":"closed","template":"","meta":{"site-sidebar-layout":"no-sidebar","site-content-layout":"page-builder","ast-site-content-layout":"full-width-container","site-content-style":"unboxed","site-sidebar-style":"unboxed","ast-global-header-display":"","ast-banner-title-visibility":"","ast-main-header-display":"","ast-hfb-above-header-display":"","ast-hfb-below-header-display":"","ast-hfb-mobile-header-display":"","site-post-title":"disabled","ast-breadcrumbs-content":"","ast-featured-img":"disabled","footer-sml-layout":"","ast-disable-related-posts":"","theme-transparent-header-meta":"default","adv-header-id-meta":"","stick-header-meta":"default","header-above-stick-meta":"","header-main-stick-meta":"","header-below-stick-meta":"","astra-migrate-meta-layouts":"set","ast-page-background-enabled":"default","ast-page-background-meta":{"desktop":{"background-color":"","background-image":"","background-repeat":"repeat","background-position":"center center","background-size":"auto","background-attachment":"scroll","background-type":"","background-media":"","overlay-type":"","overlay-color":"","overlay-opacity":"","overlay-gradient":""},"tablet":{"background-color":"","background-image":"","background-repeat":"repeat","background-position":"center center","background-size":"auto","background-attachment":"scroll","background-type":"","background-media":"","overlay-type":"","overlay-color":"","overlay-opacity":"","overlay-gradient":""},"mobile":{"background-color":"","background-image":"","background-repeat":"repeat","background-position":"center center","background-size":"auto","background-attachment":"scroll","background-type":"","background-media":"","overlay-type":"","overlay-color":"","overlay-opacity":"","overlay-gradient":""}},"ast-content-background-meta":{"desktop":{"background-color":"var(--ast-global-color-5)","background-image":"","background-repeat":"repeat","background-position":"center center","background-size":"auto","background-attachment":"scroll","background-type":"","background-media":"","overlay-type":"","overlay-color":"","overlay-opacity":"","overlay-gradient":""},"tablet":{"background-color":"var(--ast-global-color-5)","background-image":"","background-repeat":"repeat","background-position":"center center","background-size":"auto","background-attachment":"scroll","background-type":"","background-media":"","overlay-type":"","overlay-color":"","overlay-opacity":"","overlay-gradient":""},"mobile":{"background-color":"var(--ast-global-color-5)","background-image":"","background-repeat":"repeat","background-position":"center center","background-size":"auto","background-attachment":"scroll","background-type":"","background-media":"","overlay-type":"","overlay-color":"","overlay-opacity":"","overlay-gradient":""}},"footnotes":""},"class_list":["post-7320","page","type-page","status-publish","hentry"],"_links":{"self":[{"href":"https:\/\/catholic-su.rs\/hr\/wp-json\/wp\/v2\/pages\/7320","targetHints":{"allow":["GET"]}}],"collection":[{"href":"https:\/\/catholic-su.rs\/hr\/wp-json\/wp\/v2\/pages"}],"about":[{"href":"https:\/\/catholic-su.rs\/hr\/wp-json\/wp\/v2\/types\/page"}],"author":[{"embeddable":true,"href":"https:\/\/catholic-su.rs\/hr\/wp-json\/wp\/v2\/users\/1"}],"replies":[{"embeddable":true,"href":"https:\/\/catholic-su.rs\/hr\/wp-json\/wp\/v2\/comments?post=7320"}],"version-history":[{"count":5,"href":"https:\/\/catholic-su.rs\/hr\/wp-json\/wp\/v2\/pages\/7320\/revisions"}],"predecessor-version":[{"id":44284,"href":"https:\/\/catholic-su.rs\/hr\/wp-json\/wp\/v2\/pages\/7320\/revisions\/44284"}],"up":[{"embeddable":true,"href":"https:\/\/catholic-su.rs\/hr\/wp-json\/wp\/v2\/pages\/6907"}],"wp:attachment":[{"href":"https:\/\/catholic-su.rs\/hr\/wp-json\/wp\/v2\/media?parent=7320"}],"curies":[{"name":"wp","href":"https:\/\/api.w.org\/{rel}","templated":true}]}}