{"id":4477,"date":"2021-11-10T12:57:50","date_gmt":"2021-11-10T12:57:50","guid":{"rendered":"https:\/\/catholic-su.rs\/?page_id=4477"},"modified":"2026-03-10T18:11:49","modified_gmt":"2026-03-10T17:11:49","slug":"biskupijska-vijeca-i-povjerenici","status":"publish","type":"page","link":"https:\/\/catholic-su.rs\/hr\/biskupijska-vijeca-i-povjerenici\/","title":{"rendered":"Biskupijska vije\u0107a i povjerenici"},"content":{"rendered":"\t\t<div data-elementor-type=\"wp-page\" data-elementor-id=\"4477\" class=\"elementor elementor-4477\" data-elementor-post-type=\"page\">\n\t\t\t\t\t\t<section class=\"elementor-section elementor-top-section elementor-element elementor-element-472103f elementor-section-height-min-height elementor-section-content-middle elementor-section-boxed elementor-section-height-default elementor-section-items-middle\" data-id=\"472103f\" data-element_type=\"section\" data-e-type=\"section\" data-settings=\"{&quot;background_background&quot;:&quot;classic&quot;}\">\n\t\t\t\t\t\t<div class=\"elementor-container elementor-column-gap-default\">\n\t\t\t\t\t<div class=\"elementor-column elementor-col-50 elementor-top-column elementor-element elementor-element-613c569\" data-id=\"613c569\" data-element_type=\"column\" data-e-type=\"column\">\n\t\t\t<div class=\"elementor-widget-wrap elementor-element-populated\">\n\t\t\t\t\t\t<div class=\"elementor-element elementor-element-a7c85d0 elementor-widget elementor-widget-image\" data-id=\"a7c85d0\" data-element_type=\"widget\" data-e-type=\"widget\" data-widget_type=\"image.default\">\n\t\t\t\t<div class=\"elementor-widget-container\">\n\t\t\t\t\t\t\t\t\t\t\t\t\t\t\t\t<a href=\"https:\/\/catholic-su.rs\/hr\/\">\n\t\t\t\t\t\t\t<img decoding=\"async\" width=\"190\" height=\"101\" src=\"https:\/\/catholic-su.rs\/wp-content\/uploads\/2022\/10\/logoi-hr-1-1-1.png\" class=\"attachment-full size-full wp-image-22107\" alt=\"\" \/>\t\t\t\t\t\t\t\t<\/a>\n\t\t\t\t\t\t\t\t\t\t\t\t\t\t\t<\/div>\n\t\t\t\t<\/div>\n\t\t\t\t\t<\/div>\n\t\t<\/div>\n\t\t\t\t<div class=\"elementor-column elementor-col-50 elementor-top-column elementor-element elementor-element-969300a\" data-id=\"969300a\" data-element_type=\"column\" data-e-type=\"column\">\n\t\t\t<div class=\"elementor-widget-wrap\">\n\t\t\t\t\t\t\t<\/div>\n\t\t<\/div>\n\t\t\t\t\t<\/div>\n\t\t<\/section>\n\t\t\t\t<section class=\"elementor-section elementor-top-section elementor-element elementor-element-65b52cf elementor-section-boxed elementor-section-height-default elementor-section-height-default\" data-id=\"65b52cf\" data-element_type=\"section\" data-e-type=\"section\">\n\t\t\t\t\t\t<div class=\"elementor-container elementor-column-gap-default\">\n\t\t\t\t\t<div class=\"elementor-column elementor-col-100 elementor-top-column elementor-element elementor-element-f2bdfa4\" data-id=\"f2bdfa4\" data-element_type=\"column\" data-e-type=\"column\" data-settings=\"{&quot;background_background&quot;:&quot;classic&quot;}\">\n\t\t\t<div class=\"elementor-widget-wrap elementor-element-populated\">\n\t\t\t\t\t\t<div class=\"elementor-element elementor-element-8ddc3bd elementor-widget elementor-widget-heading\" data-id=\"8ddc3bd\" data-element_type=\"widget\" data-e-type=\"widget\" data-widget_type=\"heading.default\">\n\t\t\t\t<div class=\"elementor-widget-container\">\n\t\t\t\t\t<h2 class=\"elementor-heading-title elementor-size-default\">Biskupijska vije\u0107a i povjerenici<\/h2>\t\t\t\t<\/div>\n\t\t\t\t<\/div>\n\t\t\t\t\t<\/div>\n\t\t<\/div>\n\t\t\t\t\t<\/div>\n\t\t<\/section>\n\t\t\t\t<section class=\"elementor-section elementor-top-section elementor-element elementor-element-e452202 elementor-reverse-mobile elementor-section-boxed elementor-section-height-default elementor-section-height-default\" data-id=\"e452202\" data-element_type=\"section\" data-e-type=\"section\">\n\t\t\t\t\t\t<div class=\"elementor-container elementor-column-gap-default\">\n\t\t\t\t\t<div class=\"elementor-column elementor-col-25 elementor-top-column elementor-element elementor-element-960f71d\" data-id=\"960f71d\" data-element_type=\"column\" data-e-type=\"column\">\n\t\t\t<div class=\"elementor-widget-wrap elementor-element-populated\">\n\t\t\t\t\t\t<div class=\"elementor-element elementor-element-9d4ca9d elementor-widget elementor-widget-heading\" data-id=\"9d4ca9d\" data-element_type=\"widget\" data-e-type=\"widget\" data-widget_type=\"heading.default\">\n\t\t\t\t<div class=\"elementor-widget-container\">\n\t\t\t\t\t<h4 class=\"elementor-heading-title elementor-size-default\">Liturgijsko vije\u0107e<\/h4>\t\t\t\t<\/div>\n\t\t\t\t<\/div>\n\t\t\t\t<div class=\"elementor-element elementor-element-0a85aa0 elementor-widget__width-initial elementor-widget elementor-widget-text-editor\" data-id=\"0a85aa0\" data-element_type=\"widget\" data-e-type=\"widget\" data-widget_type=\"text-editor.default\">\n\t\t\t\t<div class=\"elementor-widget-container\">\n\t\t\t\t\t\t\t\t\t<p style=\"text-align: left;\"><b>Pro\u010delnik:\u00a0\u00a0\u00a0\u00a0\u00a0\u00a0\u00a0\u00a0 \u00a0 \u00a0 \u00a0 \u00a0 \u00a0 \u00a0 \u00a0 \u00a0 \u00a0\u00a0<\/b><\/p><p style=\"text-align: left;\"><a href=\"https:\/\/catholic-su.rs\/hr\/szakaly-jozsef\/\">pre\u010d. mr. Szak\u00e1ly J\u00f3zsef<\/a><b><br \/><\/b><\/p><p><strong>Tajnik:<\/strong><\/p><p><a href=\"https:\/\/catholic-su.rs\/hr\/stipic-nebojsa\/\">vl\u010d. Neboj\u0161a Stipi\u0107 <\/a><\/p><p><a href=\"https:\/\/catholic-su.rs\/hr\/balcsak-szilard\/\">vl\u010d. mr. Balcs\u00e1k Szil\u00e1rd<\/a><br \/><a href=\"https:\/\/catholic-su.rs\/hr\/kara-nandor\/\">vl\u010d. dr. Kara N\u00e1ndor<\/a><br \/><a href=\"https:\/\/catholic-su.rs\/hr\/muharem-dragan\/\">pre\u010d. Dragan Muharem<\/a><br \/><a href=\"https:\/\/catholic-su.rs\/hr\/pasko-csaba\/\">vl\u010d. mag. art. m. Pask\u00f3 Csaba<\/a><br \/><a href=\"https:\/\/catholic-su.rs\/hr\/skenderovic-drazen\/\">vl\u010d. Dra\u017een Skenderovi\u0107<\/a><\/p><p>Miroslav Stanti\u0107<br \/>dr. Korhecz Papp Zsuzsanna<br \/><br \/><\/p>\t\t\t\t\t\t\t\t<\/div>\n\t\t\t\t<\/div>\n\t\t\t\t<div class=\"elementor-element elementor-element-0b6cc53 elementor-widget-divider--view-line elementor-widget elementor-widget-divider\" data-id=\"0b6cc53\" data-element_type=\"widget\" data-e-type=\"widget\" data-widget_type=\"divider.default\">\n\t\t\t\t<div class=\"elementor-widget-container\">\n\t\t\t\t\t\t\t<div class=\"elementor-divider\">\n\t\t\t<span class=\"elementor-divider-separator\">\n\t\t\t\t\t\t<\/span>\n\t\t<\/div>\n\t\t\t\t\t\t<\/div>\n\t\t\t\t<\/div>\n\t\t\t\t<div class=\"elementor-element elementor-element-645cbec elementor-widget elementor-widget-text-editor\" data-id=\"645cbec\" data-element_type=\"widget\" data-e-type=\"widget\" data-widget_type=\"text-editor.default\">\n\t\t\t\t<div class=\"elementor-widget-container\">\n\t\t\t\t\t\t\t\t\t<p>Mandat Vije\u0107a je do 31.12.2028. godine.<\/p><p><strong>\u00a0<\/strong><\/p>\t\t\t\t\t\t\t\t<\/div>\n\t\t\t\t<\/div>\n\t\t\t\t\t<\/div>\n\t\t<\/div>\n\t\t\t\t<div class=\"elementor-column elementor-col-25 elementor-top-column elementor-element elementor-element-daab1b6\" data-id=\"daab1b6\" data-element_type=\"column\" data-e-type=\"column\">\n\t\t\t<div class=\"elementor-widget-wrap elementor-element-populated\">\n\t\t\t\t\t\t<div class=\"elementor-element elementor-element-d065a4d elementor-widget elementor-widget-heading\" data-id=\"d065a4d\" data-element_type=\"widget\" data-e-type=\"widget\" data-widget_type=\"heading.default\">\n\t\t\t\t<div class=\"elementor-widget-container\">\n\t\t\t\t\t<h4 class=\"elementor-heading-title elementor-size-default\">Katehetsko vije\u0107e<\/h4>\t\t\t\t<\/div>\n\t\t\t\t<\/div>\n\t\t\t\t<div class=\"elementor-element elementor-element-fe39ff5 elementor-widget elementor-widget-text-editor\" data-id=\"fe39ff5\" data-element_type=\"widget\" data-e-type=\"widget\" data-widget_type=\"text-editor.default\">\n\t\t\t\t<div class=\"elementor-widget-container\">\n\t\t\t\t\t\t\t\t\t<p><b>Pro\u010delnik:\u00a0\u00a0\u00a0\u00a0\u00a0\u00a0\u00a0\u00a0\u00a0\u00a0\u00a0\u00a0\u00a0\u00a0\u00a0\u00a0\u00a0\u00a0\u00a0\u00a0\u00a0\u00a0\u00a0\u00a0\u00a0\u00a0\u00a0\u00a0\u00a0\u00a0\u00a0 <\/b><\/p><p>s. Kov\u00e1cs M. Hermina<\/p><p><b>Tajnica:\u00a0<\/b><\/p><p><b> <\/b>Nevena Gabri\u0107<\/p><p><a href=\"https:\/\/catholic-su.rs\/hr\/stantic-marinko\/\">pre\u010d. dr. Marinko Stanti\u0107<\/a><br \/><a href=\"https:\/\/catholic-su.rs\/hr\/szollosi-tibor\/\">pre\u010d. dr. Sz\u00f6ll\u0151si Tibor<\/a><br \/><a href=\"https:\/\/catholic-su.rs\/hr\/horvath-endre\/\">pre\u010d. dr. Horv\u00e1th Endre<\/a><br \/><a href=\"https:\/\/catholic-su.rs\/hr\/muharem-dragan\/\">pre\u010d. Dragan Muharem<\/a><br \/><a href=\"https:\/\/catholic-su.rs\/hr\/utcai-robert\/\">vl\u010d. Utcai R\u00f3bert<\/a><\/p><p>Prof. dr. Josip Ivanovi\u0107\u00a0 <br \/><span style=\"font-style: inherit; font-weight: inherit;\">Anamarija Kujund\u017ei\u0107<\/span><\/p>\t\t\t\t\t\t\t\t<\/div>\n\t\t\t\t<\/div>\n\t\t\t\t<div class=\"elementor-element elementor-element-d2b7a1d elementor-widget-divider--view-line elementor-widget elementor-widget-divider\" data-id=\"d2b7a1d\" data-element_type=\"widget\" data-e-type=\"widget\" data-widget_type=\"divider.default\">\n\t\t\t\t<div class=\"elementor-widget-container\">\n\t\t\t\t\t\t\t<div class=\"elementor-divider\">\n\t\t\t<span class=\"elementor-divider-separator\">\n\t\t\t\t\t\t<\/span>\n\t\t<\/div>\n\t\t\t\t\t\t<\/div>\n\t\t\t\t<\/div>\n\t\t\t\t<div class=\"elementor-element elementor-element-c77439d elementor-widget elementor-widget-text-editor\" data-id=\"c77439d\" data-element_type=\"widget\" data-e-type=\"widget\" data-widget_type=\"text-editor.default\">\n\t\t\t\t<div class=\"elementor-widget-container\">\n\t\t\t\t\t\t\t\t\t<p>Mandat Vije\u0107a je do 31.12.2028. godine.<\/p><p><strong>\u00a0<\/strong><\/p>\t\t\t\t\t\t\t\t<\/div>\n\t\t\t\t<\/div>\n\t\t\t\t\t<\/div>\n\t\t<\/div>\n\t\t\t\t<div class=\"elementor-column elementor-col-25 elementor-top-column elementor-element elementor-element-0a603f8\" data-id=\"0a603f8\" data-element_type=\"column\" data-e-type=\"column\">\n\t\t\t<div class=\"elementor-widget-wrap elementor-element-populated\">\n\t\t\t\t\t\t<div class=\"elementor-element elementor-element-63ca0a1 elementor-widget elementor-widget-heading\" data-id=\"63ca0a1\" data-element_type=\"widget\" data-e-type=\"widget\" data-widget_type=\"heading.default\">\n\t\t\t\t<div class=\"elementor-widget-container\">\n\t\t\t\t\t<h4 class=\"elementor-heading-title elementor-size-default\">Ekonomsko vije\u0107e<\/h4>\t\t\t\t<\/div>\n\t\t\t\t<\/div>\n\t\t\t\t<div class=\"elementor-element elementor-element-263fde9 elementor-widget elementor-widget-text-editor\" data-id=\"263fde9\" data-element_type=\"widget\" data-e-type=\"widget\" data-widget_type=\"text-editor.default\">\n\t\t\t\t<div class=\"elementor-widget-container\">\n\t\t\t\t\t\t\t\t\t<p><strong>Pro\u010delnik: <\/strong><\/p><p style=\"text-align: left;\"><a href=\"https:\/\/catholic-su.rs\/hr\/ivankovic-radak-ivica\/\">pre\u010d. dr. Ivica Ivankovi\u0107 Radak<\/a><\/p><p><strong>Tajnik:<\/strong><\/p><p><a href=\"https:\/\/catholic-su.rs\/hr\/tumbas-loketic-sinisa\/\">vl\u010d. Sini\u0161a Tumbas Loketi\u0107<\/a><\/p><p><a href=\"https:\/\/catholic-su.rs\/hr\/sipek-zeljko\/\">mons. \u017deljko \u0160ipek<\/a><br \/><a href=\"https:\/\/catholic-su.rs\/hr\/szungyi-karoly\/\">pre\u010d. Szungyi K\u00e1roly<\/a><br \/><a href=\"https:\/\/catholic-su.rs\/hr\/koleszar-jozsef\/\">pre\u010d. Kolesz\u00e1r <\/a><a href=\"https:\/\/catholic-su.rs\/hr\/koleszar-jozsef\/\">J\u00f3zsef<\/a><br \/><a href=\"https:\/\/catholic-su.rs\/hr\/fuderer-laszlo\/\">vl\u010d. Fuderer <\/a><a href=\"https:\/\/catholic-su.rs\/hr\/fuderer-laszlo\/\"> L\u00e1szl\u00f3 <\/a><br \/><a href=\"https:\/\/catholic-su.rs\/hr\/zseller-attila\/\">mons. Zsell\u00e9r Attila<\/a><\/p><p><span class=\"fabric-text-color-mark\" data-renderer-mark=\"true\" data-text-custom-color=\"#0747a6\">Marija U\u0161umovi\u0107<\/span><\/p>\t\t\t\t\t\t\t\t<\/div>\n\t\t\t\t<\/div>\n\t\t\t\t<div class=\"elementor-element elementor-element-948a81a elementor-widget-divider--view-line elementor-widget elementor-widget-divider\" data-id=\"948a81a\" data-element_type=\"widget\" data-e-type=\"widget\" data-widget_type=\"divider.default\">\n\t\t\t\t<div class=\"elementor-widget-container\">\n\t\t\t\t\t\t\t<div class=\"elementor-divider\">\n\t\t\t<span class=\"elementor-divider-separator\">\n\t\t\t\t\t\t<\/span>\n\t\t<\/div>\n\t\t\t\t\t\t<\/div>\n\t\t\t\t<\/div>\n\t\t\t\t<div class=\"elementor-element elementor-element-cc9daef elementor-widget elementor-widget-text-editor\" data-id=\"cc9daef\" data-element_type=\"widget\" data-e-type=\"widget\" data-widget_type=\"text-editor.default\">\n\t\t\t\t<div class=\"elementor-widget-container\">\n\t\t\t\t\t\t\t\t\t<p>Mandat Vije\u0107a je do 31.12.2028. godine.<\/p><p><strong>\u00a0<\/strong><\/p>\t\t\t\t\t\t\t\t<\/div>\n\t\t\t\t<\/div>\n\t\t\t\t\t<\/div>\n\t\t<\/div>\n\t\t\t\t<div class=\"elementor-column elementor-col-25 elementor-top-column elementor-element elementor-element-5a10c7b\" data-id=\"5a10c7b\" data-element_type=\"column\" data-e-type=\"column\">\n\t\t\t<div class=\"elementor-widget-wrap elementor-element-populated\">\n\t\t\t\t\t\t<div class=\"elementor-element elementor-element-6689499 elementor-widget elementor-widget-heading\" data-id=\"6689499\" data-element_type=\"widget\" data-e-type=\"widget\" data-widget_type=\"heading.default\">\n\t\t\t\t<div class=\"elementor-widget-container\">\n\t\t\t\t\t<h4 class=\"elementor-heading-title elementor-size-default\">Biskupijski povjerenici\u200b<\/h4>\t\t\t\t<\/div>\n\t\t\t\t<\/div>\n\t\t\t\t<div class=\"elementor-element elementor-element-918e957 elementor-widget elementor-widget-text-editor\" data-id=\"918e957\" data-element_type=\"widget\" data-e-type=\"widget\" data-widget_type=\"text-editor.default\">\n\t\t\t\t<div class=\"elementor-widget-container\">\n\t\t\t\t\t\t\t\t\t<p><strong>Povjerenici za pastoral mladih:<br \/><\/strong><a href=\"https:\/\/catholic-su.rs\/hr\/balazevic-dusan\/\">vl\u010d. Du\u0161an <\/a><a href=\"https:\/\/catholic-su.rs\/hr\/balazevic-dusan\/\">Bala\u017eevi\u0107 <\/a><br \/><a href=\"https:\/\/catholic-su.rs\/hr\/utcai-robert\/\">vl\u010d. Utcai <\/a><a href=\"https:\/\/catholic-su.rs\/hr\/utcai-robert\/\">R\u00f3bert <\/a><\/p>\t\t\t\t\t\t\t\t<\/div>\n\t\t\t\t<\/div>\n\t\t\t\t<div class=\"elementor-element elementor-element-6f22a77 elementor-widget elementor-widget-text-editor\" data-id=\"6f22a77\" data-element_type=\"widget\" data-e-type=\"widget\" data-widget_type=\"text-editor.default\">\n\t\t\t\t<div class=\"elementor-widget-container\">\n\t\t\t\t\t\t\t\t\t<p><strong>Povjerenici za pastoral ministranata:<br \/><\/strong><a href=\"https:\/\/catholic-su.rs\/hr\/dulic-drazen\/\">vl\u010d. Dra\u017een Duli\u0107<\/a><br \/><a href=\"https:\/\/catholic-su.rs\/hr\/verebelyi-arpad\/\">pre\u010d. Vereb\u00e9lyi <\/a><a href=\"https:\/\/catholic-su.rs\/hr\/verebelyi-arpad\/\"> \u00c1rp\u00e1d <\/a><\/p>\t\t\t\t\t\t\t\t<\/div>\n\t\t\t\t<\/div>\n\t\t\t\t<div class=\"elementor-element elementor-element-5a8d953 elementor-widget elementor-widget-text-editor\" data-id=\"5a8d953\" data-element_type=\"widget\" data-e-type=\"widget\" data-widget_type=\"text-editor.default\">\n\t\t\t\t<div class=\"elementor-widget-container\">\n\t\t\t\t\t\t\t\t\t<p><strong>Povjerenici za misijski pastoral:<br \/><\/strong><a href=\"https:\/\/catholic-su.rs\/hr\/katacic-daniel\/\">pre\u010d. Danijel Kata\u010di\u0107<\/a><br \/><a href=\"https:\/\/catholic-su.rs\/hr\/safrany-david\/\">vl\u010d. S\u00e1fr\u00e1ny <\/a><a href=\"https:\/\/catholic-su.rs\/hr\/safrany-david\/\">D\u00e1vid <\/a><\/p>\t\t\t\t\t\t\t\t<\/div>\n\t\t\t\t<\/div>\n\t\t\t\t<div class=\"elementor-element elementor-element-9ace643 elementor-widget elementor-widget-text-editor\" data-id=\"9ace643\" data-element_type=\"widget\" data-e-type=\"widget\" data-widget_type=\"text-editor.default\">\n\t\t\t\t<div class=\"elementor-widget-container\">\n\t\t\t\t\t\t\t\t\t<p><strong><b>Za pastoral duhovnih zvanja<\/b>:<br \/><\/strong><a href=\"https:\/\/catholic-su.rs\/hr\/cvijin-vinko\/\">pre\u010d. Vinko Cvijin<\/a><br \/><a href=\"https:\/\/catholic-su.rs\/hr\/balcsak-szilard\/\">vl\u010d. Balcs\u00e1k Szil\u00e1rd\u00a0<\/a><\/p>\t\t\t\t\t\t\t\t<\/div>\n\t\t\t\t<\/div>\n\t\t\t\t\t<\/div>\n\t\t<\/div>\n\t\t\t\t\t<\/div>\n\t\t<\/section>\n\t\t\t\t<\/div>\n\t\t","protected":false},"excerpt":{"rendered":"<p> [&hellip;]<\/p>\n","protected":false},"author":1,"featured_media":0,"parent":0,"menu_order":0,"comment_status":"closed","ping_status":"closed","template":"","meta":{"site-sidebar-layout":"no-sidebar","site-content-layout":"page-builder","ast-site-content-layout":"full-width-container","site-content-style":"unboxed","site-sidebar-style":"unboxed","ast-global-header-display":"","ast-banner-title-visibility":"","ast-main-header-display":"","ast-hfb-above-header-display":"","ast-hfb-below-header-display":"","ast-hfb-mobile-header-display":"","site-post-title":"disabled","ast-breadcrumbs-content":"","ast-featured-img":"disabled","footer-sml-layout":"","ast-disable-related-posts":"","theme-transparent-header-meta":"default","adv-header-id-meta":"","stick-header-meta":"default","header-above-stick-meta":"","header-main-stick-meta":"","header-below-stick-meta":"","astra-migrate-meta-layouts":"set","ast-page-background-enabled":"default","ast-page-background-meta":{"desktop":{"background-color":"","background-image":"","background-repeat":"repeat","background-position":"center center","background-size":"auto","background-attachment":"scroll","background-type":"","background-media":"","overlay-type":"","overlay-color":"","overlay-opacity":"","overlay-gradient":""},"tablet":{"background-color":"","background-image":"","background-repeat":"repeat","background-position":"center center","background-size":"auto","background-attachment":"scroll","background-type":"","background-media":"","overlay-type":"","overlay-color":"","overlay-opacity":"","overlay-gradient":""},"mobile":{"background-color":"","background-image":"","background-repeat":"repeat","background-position":"center center","background-size":"auto","background-attachment":"scroll","background-type":"","background-media":"","overlay-type":"","overlay-color":"","overlay-opacity":"","overlay-gradient":""}},"ast-content-background-meta":{"desktop":{"background-color":"var(--ast-global-color-5)","background-image":"","background-repeat":"repeat","background-position":"center center","background-size":"auto","background-attachment":"scroll","background-type":"","background-media":"","overlay-type":"","overlay-color":"","overlay-opacity":"","overlay-gradient":""},"tablet":{"background-color":"var(--ast-global-color-5)","background-image":"","background-repeat":"repeat","background-position":"center center","background-size":"auto","background-attachment":"scroll","background-type":"","background-media":"","overlay-type":"","overlay-color":"","overlay-opacity":"","overlay-gradient":""},"mobile":{"background-color":"var(--ast-global-color-5)","background-image":"","background-repeat":"repeat","background-position":"center center","background-size":"auto","background-attachment":"scroll","background-type":"","background-media":"","overlay-type":"","overlay-color":"","overlay-opacity":"","overlay-gradient":""}},"footnotes":""},"class_list":["post-4477","page","type-page","status-publish","hentry"],"_links":{"self":[{"href":"https:\/\/catholic-su.rs\/hr\/wp-json\/wp\/v2\/pages\/4477","targetHints":{"allow":["GET"]}}],"collection":[{"href":"https:\/\/catholic-su.rs\/hr\/wp-json\/wp\/v2\/pages"}],"about":[{"href":"https:\/\/catholic-su.rs\/hr\/wp-json\/wp\/v2\/types\/page"}],"author":[{"embeddable":true,"href":"https:\/\/catholic-su.rs\/hr\/wp-json\/wp\/v2\/users\/1"}],"replies":[{"embeddable":true,"href":"https:\/\/catholic-su.rs\/hr\/wp-json\/wp\/v2\/comments?post=4477"}],"version-history":[{"count":5,"href":"https:\/\/catholic-su.rs\/hr\/wp-json\/wp\/v2\/pages\/4477\/revisions"}],"predecessor-version":[{"id":46838,"href":"https:\/\/catholic-su.rs\/hr\/wp-json\/wp\/v2\/pages\/4477\/revisions\/46838"}],"wp:attachment":[{"href":"https:\/\/catholic-su.rs\/hr\/wp-json\/wp\/v2\/media?parent=4477"}],"curies":[{"name":"wp","href":"https:\/\/api.w.org\/{rel}","templated":true}]}}