{"id":12089,"date":"2022-03-08T09:47:28","date_gmt":"2022-03-08T09:47:28","guid":{"rendered":"https:\/\/catholic-su.rs\/?page_id=12089"},"modified":"2024-12-04T16:59:39","modified_gmt":"2024-12-04T15:59:39","slug":"dekanat-sombor","status":"publish","type":"page","link":"https:\/\/catholic-su.rs\/hr\/dekanati\/dekanat-sombor\/","title":{"rendered":"Dekanat Sombor"},"content":{"rendered":"\t\t<div data-elementor-type=\"wp-page\" data-elementor-id=\"12089\" class=\"elementor elementor-12089\" data-elementor-post-type=\"page\">\n\t\t\t\t\t\t<section class=\"elementor-section elementor-top-section elementor-element elementor-element-b9ffd25 elementor-section-height-min-height elementor-section-content-middle elementor-section-boxed elementor-section-height-default elementor-section-items-middle\" data-id=\"b9ffd25\" data-element_type=\"section\" data-e-type=\"section\" data-settings=\"{&quot;background_background&quot;:&quot;classic&quot;}\">\n\t\t\t\t\t\t<div class=\"elementor-container elementor-column-gap-default\">\n\t\t\t\t\t<div class=\"elementor-column elementor-col-50 elementor-top-column elementor-element elementor-element-1f3513d\" data-id=\"1f3513d\" data-element_type=\"column\" data-e-type=\"column\">\n\t\t\t<div class=\"elementor-widget-wrap elementor-element-populated\">\n\t\t\t\t\t\t<div class=\"elementor-element elementor-element-7cd43fb elementor-widget elementor-widget-image\" data-id=\"7cd43fb\" data-element_type=\"widget\" data-e-type=\"widget\" data-widget_type=\"image.default\">\n\t\t\t\t<div class=\"elementor-widget-container\">\n\t\t\t\t\t\t\t\t\t\t\t\t\t\t\t\t<a href=\"https:\/\/catholic-su.rs\/hr\/\">\n\t\t\t\t\t\t\t<img decoding=\"async\" width=\"190\" height=\"101\" src=\"https:\/\/catholic-su.rs\/wp-content\/uploads\/2022\/10\/logoi-hr-1-1-1.png\" class=\"attachment-full size-full wp-image-22107\" alt=\"\" \/>\t\t\t\t\t\t\t\t<\/a>\n\t\t\t\t\t\t\t\t\t\t\t\t\t\t\t<\/div>\n\t\t\t\t<\/div>\n\t\t\t\t\t<\/div>\n\t\t<\/div>\n\t\t\t\t<div class=\"elementor-column elementor-col-50 elementor-top-column elementor-element elementor-element-7f10a43\" data-id=\"7f10a43\" data-element_type=\"column\" data-e-type=\"column\">\n\t\t\t<div class=\"elementor-widget-wrap\">\n\t\t\t\t\t\t\t<\/div>\n\t\t<\/div>\n\t\t\t\t\t<\/div>\n\t\t<\/section>\n\t\t\t\t<section class=\"elementor-section elementor-top-section elementor-element elementor-element-f952092 elementor-section-boxed elementor-section-height-default elementor-section-height-default\" data-id=\"f952092\" data-element_type=\"section\" data-e-type=\"section\">\n\t\t\t\t\t\t<div class=\"elementor-container elementor-column-gap-default\">\n\t\t\t\t\t<div class=\"elementor-column elementor-col-100 elementor-top-column elementor-element elementor-element-89613c9\" data-id=\"89613c9\" data-element_type=\"column\" data-e-type=\"column\" data-settings=\"{&quot;background_background&quot;:&quot;classic&quot;}\">\n\t\t\t<div class=\"elementor-widget-wrap elementor-element-populated\">\n\t\t\t\t\t\t<div class=\"elementor-element elementor-element-abc0e9c elementor-widget elementor-widget-heading\" data-id=\"abc0e9c\" data-element_type=\"widget\" data-e-type=\"widget\" data-widget_type=\"heading.default\">\n\t\t\t\t<div class=\"elementor-widget-container\">\n\t\t\t\t\t<h2 class=\"elementor-heading-title elementor-size-default\">Sombor<\/h2>\t\t\t\t<\/div>\n\t\t\t\t<\/div>\n\t\t\t\t\t<\/div>\n\t\t<\/div>\n\t\t\t\t\t<\/div>\n\t\t<\/section>\n\t\t\t\t<section class=\"elementor-section elementor-top-section elementor-element elementor-element-584eade elementor-section-boxed elementor-section-height-default elementor-section-height-default\" data-id=\"584eade\" data-element_type=\"section\" data-e-type=\"section\">\n\t\t\t\t\t\t<div class=\"elementor-container elementor-column-gap-default\">\n\t\t\t\t\t<div class=\"elementor-column elementor-col-100 elementor-top-column elementor-element elementor-element-ff86432\" data-id=\"ff86432\" data-element_type=\"column\" data-e-type=\"column\">\n\t\t\t<div class=\"elementor-widget-wrap elementor-element-populated\">\n\t\t\t\t\t\t<div class=\"elementor-element elementor-element-911be1d uael-equal__height-yes elementor-widget elementor-widget-uael-posts\" data-id=\"911be1d\" data-element_type=\"widget\" data-e-type=\"widget\" data-settings=\"{&quot;classic_slides_to_show&quot;:5,&quot;classic_slides_to_show_tablet&quot;:2,&quot;classic_slides_to_show_mobile&quot;:1,&quot;classic_show_filters&quot;:&quot;no&quot;}\" data-widget_type=\"uael-posts.classic\">\n\t\t\t\t<div class=\"elementor-widget-container\">\n\t\t\t\t\t\t\t<div class=\"uael-post__header\">\n\t\t\t\t\t<\/div>\n\t\t<div class=\"uael-post__body\">\n\t\t\t\n\t\t\n\t\t<div class=\"uael-blog-terms-position- uael-post-image-top uael-post-grid uael-posts\" data-query-type=\"custom\" data-structure=\"normal\" data-layout=\"\" data-page=\"12089\" data-skin=\"classic\" data-filter-default=\"\" data-offset-top=\"30\" >\n\n\t\t\t\t\t\t\t<div class=\"uael-post-grid__inner uael-post__columns-5 uael-post__columns-tablet-2 uael-post__columns-mobile-1\">\n\t\t\t\n<div class=\"uael-post-wrapper   podunavski-arhiprezbiterat sivac somborski-dekanat \u017dupe \">\n\t<div class=\"uael-post__bg-wrap uael-bg-wrap-disabled \">\n\n\t\t\t\t\n\t\t<div class=\"uael-post__inner-wrap uael-inner-wrap-disabled\">\n\n\t\t\t\t<div class=\"uael-post__thumbnail\">\n\t\t\t\n\t\t\t<a href=\"https:\/\/catholic-su.rs\/hr\/ime-marijino-sivac\/\" target=\"_self\" title=\"Ime Marijino &#8211; Sivac\"><img decoding=\"async\" src=\"https:\/\/catholic-su.rs\/wp-content\/uploads\/elementor\/thumbs\/crkve-1-1-rly9zjkui9a3huximb4j886va0xmk16bz9xkvb1mt4.jpg\" title=\"crkve-1\" alt=\"crkve-1\" loading=\"lazy\" \/><\/a>\n\t\t\t\t\t<\/div>\n\t\t\n\t\t\t\n\t\t\t<div class=\"uael-post__content-wrap uael-content-wrap-disabled\">\n\t\t\t\t\t<h3 class=\"uael-post__title\">\n\n\t\t\n\t\t\t\t\t\t<a href=\"https:\/\/catholic-su.rs\/hr\/ime-marijino-sivac\/\" target=\"_self\">\n\t\t\t\tIme Marijino &#8211; Sivac\t\t\t<\/a>\n\n\t\t\t\t<\/h3>\n\t\t\t\t\t<\/div>\n\t\t\t\n\t\t<\/div>\n\t\t\n\t<\/div>\n\n<\/div>\n\n<div class=\"uael-post-wrapper   podunavski-arhiprezbiterat somborski-dekanat stani\u0161i\u0107 \u017dupe \">\n\t<div class=\"uael-post__bg-wrap uael-bg-wrap-disabled \">\n\n\t\t\t\t\n\t\t<div class=\"uael-post__inner-wrap uael-inner-wrap-disabled\">\n\n\t\t\t\t<div class=\"uael-post__thumbnail\">\n\t\t\t\n\t\t\t<a href=\"https:\/\/catholic-su.rs\/hr\/ime-marijino-stanisic\/\" target=\"_self\" title=\"Ime Marijino &#8211; Stani\u0161i\u0107\"><img decoding=\"async\" src=\"https:\/\/catholic-su.rs\/wp-content\/uploads\/elementor\/thumbs\/stanicis-1-rltz2gsad0ojh5y3u347k30dobn0zdkbjayxwy8f5k.jpg\" title=\"stanicis-1\" alt=\"stanicis-1\" loading=\"lazy\" \/><\/a>\n\t\t\t\t\t<\/div>\n\t\t\n\t\t\t\n\t\t\t<div class=\"uael-post__content-wrap uael-content-wrap-disabled\">\n\t\t\t\t\t<h3 class=\"uael-post__title\">\n\n\t\t\n\t\t\t\t\t\t<a href=\"https:\/\/catholic-su.rs\/hr\/ime-marijino-stanisic\/\" target=\"_self\">\n\t\t\t\tIme Marijino &#8211; Stani\u0161i\u0107\t\t\t<\/a>\n\n\t\t\t\t<\/h3>\n\t\t\t\t\t<\/div>\n\t\t\t\n\t\t<\/div>\n\t\t\n\t<\/div>\n\n<\/div>\n\n<div class=\"uael-post-wrapper   podunavski-arhiprezbiterat somborski-dekanat tele\u010dka \u017dupe \">\n\t<div class=\"uael-post__bg-wrap uael-bg-wrap-disabled \">\n\n\t\t\t\t\n\t\t<div class=\"uael-post__inner-wrap uael-inner-wrap-disabled\">\n\n\t\t\t\t<div class=\"uael-post__thumbnail\">\n\t\t\t\n\t\t\t<a href=\"https:\/\/catholic-su.rs\/hr\/kraljica-sv-krunice-telecka\/\" target=\"_self\" title=\"Kraljica sv. Krunice &#8211; Tele\u010dka\"><img decoding=\"async\" src=\"https:\/\/catholic-su.rs\/wp-content\/uploads\/elementor\/thumbs\/telecka-1-rltz6o4axcfpeduaaej57itlbcx4en93s4046i01bs.jpg\" title=\"telecka-1\" alt=\"telecka-1\" loading=\"lazy\" \/><\/a>\n\t\t\t\t\t<\/div>\n\t\t\n\t\t\t\n\t\t\t<div class=\"uael-post__content-wrap uael-content-wrap-disabled\">\n\t\t\t\t\t<h3 class=\"uael-post__title\">\n\n\t\t\n\t\t\t\t\t\t<a href=\"https:\/\/catholic-su.rs\/hr\/kraljica-sv-krunice-telecka\/\" target=\"_self\">\n\t\t\t\tKraljica sv. Krunice &#8211; Tele\u010dka\t\t\t<\/a>\n\n\t\t\t\t<\/h3>\n\t\t\t\t\t<\/div>\n\t\t\t\n\t\t<\/div>\n\t\t\n\t<\/div>\n\n<\/div>\n\n<div class=\"uael-post-wrapper   podunavski-arhiprezbiterat sombor somborski-dekanat \u017dupe \">\n\t<div class=\"uael-post__bg-wrap uael-bg-wrap-disabled \">\n\n\t\t\t\t\n\t\t<div class=\"uael-post__inner-wrap uael-inner-wrap-disabled\">\n\n\t\t\t\t<div class=\"uael-post__thumbnail\">\n\t\t\t\n\t\t\t<a href=\"https:\/\/catholic-su.rs\/hr\/presv-trojstvo-sombor\/\" target=\"_self\" title=\"Presv. Trojstvo &#8211; Sombor\"><img decoding=\"async\" src=\"https:\/\/catholic-su.rs\/wp-content\/uploads\/elementor\/thumbs\/00-7-rltgr4vsgm3vnzntv354kgol2de9qk2fjx5r9ntvp4.jpg\" title=\"00\" alt=\"00\" loading=\"lazy\" \/><\/a>\n\t\t\t\t\t<\/div>\n\t\t\n\t\t\t\n\t\t\t<div class=\"uael-post__content-wrap uael-content-wrap-disabled\">\n\t\t\t\t\t<h3 class=\"uael-post__title\">\n\n\t\t\n\t\t\t\t\t\t<a href=\"https:\/\/catholic-su.rs\/hr\/presv-trojstvo-sombor\/\" target=\"_self\">\n\t\t\t\tPresv. Trojstvo &#8211; Sombor\t\t\t<\/a>\n\n\t\t\t\t<\/h3>\n\t\t\t\t\t<\/div>\n\t\t\t\n\t\t<\/div>\n\t\t\n\t<\/div>\n\n<\/div>\n\n<div class=\"uael-post-wrapper   podunavski-arhiprezbiterat somborski-dekanat svetozar-mileti\u0107 \u017dupe \">\n\t<div class=\"uael-post__bg-wrap uael-bg-wrap-disabled \">\n\n\t\t\t\t\n\t\t<div class=\"uael-post__inner-wrap uael-inner-wrap-disabled\">\n\n\t\t\t\t<div class=\"uael-post__thumbnail\">\n\t\t\t\n\t\t\t<a href=\"https:\/\/catholic-su.rs\/hr\/odenje-bdm-svetozar-miletic\/\" target=\"_self\" title=\"Ro\u0111enje BDM &#8211; Svetozar Mileti\u0107\"><img decoding=\"async\" src=\"https:\/\/catholic-su.rs\/wp-content\/uploads\/elementor\/thumbs\/svetozar-miletic-1-rltz39xa8vsfh2rs3xpn7dno39nelzrzzb6zsj17so.jpg\" title=\"svetozar-miletic-1\" alt=\"svetozar-miletic-1\" loading=\"lazy\" \/><\/a>\n\t\t\t\t\t<\/div>\n\t\t\n\t\t\t\n\t\t\t<div class=\"uael-post__content-wrap uael-content-wrap-disabled\">\n\t\t\t\t\t<h3 class=\"uael-post__title\">\n\n\t\t\n\t\t\t\t\t\t<a href=\"https:\/\/catholic-su.rs\/hr\/odenje-bdm-svetozar-miletic\/\" target=\"_self\">\n\t\t\t\tRo\u0111enje BDM &#8211; Svetozar Mileti\u0107\t\t\t<\/a>\n\n\t\t\t\t<\/h3>\n\t\t\t\t\t<\/div>\n\t\t\t\n\t\t<\/div>\n\t\t\n\t<\/div>\n\n<\/div>\n\n<div class=\"uael-post-wrapper   ba\u010dki-breg podunavski-arhiprezbiterat somborski-dekanat \u017dupe \">\n\t<div class=\"uael-post__bg-wrap uael-bg-wrap-disabled \">\n\n\t\t\t\t\n\t\t<div class=\"uael-post__inner-wrap uael-inner-wrap-disabled\">\n\n\t\t\t\t<div class=\"uael-post__thumbnail\">\n\t\t\t\n\t\t\t<a href=\"https:\/\/catholic-su.rs\/hr\/sv-mihael-arkadneo-backi-breg\/\" target=\"_self\" title=\"Sv. Mihael Arka\u0111neo &#8211; Ba\u010dki Breg\"><img decoding=\"async\" src=\"https:\/\/catholic-su.rs\/wp-content\/uploads\/elementor\/thumbs\/backi-breg-rltz8wyf93id4ukv6dh25yf8ehuosm60r83vgao6go.jpg\" title=\"backi-breg\" alt=\"backi-breg\" loading=\"lazy\" \/><\/a>\n\t\t\t\t\t<\/div>\n\t\t\n\t\t\t\n\t\t\t<div class=\"uael-post__content-wrap uael-content-wrap-disabled\">\n\t\t\t\t\t<h3 class=\"uael-post__title\">\n\n\t\t\n\t\t\t\t\t\t<a href=\"https:\/\/catholic-su.rs\/hr\/sv-mihael-arkadneo-backi-breg\/\" target=\"_self\">\n\t\t\t\tSv. Mihael Arka\u0111neo &#8211; Ba\u010dki Breg\t\t\t<\/a>\n\n\t\t\t\t<\/h3>\n\t\t\t\t\t<\/div>\n\t\t\t\n\t\t<\/div>\n\t\t\n\t<\/div>\n\n<\/div>\n\n<div class=\"uael-post-wrapper   podunavski-arhiprezbiterat sombor somborski-dekanat \u017dupe \">\n\t<div class=\"uael-post__bg-wrap uael-bg-wrap-disabled \">\n\n\t\t\t\t\n\t\t<div class=\"uael-post__inner-wrap uael-inner-wrap-disabled\">\n\n\t\t\t\t<div class=\"uael-post__thumbnail\">\n\t\t\t\n\t\t\t<a href=\"https:\/\/catholic-su.rs\/hr\/sv-nikola-tavelic-sombor\/\" target=\"_self\" title=\"Sv. Nikola Taveli\u0107 &#8211; Sombor\"><img decoding=\"async\" src=\"https:\/\/catholic-su.rs\/wp-content\/uploads\/elementor\/thumbs\/00-6-rlthe6va3bo2fo688jwp858lllrdjalf217i0zn92w.jpg\" title=\"00\" alt=\"00\" loading=\"lazy\" \/><\/a>\n\t\t\t\t\t<\/div>\n\t\t\n\t\t\t\n\t\t\t<div class=\"uael-post__content-wrap uael-content-wrap-disabled\">\n\t\t\t\t\t<h3 class=\"uael-post__title\">\n\n\t\t\n\t\t\t\t\t\t<a href=\"https:\/\/catholic-su.rs\/hr\/sv-nikola-tavelic-sombor\/\" target=\"_self\">\n\t\t\t\tSv. Nikola Taveli\u0107 &#8211; Sombor\t\t\t<\/a>\n\n\t\t\t\t<\/h3>\n\t\t\t\t\t<\/div>\n\t\t\t\n\t\t<\/div>\n\t\t\n\t<\/div>\n\n<\/div>\n\n<div class=\"uael-post-wrapper   ba\u010dki-mono\u0161tor podunavski-arhiprezbiterat somborski-dekanat \u017dupe \">\n\t<div class=\"uael-post__bg-wrap uael-bg-wrap-disabled \">\n\n\t\t\t\t\n\t\t<div class=\"uael-post__inner-wrap uael-inner-wrap-disabled\">\n\n\t\t\t\t<div class=\"uael-post__thumbnail\">\n\t\t\t\n\t\t\t<a href=\"https:\/\/catholic-su.rs\/hr\/sv-petar-i-pavao-backi-monostor\/\" target=\"_self\" title=\"Sv. Petar i Pavao &#8211; Ba\u010dki Mono\u0161tor\"><img decoding=\"async\" src=\"https:\/\/catholic-su.rs\/wp-content\/uploads\/elementor\/thumbs\/backi-monostor-1-rly9r314zxp7077w0nhesd1it6mpa3latek9dnl6t4.jpg\" title=\"backi-monostor-1\" alt=\"backi-monostor-1\" loading=\"lazy\" \/><\/a>\n\t\t\t\t\t<\/div>\n\t\t\n\t\t\t\n\t\t\t<div class=\"uael-post__content-wrap uael-content-wrap-disabled\">\n\t\t\t\t\t<h3 class=\"uael-post__title\">\n\n\t\t\n\t\t\t\t\t\t<a href=\"https:\/\/catholic-su.rs\/hr\/sv-petar-i-pavao-backi-monostor\/\" target=\"_self\">\n\t\t\t\tSv. Petar i Pavao &#8211; Ba\u010dki Mono\u0161tor\t\t\t<\/a>\n\n\t\t\t\t<\/h3>\n\t\t\t\t\t<\/div>\n\t\t\t\n\t\t<\/div>\n\t\t\n\t<\/div>\n\n<\/div>\n\n<div class=\"uael-post-wrapper   bezdan podunavski-arhiprezbiterat somborski-dekanat \u017dupe \">\n\t<div class=\"uael-post__bg-wrap uael-bg-wrap-disabled \">\n\n\t\t\t\t\n\t\t<div class=\"uael-post__inner-wrap uael-inner-wrap-disabled\">\n\n\t\t\t\t<div class=\"uael-post__thumbnail\">\n\t\t\t\n\t\t\t<a href=\"https:\/\/catholic-su.rs\/hr\/sv-simun-i-juda-tadej-bezdan\/\" target=\"_self\" title=\"Sv. \u0160imun i Juda Tadej &#8211; Bezdan\"><img decoding=\"async\" src=\"https:\/\/catholic-su.rs\/wp-content\/uploads\/elementor\/thumbs\/crkve-1-rlya8ccghfbq6g5e8m1t2i97gvkbm13vits7ljzyk8.jpg\" title=\"crkve.jpg\" alt=\"crkve.jpg\" loading=\"lazy\" \/><\/a>\n\t\t\t\t\t<\/div>\n\t\t\n\t\t\t\n\t\t\t<div class=\"uael-post__content-wrap uael-content-wrap-disabled\">\n\t\t\t\t\t<h3 class=\"uael-post__title\">\n\n\t\t\n\t\t\t\t\t\t<a href=\"https:\/\/catholic-su.rs\/hr\/sv-simun-i-juda-tadej-bezdan\/\" target=\"_self\">\n\t\t\t\tSv. \u0160imun i Juda Tadej &#8211; Bezdan\t\t\t<\/a>\n\n\t\t\t\t<\/h3>\n\t\t\t\t\t<\/div>\n\t\t\t\n\t\t<\/div>\n\t\t\n\t<\/div>\n\n<\/div>\n\n<div class=\"uael-post-wrapper   \u010conoplja podunavski-arhiprezbiterat somborski-dekanat \u017dupe \">\n\t<div class=\"uael-post__bg-wrap uael-bg-wrap-disabled \">\n\n\t\t\t\t\n\t\t<div class=\"uael-post__inner-wrap uael-inner-wrap-disabled\">\n\n\t\t\t\t<div class=\"uael-post__thumbnail\">\n\t\t\t\n\t\t\t<a href=\"https:\/\/catholic-su.rs\/hr\/svi-sveti-conoplja\/\" target=\"_self\" title=\"Svi Sveti &#8211; \u010conoplja\"><img decoding=\"async\" src=\"https:\/\/catholic-su.rs\/wp-content\/uploads\/elementor\/thumbs\/conoplja-1-rly9lkp6xw5oyh7z6rr4o939gvs95ypxq4wt49r9a0.jpg\" title=\"conoplja-1\" alt=\"conoplja-1\" loading=\"lazy\" \/><\/a>\n\t\t\t\t\t<\/div>\n\t\t\n\t\t\t\n\t\t\t<div class=\"uael-post__content-wrap uael-content-wrap-disabled\">\n\t\t\t\t\t<h3 class=\"uael-post__title\">\n\n\t\t\n\t\t\t\t\t\t<a href=\"https:\/\/catholic-su.rs\/hr\/svi-sveti-conoplja\/\" target=\"_self\">\n\t\t\t\tSvi Sveti &#8211; \u010conoplja\t\t\t<\/a>\n\n\t\t\t\t<\/h3>\n\t\t\t\t\t<\/div>\n\t\t\t\n\t\t<\/div>\n\t\t\n\t<\/div>\n\n<\/div>\n\n<div class=\"uael-post-wrapper   podunavski-arhiprezbiterat ri\u0111ica somborski-dekanat \u017dupe \">\n\t<div class=\"uael-post__bg-wrap uael-bg-wrap-disabled \">\n\n\t\t\t\t\n\t\t<div class=\"uael-post__inner-wrap uael-inner-wrap-disabled\">\n\n\t\t\t\t<div class=\"uael-post__thumbnail\">\n\t\t\t\n\t\t\t<a href=\"https:\/\/catholic-su.rs\/hr\/uzasasce-gospodinovo-ridica\/\" target=\"_self\" title=\"Uza\u0161a\u0161\u0107e Gospodinovo &#8211; Ri\u0111ica\"><img decoding=\"async\" src=\"https:\/\/catholic-su.rs\/wp-content\/uploads\/elementor\/thumbs\/ridjica-rltz16q724xho9t0b17hnwmskfy1i7hh0z05ee4pmg.jpg\" title=\"ridjica\" alt=\"ridjica\" loading=\"lazy\" \/><\/a>\n\t\t\t\t\t<\/div>\n\t\t\n\t\t\t\n\t\t\t<div class=\"uael-post__content-wrap uael-content-wrap-disabled\">\n\t\t\t\t\t<h3 class=\"uael-post__title\">\n\n\t\t\n\t\t\t\t\t\t<a href=\"https:\/\/catholic-su.rs\/hr\/uzasasce-gospodinovo-ridica\/\" target=\"_self\">\n\t\t\t\tUza\u0161a\u0161\u0107e Gospodinovo &#8211; Ri\u0111ica\t\t\t<\/a>\n\n\t\t\t\t<\/h3>\n\t\t\t\t\t<\/div>\n\t\t\t\n\t\t<\/div>\n\t\t\n\t<\/div>\n\n<\/div>\n\n<div class=\"uael-post-wrapper   podunavski-arhiprezbiterat sombor somborski-dekanat \u017dupe \">\n\t<div class=\"uael-post__bg-wrap uael-bg-wrap-disabled \">\n\n\t\t\t\t\n\t\t<div class=\"uael-post__inner-wrap uael-inner-wrap-disabled\">\n\n\t\t\t\t<div class=\"uael-post__thumbnail\">\n\t\t\t\n\t\t\t<a href=\"https:\/\/catholic-su.rs\/hr\/uzvisenje-sv-kriza-sombor\/\" target=\"_self\" title=\"Uzvi\u0161enje sv. Kri\u017ea &#8211; Sombor\"><img decoding=\"async\" src=\"https:\/\/catholic-su.rs\/wp-content\/uploads\/elementor\/thumbs\/00-7-rltgr4vsgm3vnzntv354kgol2de9qk2fjx5r9ntvp4.jpg\" title=\"00\" alt=\"00\" loading=\"lazy\" \/><\/a>\n\t\t\t\t\t<\/div>\n\t\t\n\t\t\t\n\t\t\t<div class=\"uael-post__content-wrap uael-content-wrap-disabled\">\n\t\t\t\t\t<h3 class=\"uael-post__title\">\n\n\t\t\n\t\t\t\t\t\t<a href=\"https:\/\/catholic-su.rs\/hr\/uzvisenje-sv-kriza-sombor\/\" target=\"_self\">\n\t\t\t\tUzvi\u0161enje sv. Kri\u017ea &#8211; Sombor\t\t\t<\/a>\n\n\t\t\t\t<\/h3>\n\t\t\t\t\t<\/div>\n\t\t\t\n\t\t<\/div>\n\t\t\n\t<\/div>\n\n<\/div>\n\t\t\t\t<\/div>\n\t\t\t\t\t\t\n\t\t<\/div>\n\n\t\t\t\t\t\t<\/div>\n\t\t<div class=\"uael-post__footer\">\n\t\t\t\t\t<\/div>\n\t\t\t\t\t\t<\/div>\n\t\t\t\t<\/div>\n\t\t\t\t\t<\/div>\n\t\t<\/div>\n\t\t\t\t\t<\/div>\n\t\t<\/section>\n\t\t\t\t<\/div>\n\t\t","protected":false},"excerpt":{"rendered":"<p> [&hellip;]<\/p>\n","protected":false},"author":1,"featured_media":0,"parent":2376,"menu_order":0,"comment_status":"closed","ping_status":"closed","template":"","meta":{"site-sidebar-layout":"no-sidebar","site-content-layout":"page-builder","ast-site-content-layout":"full-width-container","site-content-style":"unboxed","site-sidebar-style":"unboxed","ast-global-header-display":"","ast-banner-title-visibility":"","ast-main-header-display":"","ast-hfb-above-header-display":"","ast-hfb-below-header-display":"","ast-hfb-mobile-header-display":"","site-post-title":"disabled","ast-breadcrumbs-content":"","ast-featured-img":"disabled","footer-sml-layout":"","ast-disable-related-posts":"","theme-transparent-header-meta":"default","adv-header-id-meta":"","stick-header-meta":"","header-above-stick-meta":"","header-main-stick-meta":"","header-below-stick-meta":"","astra-migrate-meta-layouts":"set","ast-page-background-enabled":"default","ast-page-background-meta":{"desktop":{"background-color":"","background-image":"","background-repeat":"repeat","background-position":"center center","background-size":"auto","background-attachment":"scroll","background-type":"","background-media":"","overlay-type":"","overlay-color":"","overlay-opacity":"","overlay-gradient":""},"tablet":{"background-color":"","background-image":"","background-repeat":"repeat","background-position":"center center","background-size":"auto","background-attachment":"scroll","background-type":"","background-media":"","overlay-type":"","overlay-color":"","overlay-opacity":"","overlay-gradient":""},"mobile":{"background-color":"","background-image":"","background-repeat":"repeat","background-position":"center center","background-size":"auto","background-attachment":"scroll","background-type":"","background-media":"","overlay-type":"","overlay-color":"","overlay-opacity":"","overlay-gradient":""}},"ast-content-background-meta":{"desktop":{"background-color":"var(--ast-global-color-5)","background-image":"","background-repeat":"repeat","background-position":"center center","background-size":"auto","background-attachment":"scroll","background-type":"","background-media":"","overlay-type":"","overlay-color":"","overlay-opacity":"","overlay-gradient":""},"tablet":{"background-color":"var(--ast-global-color-5)","background-image":"","background-repeat":"repeat","background-position":"center center","background-size":"auto","background-attachment":"scroll","background-type":"","background-media":"","overlay-type":"","overlay-color":"","overlay-opacity":"","overlay-gradient":""},"mobile":{"background-color":"var(--ast-global-color-5)","background-image":"","background-repeat":"repeat","background-position":"center center","background-size":"auto","background-attachment":"scroll","background-type":"","background-media":"","overlay-type":"","overlay-color":"","overlay-opacity":"","overlay-gradient":""}},"footnotes":""},"class_list":["post-12089","page","type-page","status-publish","hentry"],"_links":{"self":[{"href":"https:\/\/catholic-su.rs\/hr\/wp-json\/wp\/v2\/pages\/12089","targetHints":{"allow":["GET"]}}],"collection":[{"href":"https:\/\/catholic-su.rs\/hr\/wp-json\/wp\/v2\/pages"}],"about":[{"href":"https:\/\/catholic-su.rs\/hr\/wp-json\/wp\/v2\/types\/page"}],"author":[{"embeddable":true,"href":"https:\/\/catholic-su.rs\/hr\/wp-json\/wp\/v2\/users\/1"}],"replies":[{"embeddable":true,"href":"https:\/\/catholic-su.rs\/hr\/wp-json\/wp\/v2\/comments?post=12089"}],"version-history":[{"count":5,"href":"https:\/\/catholic-su.rs\/hr\/wp-json\/wp\/v2\/pages\/12089\/revisions"}],"predecessor-version":[{"id":41752,"href":"https:\/\/catholic-su.rs\/hr\/wp-json\/wp\/v2\/pages\/12089\/revisions\/41752"}],"up":[{"embeddable":true,"href":"https:\/\/catholic-su.rs\/hr\/wp-json\/wp\/v2\/pages\/2376"}],"wp:attachment":[{"href":"https:\/\/catholic-su.rs\/hr\/wp-json\/wp\/v2\/media?parent=12089"}],"curies":[{"name":"wp","href":"https:\/\/api.w.org\/{rel}","templated":true}]}}